{"id":614717,"date":"2025-06-13T10:59:42","date_gmt":"2025-06-13T07:59:42","guid":{"rendered":"https:\/\/nextsnkr.com\/product\/air-force-1-mini-swoosh-lime-light-najk-svetytsia-v-temnote\/"},"modified":"2026-02-01T13:06:56","modified_gmt":"2026-02-01T10:06:56","slug":"air-force-1-mini-swoosh-lime-light-najk-svetytsia-v-temnote","status":"publish","type":"product","link":"https:\/\/nextsnkr.com\/no\/produkt\/air-force-1-mini-swoosh-lime-light-najk-svetytsia-v-temnote\/","title":{"rendered":"Air Force 1 Mini Swoosh Lime Lette Joggesko-Glow-In-the-dark Skinn"},"content":{"rendered":"<h2>Air Force 1 Mini Swoosh Lime Lette Joggesko-Glow-In-the-dark Skinn<\/h2>\n<p>&nbsp;<\/p>\n<p>Air Force 1 Mini Swoosh Lime Lette joggesko fra Nike-merket er laget av skinn av h\u00f8y kvalitet og har en stilig kalkskygge. Den spesielle egenskapen til modellen er gl\u00f8den av logoen i m\u00f8rket, noe som gir lysstyrke og personlighet til bildet. Den komfortable passformen og p\u00e5litelige ytters\u00e5len sikrer komfort under daglig bruk. Et ideelt valg for de som setter pris p\u00e5 merkevare, kvalitet, moderne design og spektakul\u00e6r stil.<\/p>\n","protected":false},"excerpt":{"rendered":"<p>Air Force 1 Mini Swoosh Lime Lette joggesko fra Nike-merket er laget av skinn av h\u00f8y kvalitet og har en stilig kalkskygge. Den spesielle egenskapen til modellen er gl\u00f8den av logoen i m\u00f8rket, noe som gir lysstyrke og personlighet til bildet. Den komfortable passformen og p\u00e5litelige ytters\u00e5len sikrer komfort under daglig bruk. Et ideelt valg for de som setter pris p\u00e5 merkevare, kvalitet, moderne design og spektakul\u00e6r stil.<\/p>\n","protected":false},"featured_media":614720,"comment_status":"open","ping_status":"open","template":"","meta":[],"product_brand":[],"product_cat":[3277,3324],"product_tag":[],"class_list":{"0":"post-614717","1":"product","2":"type-product","3":"status-publish","4":"has-post-thumbnail","6":"product_cat-all-product","7":"product_cat-kedy","8":"pa_rozmir-910","9":"pa_rozmir-912","10":"pa_rozmir-914","11":"pa_rozmir-915","12":"pa_rozmir-916","13":"pa_rozmir-917","14":"pa_rozmir-918","15":"pa_rozmir-919","16":"pa_rozmir-920","17":"pa_rozmir-921","18":"pa_rozmir-922","20":"first","21":"onbackorder","22":"purchasable","23":"product-type-variable"},"_links":{"self":[{"href":"https:\/\/nextsnkr.com\/no\/wp-json\/wp\/v2\/product\/614717","targetHints":{"allow":["GET"]}}],"collection":[{"href":"https:\/\/nextsnkr.com\/no\/wp-json\/wp\/v2\/product"}],"about":[{"href":"https:\/\/nextsnkr.com\/no\/wp-json\/wp\/v2\/types\/product"}],"replies":[{"embeddable":true,"href":"https:\/\/nextsnkr.com\/no\/wp-json\/wp\/v2\/comments?post=614717"}],"version-history":[{"count":0,"href":"https:\/\/nextsnkr.com\/no\/wp-json\/wp\/v2\/product\/614717\/revisions"}],"wp:featuredmedia":[{"embeddable":true,"href":"https:\/\/nextsnkr.com\/no\/wp-json\/wp\/v2\/media\/614720"}],"wp:attachment":[{"href":"https:\/\/nextsnkr.com\/no\/wp-json\/wp\/v2\/media?parent=614717"}],"wp:term":[{"taxonomy":"product_brand","embeddable":true,"href":"https:\/\/nextsnkr.com\/no\/wp-json\/wp\/v2\/product_brand?post=614717"},{"taxonomy":"product_cat","embeddable":true,"href":"https:\/\/nextsnkr.com\/no\/wp-json\/wp\/v2\/product_cat?post=614717"},{"taxonomy":"product_tag","embeddable":true,"href":"https:\/\/nextsnkr.com\/no\/wp-json\/wp\/v2\/product_tag?post=614717"}],"curies":[{"name":"wp","href":"https:\/\/api.w.org\/{rel}","templated":true}]}}