{"id":614457,"date":"2025-06-14T15:46:02","date_gmt":"2025-06-14T12:46:02","guid":{"rendered":"https:\/\/nextsnkr.com\/product\/blcg-slippers-leopard\/"},"modified":"2026-02-01T13:06:52","modified_gmt":"2026-02-01T10:06:52","slug":"blcg-slippers-leopard","status":"publish","type":"product","link":"https:\/\/nextsnkr.com\/no\/produkt\/blcg-slippers-leopard\/","title":{"rendered":"BLCG T\u00f8fler Leopard Sandaler-pels t\u00f8fler for kvinner"},"content":{"rendered":"<h2>BLCG T\u00f8fler Leopard Sandaler-pels t\u00f8fler for kvinner<\/h2>\n<p>&nbsp;<\/p>\n<p>BLCG Slippers Leopard sandaler er komfortable og stilige t\u00f8fler laget av myk pels, som gir varme og behagelige opplevelser for f\u00f8ttene. Det lyse leopardtrykket gir en fasjonabel aksent selv i et uformelt hjem. Den lette s\u00e5len garanterer komfort mens du g\u00e5r rundt i huset, og design av h\u00f8y kvalitet fra produsenten fra Kina sikrer holdbarhet. Velg Blcg Leopard T\u00f8fler for en kombinasjon av hygge, komfort og stilig design.<\/p>\n","protected":false},"excerpt":{"rendered":"<p>BLCG Slippers Leopard sandaler er komfortable og stilige t\u00f8fler laget av myk pels, som gir varme og behagelige opplevelser for f\u00f8ttene. Det lyse leopardtrykket gir en fasjonabel aksent selv i et uformelt hjem. Den lette s\u00e5len garanterer komfort mens du g\u00e5r rundt i huset, og design av h\u00f8y kvalitet fra produsenten fra Kina sikrer holdbarhet. Velg Blcg Leopard T\u00f8fler for en kombinasjon av hygge, komfort og stilig design.<\/p>\n","protected":false},"featured_media":614461,"comment_status":"open","ping_status":"open","template":"","meta":[],"product_brand":[],"product_cat":[3277,3453],"product_tag":[],"class_list":{"0":"post-614457","1":"product","2":"type-product","3":"status-publish","4":"has-post-thumbnail","6":"product_cat-all-product","7":"product_cat-sandali","8":"pa_rozmir-910","9":"pa_rozmir-912","10":"pa_rozmir-914","11":"pa_rozmir-915","12":"pa_rozmir-916","13":"pa_rozmir-917","14":"pa_rozmir-918","15":"pa_rozmir-919","16":"pa_rozmir-920","17":"pa_rozmir-921","18":"pa_rozmir-922","20":"first","21":"onbackorder","22":"purchasable","23":"product-type-variable"},"_links":{"self":[{"href":"https:\/\/nextsnkr.com\/no\/wp-json\/wp\/v2\/product\/614457","targetHints":{"allow":["GET"]}}],"collection":[{"href":"https:\/\/nextsnkr.com\/no\/wp-json\/wp\/v2\/product"}],"about":[{"href":"https:\/\/nextsnkr.com\/no\/wp-json\/wp\/v2\/types\/product"}],"replies":[{"embeddable":true,"href":"https:\/\/nextsnkr.com\/no\/wp-json\/wp\/v2\/comments?post=614457"}],"version-history":[{"count":0,"href":"https:\/\/nextsnkr.com\/no\/wp-json\/wp\/v2\/product\/614457\/revisions"}],"wp:featuredmedia":[{"embeddable":true,"href":"https:\/\/nextsnkr.com\/no\/wp-json\/wp\/v2\/media\/614461"}],"wp:attachment":[{"href":"https:\/\/nextsnkr.com\/no\/wp-json\/wp\/v2\/media?parent=614457"}],"wp:term":[{"taxonomy":"product_brand","embeddable":true,"href":"https:\/\/nextsnkr.com\/no\/wp-json\/wp\/v2\/product_brand?post=614457"},{"taxonomy":"product_cat","embeddable":true,"href":"https:\/\/nextsnkr.com\/no\/wp-json\/wp\/v2\/product_cat?post=614457"},{"taxonomy":"product_tag","embeddable":true,"href":"https:\/\/nextsnkr.com\/no\/wp-json\/wp\/v2\/product_tag?post=614457"}],"curies":[{"name":"wp","href":"https:\/\/api.w.org\/{rel}","templated":true}]}}