{"id":613540,"date":"2025-06-13T10:59:19","date_gmt":"2025-06-13T07:59:19","guid":{"rendered":"https:\/\/nextsnkr.com\/product\/nike-air-force-1-07lv8-ultra-hight-white\/"},"modified":"2026-02-01T13:06:02","modified_gmt":"2026-02-01T10:06:02","slug":"nike-air-force-1-07lv8-ultra-hight-white","status":"publish","type":"product","link":"https:\/\/nextsnkr.com\/no\/produkt\/nike-air-force-1-07lv8-ultra-hight-white\/","title":{"rendered":"Nike Air Force 1&#8217;07 Lv8 Ultra H\u00f8ye Hvite Skinn Sneakers-stil og komfort"},"content":{"rendered":"<h2>Nike Air Force 1&#8217;07 Lv8 Ultra H\u00f8ye Hvite Skinn Sneakers-stil og komfort<\/h2>\n<p>&nbsp;<\/p>\n<p>Nike Air Force 1 &#8216; 07 Lv8 Ultra High White sneakers er laget av ekte l\u00e6r av h\u00f8y kvalitet, som garanterer holdbarhet, komfort og holdbarhet. Den h\u00f8ye silhuetten av modellen gir p\u00e5litelig ankelst\u00f8tte, og den klassiske hvite fargen gj\u00f8r joggeskoene allsidige for enhver stil. Laget I Vietnam, kombinerer de legendarisk design og moderne teknologi for hverdagsbruk. Velg kvalitet og komfort fra Nike-merket.<\/p>\n","protected":false},"excerpt":{"rendered":"<p>Nike Air Force 1 &#8216; 07 Lv8 Ultra High White sneakers er laget av ekte l\u00e6r av h\u00f8y kvalitet, som garanterer holdbarhet, komfort og holdbarhet. Den h\u00f8ye silhuetten av modellen gir p\u00e5litelig ankelst\u00f8tte, og den klassiske hvite fargen gj\u00f8r joggeskoene allsidige for enhver stil. Laget I Vietnam, kombinerer de legendarisk design og moderne teknologi for hverdagsbruk. Velg kvalitet og komfort fra Nike-merket.<\/p>\n","protected":false},"featured_media":613547,"comment_status":"open","ping_status":"open","template":"","meta":[],"product_brand":[],"product_cat":[3277,3324],"product_tag":[],"class_list":{"0":"post-613540","1":"product","2":"type-product","3":"status-publish","4":"has-post-thumbnail","6":"product_cat-all-product","7":"product_cat-kedy","8":"pa_rozmir-910","9":"pa_rozmir-912","10":"pa_rozmir-914","11":"pa_rozmir-915","12":"pa_rozmir-916","13":"pa_rozmir-917","14":"pa_rozmir-918","15":"pa_rozmir-919","16":"pa_rozmir-920","17":"pa_rozmir-921","18":"pa_rozmir-922","20":"first","21":"onbackorder","22":"purchasable","23":"product-type-variable"},"_links":{"self":[{"href":"https:\/\/nextsnkr.com\/no\/wp-json\/wp\/v2\/product\/613540","targetHints":{"allow":["GET"]}}],"collection":[{"href":"https:\/\/nextsnkr.com\/no\/wp-json\/wp\/v2\/product"}],"about":[{"href":"https:\/\/nextsnkr.com\/no\/wp-json\/wp\/v2\/types\/product"}],"replies":[{"embeddable":true,"href":"https:\/\/nextsnkr.com\/no\/wp-json\/wp\/v2\/comments?post=613540"}],"version-history":[{"count":0,"href":"https:\/\/nextsnkr.com\/no\/wp-json\/wp\/v2\/product\/613540\/revisions"}],"wp:featuredmedia":[{"embeddable":true,"href":"https:\/\/nextsnkr.com\/no\/wp-json\/wp\/v2\/media\/613547"}],"wp:attachment":[{"href":"https:\/\/nextsnkr.com\/no\/wp-json\/wp\/v2\/media?parent=613540"}],"wp:term":[{"taxonomy":"product_brand","embeddable":true,"href":"https:\/\/nextsnkr.com\/no\/wp-json\/wp\/v2\/product_brand?post=613540"},{"taxonomy":"product_cat","embeddable":true,"href":"https:\/\/nextsnkr.com\/no\/wp-json\/wp\/v2\/product_cat?post=613540"},{"taxonomy":"product_tag","embeddable":true,"href":"https:\/\/nextsnkr.com\/no\/wp-json\/wp\/v2\/product_tag?post=613540"}],"curies":[{"name":"wp","href":"https:\/\/api.w.org\/{rel}","templated":true}]}}