{"id":613118,"date":"2025-06-13T11:00:01","date_gmt":"2025-06-13T08:00:01","guid":{"rendered":"https:\/\/nextsnkr.com\/product\/nike-air-force-1-07-white-premium\/"},"modified":"2026-02-01T13:05:53","modified_gmt":"2026-02-01T10:05:53","slug":"nike-air-force-1-07-white-premium","status":"publish","type":"product","link":"https:\/\/nextsnkr.com\/no\/produkt\/nike-air-force-1-07-white-premium\/","title":{"rendered":"Nike Air Force 1&#8217;07 Hvit Premium Sneakers-klassiske l\u00e6r sneakers"},"content":{"rendered":"<h2>Nike Air Force 1&#8217;07 Hvit Premium Sneakers-klassiske l\u00e6r sneakers<\/h2>\n<p>&nbsp;<\/p>\n<p>Nike Air Force 1 &#8216; 07 White Premium joggesko er laget av ekte skinn av h\u00f8y kvalitet, som sikrer holdbarhet og komfort under daglig bruk. Den klassiske hvite designen gj\u00f8r modellen allsidig og enkel \u00e5 kombinere med enhver stil. Den p\u00e5litelige ytters\u00e5len garanterer demping og komfort mens du g\u00e5r, og materialets f\u00f8rsteklasses kvalitet understreker Statusen Til Nike-merket. Velg Air Force 1&#8217;07 White Premium for stilige, komfortable og praktiske sko for hver dag.<\/p>\n","protected":false},"excerpt":{"rendered":"<p>Nike Air Force 1 &#8216; 07 White Premium joggesko er laget av ekte skinn av h\u00f8y kvalitet, som sikrer holdbarhet og komfort under daglig bruk. Den klassiske hvite designen gj\u00f8r modellen allsidig og enkel \u00e5 kombinere med enhver stil. Den p\u00e5litelige ytters\u00e5len garanterer demping og komfort mens du g\u00e5r, og materialets f\u00f8rsteklasses kvalitet understreker Statusen Til Nike-merket. Velg Air Force 1&#8217;07 White Premium for stilige, komfortable og praktiske sko for hver dag.<\/p>\n","protected":false},"featured_media":613122,"comment_status":"open","ping_status":"open","template":"","meta":[],"product_brand":[],"product_cat":[3277,3324],"product_tag":[],"class_list":{"0":"post-613118","1":"product","2":"type-product","3":"status-publish","4":"has-post-thumbnail","6":"product_cat-all-product","7":"product_cat-kedy","8":"pa_rozmir-910","9":"pa_rozmir-912","10":"pa_rozmir-914","11":"pa_rozmir-915","12":"pa_rozmir-916","13":"pa_rozmir-917","14":"pa_rozmir-918","15":"pa_rozmir-919","16":"pa_rozmir-920","17":"pa_rozmir-921","18":"pa_rozmir-922","20":"first","21":"instock","22":"purchasable","23":"product-type-variable"},"_links":{"self":[{"href":"https:\/\/nextsnkr.com\/no\/wp-json\/wp\/v2\/product\/613118","targetHints":{"allow":["GET"]}}],"collection":[{"href":"https:\/\/nextsnkr.com\/no\/wp-json\/wp\/v2\/product"}],"about":[{"href":"https:\/\/nextsnkr.com\/no\/wp-json\/wp\/v2\/types\/product"}],"replies":[{"embeddable":true,"href":"https:\/\/nextsnkr.com\/no\/wp-json\/wp\/v2\/comments?post=613118"}],"version-history":[{"count":0,"href":"https:\/\/nextsnkr.com\/no\/wp-json\/wp\/v2\/product\/613118\/revisions"}],"wp:featuredmedia":[{"embeddable":true,"href":"https:\/\/nextsnkr.com\/no\/wp-json\/wp\/v2\/media\/613122"}],"wp:attachment":[{"href":"https:\/\/nextsnkr.com\/no\/wp-json\/wp\/v2\/media?parent=613118"}],"wp:term":[{"taxonomy":"product_brand","embeddable":true,"href":"https:\/\/nextsnkr.com\/no\/wp-json\/wp\/v2\/product_brand?post=613118"},{"taxonomy":"product_cat","embeddable":true,"href":"https:\/\/nextsnkr.com\/no\/wp-json\/wp\/v2\/product_cat?post=613118"},{"taxonomy":"product_tag","embeddable":true,"href":"https:\/\/nextsnkr.com\/no\/wp-json\/wp\/v2\/product_tag?post=613118"}],"curies":[{"name":"wp","href":"https:\/\/api.w.org\/{rel}","templated":true}]}}