{"id":611502,"date":"2025-06-23T08:43:24","date_gmt":"2025-06-23T05:43:24","guid":{"rendered":"https:\/\/nextsnkr.com\/product\/gazelle-blue\/"},"modified":"2026-02-01T13:04:59","modified_gmt":"2026-02-01T10:04:59","slug":"gazelle-blue","status":"publish","type":"product","link":"https:\/\/nextsnkr.com\/no\/produkt\/gazelle-blue\/","title":{"rendered":"Gazelle Bl\u00e5 suede sneakers, stilig og behagelig for daglig bruk"},"content":{"rendered":"<h2>Gazelle Bl\u00e5 suede sneakers, stilig og behagelig for daglig bruk<\/h2>\n<p>&nbsp;<\/p>\n<p>Gazelle Blue stilige joggesko er laget av semsket skinn av h\u00f8y kvalitet, som sikrer holdbarhet og komfort under daglig bruk. Den lette og komfortable s\u00e5len garanterer komfort n\u00e5r du g\u00e5r, og den knallbl\u00e5 fargen understreker individuell stil. Et ideelt valg for turg\u00e5ing, urbane bilder og utend\u00f8rsaktiviteter. Velg kvalitet og komfort Fra Merket Gazelle.<\/p>\n","protected":false},"excerpt":{"rendered":"<p>Gazelle Blue stilige joggesko er laget av semsket skinn av h\u00f8y kvalitet, som sikrer holdbarhet og komfort under daglig bruk. Den lette og komfortable s\u00e5len garanterer komfort n\u00e5r du g\u00e5r, og den knallbl\u00e5 fargen understreker individuell stil. Et ideelt valg for turg\u00e5ing, urbane bilder og utend\u00f8rsaktiviteter. Velg kvalitet og komfort Fra Merket Gazelle.<\/p>\n","protected":false},"featured_media":611503,"comment_status":"open","ping_status":"open","template":"","meta":[],"product_brand":[],"product_cat":[3277,3324],"product_tag":[],"class_list":{"0":"post-611502","1":"product","2":"type-product","3":"status-publish","4":"has-post-thumbnail","6":"product_cat-all-product","7":"product_cat-kedy","8":"pa_rozmir-910","9":"pa_rozmir-912","10":"pa_rozmir-914","11":"pa_rozmir-915","12":"pa_rozmir-916","13":"pa_rozmir-917","14":"pa_rozmir-918","15":"pa_rozmir-919","16":"pa_rozmir-920","17":"pa_rozmir-921","18":"pa_rozmir-922","20":"first","21":"onbackorder","22":"purchasable","23":"product-type-variable"},"_links":{"self":[{"href":"https:\/\/nextsnkr.com\/no\/wp-json\/wp\/v2\/product\/611502","targetHints":{"allow":["GET"]}}],"collection":[{"href":"https:\/\/nextsnkr.com\/no\/wp-json\/wp\/v2\/product"}],"about":[{"href":"https:\/\/nextsnkr.com\/no\/wp-json\/wp\/v2\/types\/product"}],"replies":[{"embeddable":true,"href":"https:\/\/nextsnkr.com\/no\/wp-json\/wp\/v2\/comments?post=611502"}],"version-history":[{"count":0,"href":"https:\/\/nextsnkr.com\/no\/wp-json\/wp\/v2\/product\/611502\/revisions"}],"wp:featuredmedia":[{"embeddable":true,"href":"https:\/\/nextsnkr.com\/no\/wp-json\/wp\/v2\/media\/611503"}],"wp:attachment":[{"href":"https:\/\/nextsnkr.com\/no\/wp-json\/wp\/v2\/media?parent=611502"}],"wp:term":[{"taxonomy":"product_brand","embeddable":true,"href":"https:\/\/nextsnkr.com\/no\/wp-json\/wp\/v2\/product_brand?post=611502"},{"taxonomy":"product_cat","embeddable":true,"href":"https:\/\/nextsnkr.com\/no\/wp-json\/wp\/v2\/product_cat?post=611502"},{"taxonomy":"product_tag","embeddable":true,"href":"https:\/\/nextsnkr.com\/no\/wp-json\/wp\/v2\/product_tag?post=611502"}],"curies":[{"name":"wp","href":"https:\/\/api.w.org\/{rel}","templated":true}]}}