{"id":610654,"date":"2025-06-23T08:50:15","date_gmt":"2025-06-23T05:50:15","guid":{"rendered":"https:\/\/nextsnkr.com\/product\/drop-step\/"},"modified":"2026-02-01T13:04:25","modified_gmt":"2026-02-01T10:04:25","slug":"drop-step","status":"publish","type":"product","link":"https:\/\/nextsnkr.com\/no\/produkt\/drop-step\/","title":{"rendered":"Drop Step l\u00e6r og tekstil joggesko for daglig slitasje"},"content":{"rendered":"<h2>Drop Step l\u00e6r og tekstil joggesko for daglig slitasje<\/h2>\n<p>&nbsp;<\/p>\n<p>Drop Step sneakers er laget av l\u00e6r og tekstiler av h\u00f8y kvalitet, noe som gir komfort, pusteevne og holdbarhet. Ideell for daglig bruk og utend\u00f8rsaktiviteter, som kombinerer stilig design og p\u00e5litelig fotst\u00f8tte. \u00c5 velge Et Dr\u00e5petrinn garanterer bekvemmelighet og et moderne utseende i enhver situasjon.<\/p>\n","protected":false},"excerpt":{"rendered":"<p>Drop Step sneakers er laget av l\u00e6r og tekstiler av h\u00f8y kvalitet, noe som gir komfort, pusteevne og holdbarhet. Ideell for daglig bruk og utend\u00f8rsaktiviteter, som kombinerer stilig design og p\u00e5litelig fotst\u00f8tte. \u00c5 velge Et Dr\u00e5petrinn garanterer bekvemmelighet og et moderne utseende i enhver situasjon.<\/p>\n","protected":false},"featured_media":610655,"comment_status":"open","ping_status":"open","template":"","meta":[],"product_brand":[],"product_cat":[3277,3324],"product_tag":[],"class_list":{"0":"post-610654","1":"product","2":"type-product","3":"status-publish","4":"has-post-thumbnail","6":"product_cat-all-product","7":"product_cat-kedy","8":"pa_rozmir-910","9":"pa_rozmir-912","10":"pa_rozmir-914","11":"pa_rozmir-915","12":"pa_rozmir-916","13":"pa_rozmir-917","14":"pa_rozmir-918","15":"pa_rozmir-919","16":"pa_rozmir-920","17":"pa_rozmir-921","18":"pa_rozmir-922","20":"first","21":"onbackorder","22":"purchasable","23":"product-type-variable"},"_links":{"self":[{"href":"https:\/\/nextsnkr.com\/no\/wp-json\/wp\/v2\/product\/610654","targetHints":{"allow":["GET"]}}],"collection":[{"href":"https:\/\/nextsnkr.com\/no\/wp-json\/wp\/v2\/product"}],"about":[{"href":"https:\/\/nextsnkr.com\/no\/wp-json\/wp\/v2\/types\/product"}],"replies":[{"embeddable":true,"href":"https:\/\/nextsnkr.com\/no\/wp-json\/wp\/v2\/comments?post=610654"}],"version-history":[{"count":0,"href":"https:\/\/nextsnkr.com\/no\/wp-json\/wp\/v2\/product\/610654\/revisions"}],"wp:featuredmedia":[{"embeddable":true,"href":"https:\/\/nextsnkr.com\/no\/wp-json\/wp\/v2\/media\/610655"}],"wp:attachment":[{"href":"https:\/\/nextsnkr.com\/no\/wp-json\/wp\/v2\/media?parent=610654"}],"wp:term":[{"taxonomy":"product_brand","embeddable":true,"href":"https:\/\/nextsnkr.com\/no\/wp-json\/wp\/v2\/product_brand?post=610654"},{"taxonomy":"product_cat","embeddable":true,"href":"https:\/\/nextsnkr.com\/no\/wp-json\/wp\/v2\/product_cat?post=610654"},{"taxonomy":"product_tag","embeddable":true,"href":"https:\/\/nextsnkr.com\/no\/wp-json\/wp\/v2\/product_tag?post=610654"}],"curies":[{"name":"wp","href":"https:\/\/api.w.org\/{rel}","templated":true}]}}