{"id":610294,"date":"2025-06-13T09:15:28","date_gmt":"2025-06-13T06:15:28","guid":{"rendered":"https:\/\/nextsnkr.com\/product\/versace-chain-react-pink\/"},"modified":"2026-02-01T13:04:15","modified_gmt":"2026-02-01T10:04:15","slug":"versace-chain-react-pink","status":"publish","type":"product","link":"https:\/\/nextsnkr.com\/no\/produkt\/versace-chain-react-pink\/","title":{"rendered":"Versace Chain React Pink textile \/ suede sneakers er stilige og komfortable"},"content":{"rendered":"<h2>Versace Chain React Pink textile \/ suede sneakers er stilige og komfortable<\/h2>\n<p>&nbsp;<\/p>\n<p>Versace-Kjeden React Pink sneakers er laget av tekstiler og semsket skinn av h\u00f8y kvalitet, noe som sikrer holdbarhet og komfort n\u00e5r de brukes. Det italienske merket garanterer f\u00f8rsteklasses design og stilig utseende, mens den knallrosa fargen gir utseendet unikhet. Lette og komfortable, de er egnet for daglig bruk, utend\u00f8rsaktiviteter og skaper fasjonable buer.<\/p>\n","protected":false},"excerpt":{"rendered":"<p>Versace-Kjeden React Pink sneakers er laget av tekstiler og semsket skinn av h\u00f8y kvalitet, noe som sikrer holdbarhet og komfort n\u00e5r de brukes. Det italienske merket garanterer f\u00f8rsteklasses design og stilig utseende, mens den knallrosa fargen gir utseendet unikhet. Lette og komfortable, de er egnet for daglig bruk, utend\u00f8rsaktiviteter og skaper fasjonable buer.<\/p>\n","protected":false},"featured_media":610295,"comment_status":"open","ping_status":"open","template":"","meta":[],"product_brand":[],"product_cat":[3277,3278],"product_tag":[],"class_list":{"0":"post-610294","1":"product","2":"type-product","3":"status-publish","4":"has-post-thumbnail","6":"product_cat-all-product","7":"product_cat-krosivky","8":"pa_rozmir-910","9":"pa_rozmir-912","10":"pa_rozmir-914","11":"pa_rozmir-915","12":"pa_rozmir-916","13":"pa_rozmir-917","14":"pa_rozmir-918","15":"pa_rozmir-919","16":"pa_rozmir-920","17":"pa_rozmir-921","18":"pa_rozmir-922","20":"first","21":"instock","22":"purchasable","23":"product-type-variable"},"_links":{"self":[{"href":"https:\/\/nextsnkr.com\/no\/wp-json\/wp\/v2\/product\/610294","targetHints":{"allow":["GET"]}}],"collection":[{"href":"https:\/\/nextsnkr.com\/no\/wp-json\/wp\/v2\/product"}],"about":[{"href":"https:\/\/nextsnkr.com\/no\/wp-json\/wp\/v2\/types\/product"}],"replies":[{"embeddable":true,"href":"https:\/\/nextsnkr.com\/no\/wp-json\/wp\/v2\/comments?post=610294"}],"version-history":[{"count":0,"href":"https:\/\/nextsnkr.com\/no\/wp-json\/wp\/v2\/product\/610294\/revisions"}],"wp:featuredmedia":[{"embeddable":true,"href":"https:\/\/nextsnkr.com\/no\/wp-json\/wp\/v2\/media\/610295"}],"wp:attachment":[{"href":"https:\/\/nextsnkr.com\/no\/wp-json\/wp\/v2\/media?parent=610294"}],"wp:term":[{"taxonomy":"product_brand","embeddable":true,"href":"https:\/\/nextsnkr.com\/no\/wp-json\/wp\/v2\/product_brand?post=610294"},{"taxonomy":"product_cat","embeddable":true,"href":"https:\/\/nextsnkr.com\/no\/wp-json\/wp\/v2\/product_cat?post=610294"},{"taxonomy":"product_tag","embeddable":true,"href":"https:\/\/nextsnkr.com\/no\/wp-json\/wp\/v2\/product_tag?post=610294"}],"curies":[{"name":"wp","href":"https:\/\/api.w.org\/{rel}","templated":true}]}}