{"id":610125,"date":"2025-06-13T11:01:42","date_gmt":"2025-06-13T08:01:42","guid":{"rendered":"https:\/\/nextsnkr.com\/product\/yeezy-boost-350-white\/"},"modified":"2026-02-01T13:04:11","modified_gmt":"2026-02-01T10:04:11","slug":"yeezy-boost-350-white","status":"publish","type":"product","link":"https:\/\/nextsnkr.com\/no\/produkt\/yeezy-boost-350-white\/","title":{"rendered":"Yeezy Boost 350 Hvite tekstilsko-komfort og stil"},"content":{"rendered":"<h2>Yeezy Boost 350 Hvite tekstilsko-komfort og stil<\/h2>\n<p>&nbsp;<\/p>\n<p>Yeezy Boost 350 Hvite joggesko er laget av lett tekstilmateriale, som sikrer maksimal komfort og pusteevne under daglig bruk. Den moderne hvite designen gj\u00f8r modellen allsidig og stilig for ethvert utseende. Laget I Kina med skredders\u00f8m av h\u00f8y kvalitet, kombinerer de et trendy utseende og p\u00e5litelighet. Det perfekte valget for de som setter pris p\u00e5 merkede joggesko og komfort i hverdagen. Kode OG VARENUMMER: 0485v-272003.<\/p>\n","protected":false},"excerpt":{"rendered":"<p>Yeezy Boost 350 Hvite joggesko er laget av lett tekstilmateriale, som sikrer maksimal komfort og pusteevne under daglig bruk. Den moderne hvite designen gj\u00f8r modellen allsidig og stilig for ethvert utseende. Laget I Kina med skredders\u00f8m av h\u00f8y kvalitet, kombinerer de et trendy utseende og p\u00e5litelighet. Det perfekte valget for de som setter pris p\u00e5 merkede joggesko og komfort i hverdagen. Kode OG VARENUMMER: 0485v-272003.<\/p>\n","protected":false},"featured_media":610126,"comment_status":"open","ping_status":"open","template":"","meta":[],"product_brand":[],"product_cat":[3402,3277,3278],"product_tag":[],"class_list":{"0":"post-610125","1":"product","2":"type-product","3":"status-publish","4":"has-post-thumbnail","6":"product_cat-adidas-yeezy","7":"product_cat-all-product","8":"product_cat-krosivky","9":"pa_rozmir-910","10":"pa_rozmir-912","11":"pa_rozmir-914","12":"pa_rozmir-915","13":"pa_rozmir-916","14":"pa_rozmir-917","15":"pa_rozmir-918","16":"pa_rozmir-919","17":"pa_rozmir-920","18":"pa_rozmir-921","19":"pa_rozmir-922","21":"first","22":"instock","23":"purchasable","24":"product-type-variable"},"_links":{"self":[{"href":"https:\/\/nextsnkr.com\/no\/wp-json\/wp\/v2\/product\/610125","targetHints":{"allow":["GET"]}}],"collection":[{"href":"https:\/\/nextsnkr.com\/no\/wp-json\/wp\/v2\/product"}],"about":[{"href":"https:\/\/nextsnkr.com\/no\/wp-json\/wp\/v2\/types\/product"}],"replies":[{"embeddable":true,"href":"https:\/\/nextsnkr.com\/no\/wp-json\/wp\/v2\/comments?post=610125"}],"version-history":[{"count":0,"href":"https:\/\/nextsnkr.com\/no\/wp-json\/wp\/v2\/product\/610125\/revisions"}],"wp:featuredmedia":[{"embeddable":true,"href":"https:\/\/nextsnkr.com\/no\/wp-json\/wp\/v2\/media\/610126"}],"wp:attachment":[{"href":"https:\/\/nextsnkr.com\/no\/wp-json\/wp\/v2\/media?parent=610125"}],"wp:term":[{"taxonomy":"product_brand","embeddable":true,"href":"https:\/\/nextsnkr.com\/no\/wp-json\/wp\/v2\/product_brand?post=610125"},{"taxonomy":"product_cat","embeddable":true,"href":"https:\/\/nextsnkr.com\/no\/wp-json\/wp\/v2\/product_cat?post=610125"},{"taxonomy":"product_tag","embeddable":true,"href":"https:\/\/nextsnkr.com\/no\/wp-json\/wp\/v2\/product_tag?post=610125"}],"curies":[{"name":"wp","href":"https:\/\/api.w.org\/{rel}","templated":true}]}}