{"id":609953,"date":"2025-06-14T20:19:52","date_gmt":"2025-06-14T17:19:52","guid":{"rendered":"https:\/\/nextsnkr.com\/product\/boots-no-name\/"},"modified":"2026-02-01T13:04:06","modified_gmt":"2026-02-01T10:04:06","slug":"boots-no-name","status":"publish","type":"product","link":"https:\/\/nextsnkr.com\/no\/produkt\/boots-no-name\/","title":{"rendered":"St\u00f8vler Uten Navn st\u00f8vler laget av l\u00e6r og naturlig ull"},"content":{"rendered":"<h2>St\u00f8vler Uten Navn st\u00f8vler laget av l\u00e6r og naturlig ull<\/h2>\n<p>&nbsp;<\/p>\n<p>Komfortable St\u00f8vler No Name st\u00f8vler er laget av h\u00f8ykvalitets l\u00e6r og naturlig ull, som gir varme, komfort og holdbarhet. Modellen har en klassisk design som lett kan kombineres med enhver stil av kl\u00e6r, og en slitesterk s\u00e5l for daglig bruk. Disse st\u00f8vlene er laget I Ukraina og er ideelle for kaldt v\u00e6r, og kombinerer praktisk, stil og naturlige materialer av f\u00f8rsteklasses kvalitet.<\/p>\n","protected":false},"excerpt":{"rendered":"<p>Komfortable St\u00f8vler No Name st\u00f8vler er laget av h\u00f8ykvalitets l\u00e6r og naturlig ull, som gir varme, komfort og holdbarhet. Modellen har en klassisk design som lett kan kombineres med enhver stil av kl\u00e6r, og en slitesterk s\u00e5l for daglig bruk. Disse st\u00f8vlene er laget I Ukraina og er ideelle for kaldt v\u00e6r, og kombinerer praktisk, stil og naturlige materialer av f\u00f8rsteklasses kvalitet.<\/p>\n","protected":false},"featured_media":609954,"comment_status":"open","ping_status":"open","template":"","meta":[],"product_brand":[],"product_cat":[3277,3337],"product_tag":[],"class_list":{"0":"post-609953","1":"product","2":"type-product","3":"status-publish","4":"has-post-thumbnail","6":"product_cat-all-product","7":"product_cat-cherevyky","8":"pa_rozmir-910","9":"pa_rozmir-912","10":"pa_rozmir-914","11":"pa_rozmir-915","12":"pa_rozmir-916","13":"pa_rozmir-917","14":"pa_rozmir-918","15":"pa_rozmir-919","16":"pa_rozmir-920","17":"pa_rozmir-921","18":"pa_rozmir-922","20":"first","21":"instock","22":"purchasable","23":"product-type-variable"},"_links":{"self":[{"href":"https:\/\/nextsnkr.com\/no\/wp-json\/wp\/v2\/product\/609953","targetHints":{"allow":["GET"]}}],"collection":[{"href":"https:\/\/nextsnkr.com\/no\/wp-json\/wp\/v2\/product"}],"about":[{"href":"https:\/\/nextsnkr.com\/no\/wp-json\/wp\/v2\/types\/product"}],"replies":[{"embeddable":true,"href":"https:\/\/nextsnkr.com\/no\/wp-json\/wp\/v2\/comments?post=609953"}],"version-history":[{"count":0,"href":"https:\/\/nextsnkr.com\/no\/wp-json\/wp\/v2\/product\/609953\/revisions"}],"wp:featuredmedia":[{"embeddable":true,"href":"https:\/\/nextsnkr.com\/no\/wp-json\/wp\/v2\/media\/609954"}],"wp:attachment":[{"href":"https:\/\/nextsnkr.com\/no\/wp-json\/wp\/v2\/media?parent=609953"}],"wp:term":[{"taxonomy":"product_brand","embeddable":true,"href":"https:\/\/nextsnkr.com\/no\/wp-json\/wp\/v2\/product_brand?post=609953"},{"taxonomy":"product_cat","embeddable":true,"href":"https:\/\/nextsnkr.com\/no\/wp-json\/wp\/v2\/product_cat?post=609953"},{"taxonomy":"product_tag","embeddable":true,"href":"https:\/\/nextsnkr.com\/no\/wp-json\/wp\/v2\/product_tag?post=609953"}],"curies":[{"name":"wp","href":"https:\/\/api.w.org\/{rel}","templated":true}]}}