{"id":606710,"date":"2025-06-14T20:32:37","date_gmt":"2025-06-14T17:32:37","guid":{"rendered":"https:\/\/nextsnkr.com\/product\/air-jordan-retro-high-black-white-fur\/"},"modified":"2026-02-01T13:02:24","modified_gmt":"2026-02-01T10:02:24","slug":"air-jordan-retro-high-black-white-fur","status":"publish","type":"product","link":"https:\/\/nextsnkr.com\/no\/produkt\/air-jordan-retro-high-black-white-fur\/","title":{"rendered":"Air Jordan Retro High Svart \/ Hvit Fur Sneakers-l\u00e6r herre kj\u00f8rer sko"},"content":{"rendered":"<h2>Air Jordan Retro High Svart \/ Hvit Fur Sneakers-l\u00e6r herre kj\u00f8rer sko<\/h2>\n<p>&nbsp;<\/p>\n<p>Air Jordan Retro High Black \/ White Fur sneakers er stilige h\u00f8ye joggesko for menn laget av en kombinasjon av ekte skinn og fuskepels for varme og komfort. Den svarte og hvite designen fremhever den moderne sportslige stilen, mens den slitesterke ytters\u00e5len gir demping og stabilitet p\u00e5 forskjellige overflater. Den lette og komfortable designen gj\u00f8r modellen ideell for daglig bruk, utend\u00f8rsaktiviteter og sport, og kombinerer Air Jordan-merket, holdbarhet og stil i hvert trinn.<\/p>\n","protected":false},"excerpt":{"rendered":"<p>Air Jordan Retro High Black \/ White Fur sneakers er stilige h\u00f8ye joggesko for menn laget av en kombinasjon av ekte skinn og fuskepels for varme og komfort. Den svarte og hvite designen fremhever den moderne sportslige stilen, mens den slitesterke ytters\u00e5len gir demping og stabilitet p\u00e5 forskjellige overflater. Den lette og komfortable designen gj\u00f8r modellen ideell for daglig bruk, utend\u00f8rsaktiviteter og sport, og kombinerer Air Jordan-merket, holdbarhet og stil i hvert trinn.<\/p>\n","protected":false},"featured_media":606711,"comment_status":"open","ping_status":"open","template":"","meta":[],"product_brand":[],"product_cat":[3389,3277,3324],"product_tag":[],"class_list":{"0":"post-606710","1":"product","2":"type-product","3":"status-publish","4":"has-post-thumbnail","6":"product_cat-nike-jordan","7":"product_cat-all-product","8":"product_cat-kedy","9":"pa_rozmir-910","10":"pa_rozmir-912","11":"pa_rozmir-914","12":"pa_rozmir-915","13":"pa_rozmir-916","14":"pa_rozmir-917","15":"pa_rozmir-918","16":"pa_rozmir-919","17":"pa_rozmir-920","18":"pa_rozmir-921","19":"pa_rozmir-922","21":"first","22":"onbackorder","23":"purchasable","24":"product-type-variable"},"_links":{"self":[{"href":"https:\/\/nextsnkr.com\/no\/wp-json\/wp\/v2\/product\/606710","targetHints":{"allow":["GET"]}}],"collection":[{"href":"https:\/\/nextsnkr.com\/no\/wp-json\/wp\/v2\/product"}],"about":[{"href":"https:\/\/nextsnkr.com\/no\/wp-json\/wp\/v2\/types\/product"}],"replies":[{"embeddable":true,"href":"https:\/\/nextsnkr.com\/no\/wp-json\/wp\/v2\/comments?post=606710"}],"version-history":[{"count":0,"href":"https:\/\/nextsnkr.com\/no\/wp-json\/wp\/v2\/product\/606710\/revisions"}],"wp:featuredmedia":[{"embeddable":true,"href":"https:\/\/nextsnkr.com\/no\/wp-json\/wp\/v2\/media\/606711"}],"wp:attachment":[{"href":"https:\/\/nextsnkr.com\/no\/wp-json\/wp\/v2\/media?parent=606710"}],"wp:term":[{"taxonomy":"product_brand","embeddable":true,"href":"https:\/\/nextsnkr.com\/no\/wp-json\/wp\/v2\/product_brand?post=606710"},{"taxonomy":"product_cat","embeddable":true,"href":"https:\/\/nextsnkr.com\/no\/wp-json\/wp\/v2\/product_cat?post=606710"},{"taxonomy":"product_tag","embeddable":true,"href":"https:\/\/nextsnkr.com\/no\/wp-json\/wp\/v2\/product_tag?post=606710"}],"curies":[{"name":"wp","href":"https:\/\/api.w.org\/{rel}","templated":true}]}}