{"id":605523,"date":"2025-06-14T15:49:15","date_gmt":"2025-06-14T12:49:15","guid":{"rendered":"https:\/\/nextsnkr.com\/product\/celine-tippi-leather-slide-sandals-black\/"},"modified":"2026-02-01T13:01:42","modified_gmt":"2026-02-01T10:01:42","slug":"celine-tippi-leather-slide-sandals-black","status":"publish","type":"product","link":"https:\/\/nextsnkr.com\/no\/produkt\/celine-tippi-leather-slide-sandals-black\/","title":{"rendered":"CELINE Tippi Leather Slide Svarte T\u00f8fler-stilige skinnglider"},"content":{"rendered":"<h2>CELINE Tippi Leather Slide Svarte T\u00f8fler-stilige skinnglider<\/h2>\n<p>&nbsp;<\/p>\n<p>CELINE Tippi Leather Slide Sandals Black er elegante skinn slides designet for komfort og stil. Laget av h\u00f8ykvalitets l\u00e6r, de gir holdbarhet og en behagelig f\u00f8lelse mens if\u00f8rt. Den svarte fargen gj\u00f8r modellen allsidig og enkel \u00e5 kombinere med ethvert sommerutseende. Ideell for turg\u00e5ing, avslappende og daglig bruk. Produsenten Er Spania (faktisk Kina). VELG CELINE Tippi for en moderne og sofistikert stil. Kode: Ch032-1148022.<\/p>\n","protected":false},"excerpt":{"rendered":"<p>CELINE Tippi Leather Slide Sandals Black er elegante skinn slides designet for komfort og stil. Laget av h\u00f8ykvalitets l\u00e6r, de gir holdbarhet og en behagelig f\u00f8lelse mens if\u00f8rt. Den svarte fargen gj\u00f8r modellen allsidig og enkel \u00e5 kombinere med ethvert sommerutseende. Ideell for turg\u00e5ing, avslappende og daglig bruk. Produsenten Er Spania (faktisk Kina). VELG CELINE Tippi for en moderne og sofistikert stil. Kode: Ch032-1148022.<\/p>\n","protected":false},"featured_media":605530,"comment_status":"open","ping_status":"open","template":"","meta":[],"product_brand":[],"product_cat":[3277,3426],"product_tag":[],"class_list":{"0":"post-605523","1":"product","2":"type-product","3":"status-publish","4":"has-post-thumbnail","6":"product_cat-all-product","7":"product_cat-shlopantsi","8":"pa_rozmir-910","9":"pa_rozmir-912","10":"pa_rozmir-914","11":"pa_rozmir-915","12":"pa_rozmir-916","13":"pa_rozmir-917","14":"pa_rozmir-918","15":"pa_rozmir-919","16":"pa_rozmir-920","17":"pa_rozmir-921","18":"pa_rozmir-922","20":"first","21":"onbackorder","22":"purchasable","23":"product-type-variable"},"_links":{"self":[{"href":"https:\/\/nextsnkr.com\/no\/wp-json\/wp\/v2\/product\/605523","targetHints":{"allow":["GET"]}}],"collection":[{"href":"https:\/\/nextsnkr.com\/no\/wp-json\/wp\/v2\/product"}],"about":[{"href":"https:\/\/nextsnkr.com\/no\/wp-json\/wp\/v2\/types\/product"}],"replies":[{"embeddable":true,"href":"https:\/\/nextsnkr.com\/no\/wp-json\/wp\/v2\/comments?post=605523"}],"version-history":[{"count":0,"href":"https:\/\/nextsnkr.com\/no\/wp-json\/wp\/v2\/product\/605523\/revisions"}],"wp:featuredmedia":[{"embeddable":true,"href":"https:\/\/nextsnkr.com\/no\/wp-json\/wp\/v2\/media\/605530"}],"wp:attachment":[{"href":"https:\/\/nextsnkr.com\/no\/wp-json\/wp\/v2\/media?parent=605523"}],"wp:term":[{"taxonomy":"product_brand","embeddable":true,"href":"https:\/\/nextsnkr.com\/no\/wp-json\/wp\/v2\/product_brand?post=605523"},{"taxonomy":"product_cat","embeddable":true,"href":"https:\/\/nextsnkr.com\/no\/wp-json\/wp\/v2\/product_cat?post=605523"},{"taxonomy":"product_tag","embeddable":true,"href":"https:\/\/nextsnkr.com\/no\/wp-json\/wp\/v2\/product_tag?post=605523"}],"curies":[{"name":"wp","href":"https:\/\/api.w.org\/{rel}","templated":true}]}}