{"id":602405,"date":"2025-06-14T15:52:09","date_gmt":"2025-06-14T12:52:09","guid":{"rendered":"https:\/\/nextsnkr.com\/product\/empire-sandal-hermes-beige-sable\/"},"modified":"2026-02-01T12:59:59","modified_gmt":"2026-02-01T09:59:59","slug":"empire-sandal-hermes-beige-sable","status":"publish","type":"product","link":"https:\/\/nextsnkr.com\/no\/produkt\/empire-sandal-hermes-beige-sable\/","title":{"rendered":"Empire Sandal Hermes Beige Sable T\u00f8fler-elegante suede sandaler"},"content":{"rendered":"<h2>Empire Sandal Hermes Beige Sable T\u00f8fler-elegante suede sandaler<\/h2>\n<p>&nbsp;<\/p>\n<p>Empire Sandal Hermes Beige Sable slippers er laget av semsket skinn av h\u00f8y kvalitet, og kombinerer stil, komfort og holdbarhet. Den myke og lette s\u00e5len gir komfort under daglig bruk, og den beige skyggen gj\u00f8r modellen allsidig for en rekke utseende. Disse sandalene er perfekte for hjem, g\u00e5 eller slappe av, noe som gir en f\u00f8lelse av letthet og eleganse. Et praktisk og stilig valg for kjennere av komfort og mote.<\/p>\n","protected":false},"excerpt":{"rendered":"<p>Empire Sandal Hermes Beige Sable slippers er laget av semsket skinn av h\u00f8y kvalitet, og kombinerer stil, komfort og holdbarhet. Den myke og lette s\u00e5len gir komfort under daglig bruk, og den beige skyggen gj\u00f8r modellen allsidig for en rekke utseende. Disse sandalene er perfekte for hjem, g\u00e5 eller slappe av, noe som gir en f\u00f8lelse av letthet og eleganse. Et praktisk og stilig valg for kjennere av komfort og mote.<\/p>\n","protected":false},"featured_media":602419,"comment_status":"open","ping_status":"open","template":"","meta":[],"product_brand":[],"product_cat":[3277,3426],"product_tag":[],"class_list":{"0":"post-602405","1":"product","2":"type-product","3":"status-publish","4":"has-post-thumbnail","6":"product_cat-all-product","7":"product_cat-shlopantsi","8":"pa_rozmir-910","9":"pa_rozmir-912","10":"pa_rozmir-914","11":"pa_rozmir-915","12":"pa_rozmir-916","13":"pa_rozmir-917","14":"pa_rozmir-918","15":"pa_rozmir-919","16":"pa_rozmir-920","17":"pa_rozmir-921","18":"pa_rozmir-922","20":"first","21":"instock","22":"purchasable","23":"product-type-variable"},"_links":{"self":[{"href":"https:\/\/nextsnkr.com\/no\/wp-json\/wp\/v2\/product\/602405","targetHints":{"allow":["GET"]}}],"collection":[{"href":"https:\/\/nextsnkr.com\/no\/wp-json\/wp\/v2\/product"}],"about":[{"href":"https:\/\/nextsnkr.com\/no\/wp-json\/wp\/v2\/types\/product"}],"replies":[{"embeddable":true,"href":"https:\/\/nextsnkr.com\/no\/wp-json\/wp\/v2\/comments?post=602405"}],"version-history":[{"count":0,"href":"https:\/\/nextsnkr.com\/no\/wp-json\/wp\/v2\/product\/602405\/revisions"}],"wp:featuredmedia":[{"embeddable":true,"href":"https:\/\/nextsnkr.com\/no\/wp-json\/wp\/v2\/media\/602419"}],"wp:attachment":[{"href":"https:\/\/nextsnkr.com\/no\/wp-json\/wp\/v2\/media?parent=602405"}],"wp:term":[{"taxonomy":"product_brand","embeddable":true,"href":"https:\/\/nextsnkr.com\/no\/wp-json\/wp\/v2\/product_brand?post=602405"},{"taxonomy":"product_cat","embeddable":true,"href":"https:\/\/nextsnkr.com\/no\/wp-json\/wp\/v2\/product_cat?post=602405"},{"taxonomy":"product_tag","embeddable":true,"href":"https:\/\/nextsnkr.com\/no\/wp-json\/wp\/v2\/product_tag?post=602405"}],"curies":[{"name":"wp","href":"https:\/\/api.w.org\/{rel}","templated":true}]}}