{"id":602391,"date":"2025-06-13T11:04:15","date_gmt":"2025-06-13T08:04:15","guid":{"rendered":"https:\/\/nextsnkr.com\/product\/adidas-yeezy-boost-350-v2-ref-shnurky\/"},"modified":"2026-02-01T12:59:54","modified_gmt":"2026-02-01T09:59:54","slug":"adidas-yeezy-boost-350-v2-ref-shnurky","status":"publish","type":"product","link":"https:\/\/nextsnkr.com\/no\/produkt\/adidas-yeezy-boost-350-v2-ref-shnurky\/","title":{"rendered":"Adidas Yeezy Boost 350 V2 Joggesko Med Reflekterende Lisser"},"content":{"rendered":"<h2>Adidas Yeezy Boost 350 V2 Joggesko Med Reflekterende Lisser<\/h2>\n<p>&nbsp;<\/p>\n<p>De stilige Adidas Yeezy Boost 350 V2 joggeskoene med reflekterende lisser er laget av lette og pustende tekstiler. Modellen gir komfort under daglig bruk takket v\u00e6re den myke s\u00e5len og materialer av h\u00f8y kvalitet. Laget I Vietnam, kombinerer de moderne design og h\u00f8y slitestyrke. Det perfekte valget for de som setter pris p\u00e5 trendy utseende og komfort.<\/p>\n","protected":false},"excerpt":{"rendered":"<p>De stilige Adidas Yeezy Boost 350 V2 joggeskoene med reflekterende lisser er laget av lette og pustende tekstiler. Modellen gir komfort under daglig bruk takket v\u00e6re den myke s\u00e5len og materialer av h\u00f8y kvalitet. Laget I Vietnam, kombinerer de moderne design og h\u00f8y slitestyrke. Det perfekte valget for de som setter pris p\u00e5 trendy utseende og komfort.<\/p>\n","protected":false},"featured_media":602409,"comment_status":"open","ping_status":"open","template":"","meta":[],"product_brand":[],"product_cat":[3402,3277,3278],"product_tag":[],"class_list":{"0":"post-602391","1":"product","2":"type-product","3":"status-publish","4":"has-post-thumbnail","6":"product_cat-adidas-yeezy","7":"product_cat-all-product","8":"product_cat-krosivky","9":"pa_rozmir-910","10":"pa_rozmir-912","11":"pa_rozmir-914","12":"pa_rozmir-915","13":"pa_rozmir-916","14":"pa_rozmir-917","15":"pa_rozmir-918","16":"pa_rozmir-919","17":"pa_rozmir-920","18":"pa_rozmir-921","19":"pa_rozmir-922","21":"first","22":"onbackorder","23":"purchasable","24":"product-type-variable"},"_links":{"self":[{"href":"https:\/\/nextsnkr.com\/no\/wp-json\/wp\/v2\/product\/602391","targetHints":{"allow":["GET"]}}],"collection":[{"href":"https:\/\/nextsnkr.com\/no\/wp-json\/wp\/v2\/product"}],"about":[{"href":"https:\/\/nextsnkr.com\/no\/wp-json\/wp\/v2\/types\/product"}],"replies":[{"embeddable":true,"href":"https:\/\/nextsnkr.com\/no\/wp-json\/wp\/v2\/comments?post=602391"}],"version-history":[{"count":0,"href":"https:\/\/nextsnkr.com\/no\/wp-json\/wp\/v2\/product\/602391\/revisions"}],"wp:featuredmedia":[{"embeddable":true,"href":"https:\/\/nextsnkr.com\/no\/wp-json\/wp\/v2\/media\/602409"}],"wp:attachment":[{"href":"https:\/\/nextsnkr.com\/no\/wp-json\/wp\/v2\/media?parent=602391"}],"wp:term":[{"taxonomy":"product_brand","embeddable":true,"href":"https:\/\/nextsnkr.com\/no\/wp-json\/wp\/v2\/product_brand?post=602391"},{"taxonomy":"product_cat","embeddable":true,"href":"https:\/\/nextsnkr.com\/no\/wp-json\/wp\/v2\/product_cat?post=602391"},{"taxonomy":"product_tag","embeddable":true,"href":"https:\/\/nextsnkr.com\/no\/wp-json\/wp\/v2\/product_tag?post=602391"}],"curies":[{"name":"wp","href":"https:\/\/api.w.org\/{rel}","templated":true}]}}