{"id":600708,"date":"2025-06-18T21:48:48","date_gmt":"2025-06-18T18:48:48","guid":{"rendered":"https:\/\/nextsnkr.com\/product\/golden-goose-fur\/"},"modified":"2026-02-01T12:59:12","modified_gmt":"2026-02-01T09:59:12","slug":"golden-goose-fur","status":"publish","type":"product","link":"https:\/\/nextsnkr.com\/no\/produkt\/golden-goose-fur\/","title":{"rendered":"Golden Goose Pels joggesko laget av ekte l\u00e6r"},"content":{"rendered":"<h2>Golden Goose Pels joggesko laget av ekte l\u00e6r<\/h2>\n<p>&nbsp;<\/p>\n<p>De stilige Golden Goose Pelsskoene er laget av skinn av h\u00f8y kvalitet, som sikrer komfort og holdbarhet under daglig bruk. Modellen kombinerer moderne design og praktisk, ideell for daglig bruk og skaper fasjonable utseende. Materialer av h\u00f8y kvalitet og elegant stil gj\u00f8r Disse Golden Goose-joggeskoene til et utmerket valg for de som setter pris p\u00e5 komfort og et unikt utseende.<\/p>\n","protected":false},"excerpt":{"rendered":"<p>De stilige Golden Goose Pelsskoene er laget av skinn av h\u00f8y kvalitet, som sikrer komfort og holdbarhet under daglig bruk. Modellen kombinerer moderne design og praktisk, ideell for daglig bruk og skaper fasjonable utseende. Materialer av h\u00f8y kvalitet og elegant stil gj\u00f8r Disse Golden Goose-joggeskoene til et utmerket valg for de som setter pris p\u00e5 komfort og et unikt utseende.<\/p>\n","protected":false},"featured_media":600713,"comment_status":"open","ping_status":"open","template":"","meta":[],"product_brand":[],"product_cat":[3277,3324],"product_tag":[],"class_list":{"0":"post-600708","1":"product","2":"type-product","3":"status-publish","4":"has-post-thumbnail","6":"product_cat-all-product","7":"product_cat-kedy","8":"pa_rozmir-910","9":"pa_rozmir-912","10":"pa_rozmir-914","11":"pa_rozmir-915","12":"pa_rozmir-916","13":"pa_rozmir-917","14":"pa_rozmir-918","15":"pa_rozmir-919","16":"pa_rozmir-920","17":"pa_rozmir-921","18":"pa_rozmir-922","20":"first","21":"instock","22":"purchasable","23":"product-type-variable"},"_links":{"self":[{"href":"https:\/\/nextsnkr.com\/no\/wp-json\/wp\/v2\/product\/600708","targetHints":{"allow":["GET"]}}],"collection":[{"href":"https:\/\/nextsnkr.com\/no\/wp-json\/wp\/v2\/product"}],"about":[{"href":"https:\/\/nextsnkr.com\/no\/wp-json\/wp\/v2\/types\/product"}],"replies":[{"embeddable":true,"href":"https:\/\/nextsnkr.com\/no\/wp-json\/wp\/v2\/comments?post=600708"}],"version-history":[{"count":0,"href":"https:\/\/nextsnkr.com\/no\/wp-json\/wp\/v2\/product\/600708\/revisions"}],"wp:featuredmedia":[{"embeddable":true,"href":"https:\/\/nextsnkr.com\/no\/wp-json\/wp\/v2\/media\/600713"}],"wp:attachment":[{"href":"https:\/\/nextsnkr.com\/no\/wp-json\/wp\/v2\/media?parent=600708"}],"wp:term":[{"taxonomy":"product_brand","embeddable":true,"href":"https:\/\/nextsnkr.com\/no\/wp-json\/wp\/v2\/product_brand?post=600708"},{"taxonomy":"product_cat","embeddable":true,"href":"https:\/\/nextsnkr.com\/no\/wp-json\/wp\/v2\/product_cat?post=600708"},{"taxonomy":"product_tag","embeddable":true,"href":"https:\/\/nextsnkr.com\/no\/wp-json\/wp\/v2\/product_tag?post=600708"}],"curies":[{"name":"wp","href":"https:\/\/api.w.org\/{rel}","templated":true}]}}