{"id":600272,"date":"2025-06-13T11:04:54","date_gmt":"2025-06-13T08:04:54","guid":{"rendered":"https:\/\/nextsnkr.com\/product\/adidas-yeezy-350-citrin\/"},"modified":"2026-02-01T12:58:55","modified_gmt":"2026-02-01T09:58:55","slug":"adidas-yeezy-350-citrin","status":"publish","type":"product","link":"https:\/\/nextsnkr.com\/no\/produkt\/adidas-yeezy-350-citrin\/","title":{"rendered":"Adidas Yeezy 350 Citrin joggesko-stilig og lett"},"content":{"rendered":"<h2>Adidas Yeezy 350 Citrin joggesko-stilig og lett<\/h2>\n<p>&nbsp;<\/p>\n<p>Adidas Yeezy 350 Citrin joggesko er en moderne modell laget av lette og slitesterke tekstiler designet for maksimal komfort p\u00e5 daglig basis. Vietnamesisk produksjon av h\u00f8y kvalitet garanterer p\u00e5litelighet, Og Adidas-merket gir tillit til hvert trinn. Den ergonomiske s\u00e5len og det pustende materialet gj\u00f8r disse joggeskoene ideelle for en aktiv livsstil. Velg stil og komfort I En Yeezy 350 Citrin modell.<\/p>\n","protected":false},"excerpt":{"rendered":"<p>Adidas Yeezy 350 Citrin joggesko er en moderne modell laget av lette og slitesterke tekstiler designet for maksimal komfort p\u00e5 daglig basis. Vietnamesisk produksjon av h\u00f8y kvalitet garanterer p\u00e5litelighet, Og Adidas-merket gir tillit til hvert trinn. Den ergonomiske s\u00e5len og det pustende materialet gj\u00f8r disse joggeskoene ideelle for en aktiv livsstil. Velg stil og komfort I En Yeezy 350 Citrin modell.<\/p>\n","protected":false},"featured_media":600285,"comment_status":"open","ping_status":"open","template":"","meta":[],"product_brand":[],"product_cat":[3402,3277,3278],"product_tag":[],"class_list":{"0":"post-600272","1":"product","2":"type-product","3":"status-publish","4":"has-post-thumbnail","6":"product_cat-adidas-yeezy","7":"product_cat-all-product","8":"product_cat-krosivky","9":"pa_rozmir-910","10":"pa_rozmir-912","11":"pa_rozmir-914","12":"pa_rozmir-915","13":"pa_rozmir-916","14":"pa_rozmir-917","15":"pa_rozmir-918","16":"pa_rozmir-919","17":"pa_rozmir-920","18":"pa_rozmir-921","19":"pa_rozmir-922","21":"first","22":"onbackorder","23":"purchasable","24":"product-type-variable"},"_links":{"self":[{"href":"https:\/\/nextsnkr.com\/no\/wp-json\/wp\/v2\/product\/600272","targetHints":{"allow":["GET"]}}],"collection":[{"href":"https:\/\/nextsnkr.com\/no\/wp-json\/wp\/v2\/product"}],"about":[{"href":"https:\/\/nextsnkr.com\/no\/wp-json\/wp\/v2\/types\/product"}],"replies":[{"embeddable":true,"href":"https:\/\/nextsnkr.com\/no\/wp-json\/wp\/v2\/comments?post=600272"}],"version-history":[{"count":0,"href":"https:\/\/nextsnkr.com\/no\/wp-json\/wp\/v2\/product\/600272\/revisions"}],"wp:featuredmedia":[{"embeddable":true,"href":"https:\/\/nextsnkr.com\/no\/wp-json\/wp\/v2\/media\/600285"}],"wp:attachment":[{"href":"https:\/\/nextsnkr.com\/no\/wp-json\/wp\/v2\/media?parent=600272"}],"wp:term":[{"taxonomy":"product_brand","embeddable":true,"href":"https:\/\/nextsnkr.com\/no\/wp-json\/wp\/v2\/product_brand?post=600272"},{"taxonomy":"product_cat","embeddable":true,"href":"https:\/\/nextsnkr.com\/no\/wp-json\/wp\/v2\/product_cat?post=600272"},{"taxonomy":"product_tag","embeddable":true,"href":"https:\/\/nextsnkr.com\/no\/wp-json\/wp\/v2\/product_tag?post=600272"}],"curies":[{"name":"wp","href":"https:\/\/api.w.org\/{rel}","templated":true}]}}