{"id":600267,"date":"2025-06-13T09:19:36","date_gmt":"2025-06-13T06:19:36","guid":{"rendered":"https:\/\/nextsnkr.com\/product\/adidas-forum-84-low\/"},"modified":"2026-02-01T12:58:50","modified_gmt":"2026-02-01T09:58:50","slug":"adidas-forum-84-low","status":"publish","type":"product","link":"https:\/\/nextsnkr.com\/no\/produkt\/adidas-forum-84-low\/","title":{"rendered":"Adidas Forum 84 Lav semsket skinn og tekstil joggesko"},"content":{"rendered":"<h2>Adidas Forum 84 Lav semsket skinn og tekstil joggesko<\/h2>\n<p>&nbsp;<\/p>\n<p>Adidas Forum 84 Lave joggesko kombinerer klassisk stil og moderne komfort. Laget av semsket skinn og tekstiler, de gir letthet, pusteevne og holdbarhet. Adidas-merket garanterer materialer av h\u00f8y kvalitet og produktp\u00e5litelighet, og deres allsidige design gj\u00f8r dem ideelle for daglig bruk, utend\u00f8rsaktiviteter og stilig utseende i alle \u00e5rstider.<\/p>\n","protected":false},"excerpt":{"rendered":"<p>Adidas Forum 84 Lave joggesko kombinerer klassisk stil og moderne komfort. Laget av semsket skinn og tekstiler, de gir letthet, pusteevne og holdbarhet. Adidas-merket garanterer materialer av h\u00f8y kvalitet og produktp\u00e5litelighet, og deres allsidige design gj\u00f8r dem ideelle for daglig bruk, utend\u00f8rsaktiviteter og stilig utseende i alle \u00e5rstider.<\/p>\n","protected":false},"featured_media":600282,"comment_status":"open","ping_status":"open","template":"","meta":[],"product_brand":[],"product_cat":[3277,3324],"product_tag":[],"class_list":{"0":"post-600267","1":"product","2":"type-product","3":"status-publish","4":"has-post-thumbnail","6":"product_cat-all-product","7":"product_cat-kedy","8":"pa_rozmir-910","9":"pa_rozmir-912","10":"pa_rozmir-914","11":"pa_rozmir-915","12":"pa_rozmir-916","13":"pa_rozmir-917","14":"pa_rozmir-918","15":"pa_rozmir-919","16":"pa_rozmir-920","17":"pa_rozmir-921","18":"pa_rozmir-922","20":"first","21":"instock","22":"purchasable","23":"product-type-variable"},"_links":{"self":[{"href":"https:\/\/nextsnkr.com\/no\/wp-json\/wp\/v2\/product\/600267","targetHints":{"allow":["GET"]}}],"collection":[{"href":"https:\/\/nextsnkr.com\/no\/wp-json\/wp\/v2\/product"}],"about":[{"href":"https:\/\/nextsnkr.com\/no\/wp-json\/wp\/v2\/types\/product"}],"replies":[{"embeddable":true,"href":"https:\/\/nextsnkr.com\/no\/wp-json\/wp\/v2\/comments?post=600267"}],"version-history":[{"count":0,"href":"https:\/\/nextsnkr.com\/no\/wp-json\/wp\/v2\/product\/600267\/revisions"}],"wp:featuredmedia":[{"embeddable":true,"href":"https:\/\/nextsnkr.com\/no\/wp-json\/wp\/v2\/media\/600282"}],"wp:attachment":[{"href":"https:\/\/nextsnkr.com\/no\/wp-json\/wp\/v2\/media?parent=600267"}],"wp:term":[{"taxonomy":"product_brand","embeddable":true,"href":"https:\/\/nextsnkr.com\/no\/wp-json\/wp\/v2\/product_brand?post=600267"},{"taxonomy":"product_cat","embeddable":true,"href":"https:\/\/nextsnkr.com\/no\/wp-json\/wp\/v2\/product_cat?post=600267"},{"taxonomy":"product_tag","embeddable":true,"href":"https:\/\/nextsnkr.com\/no\/wp-json\/wp\/v2\/product_tag?post=600267"}],"curies":[{"name":"wp","href":"https:\/\/api.w.org\/{rel}","templated":true}]}}