{"id":600243,"date":"2025-06-14T20:40:16","date_gmt":"2025-06-14T17:40:16","guid":{"rendered":"https:\/\/nextsnkr.com\/product\/air-jordan-retro1-black-gray\/"},"modified":"2026-02-01T12:58:46","modified_gmt":"2026-02-01T09:58:46","slug":"air-jordan-retro1-black-gray","status":"publish","type":"product","link":"https:\/\/nextsnkr.com\/no\/produkt\/air-jordan-retro1-black-gray\/","title":{"rendered":"Air Jordan Retro 1 Svart Gr\u00e5 Sneakers-stil l\u00e6r sneakers"},"content":{"rendered":"<h2>Air Jordan Retro 1 Svart Gr\u00e5 Sneakers-stil l\u00e6r sneakers<\/h2>\n<p>&nbsp;<\/p>\n<p>Air Jordan Retro1 Svartgr\u00e5 joggesko er en klassisk modell for elskere av sporty stil og komfort. Laget av ekte skinn av h\u00f8y kvalitet, gir de styrke, holdbarhet og en behagelig passform for foten. Den kontrasterende kombinasjonen av svarte og gr\u00e5 farger gir utseendet modernitet og allsidighet. Ideell for daglig slitasje, utend\u00f8rsaktiviteter og sportsaktiviteter. Produsenten er Vietnam. Velg Air Jordan Retro 1 Svart Gr\u00e5 for stil og komfort. Kode: 0651v-862859.<\/p>\n","protected":false},"excerpt":{"rendered":"<p>Air Jordan Retro1 Svartgr\u00e5 joggesko er en klassisk modell for elskere av sporty stil og komfort. Laget av ekte skinn av h\u00f8y kvalitet, gir de styrke, holdbarhet og en behagelig passform for foten. Den kontrasterende kombinasjonen av svarte og gr\u00e5 farger gir utseendet modernitet og allsidighet. Ideell for daglig slitasje, utend\u00f8rsaktiviteter og sportsaktiviteter. Produsenten er Vietnam. Velg Air Jordan Retro 1 Svart Gr\u00e5 for stil og komfort. Kode: 0651v-862859.<\/p>\n","protected":false},"featured_media":600258,"comment_status":"open","ping_status":"open","template":"","meta":[],"product_brand":[],"product_cat":[3389,3277,3324],"product_tag":[],"class_list":{"0":"post-600243","1":"product","2":"type-product","3":"status-publish","4":"has-post-thumbnail","6":"product_cat-nike-jordan","7":"product_cat-all-product","8":"product_cat-kedy","9":"pa_rozmir-910","10":"pa_rozmir-912","11":"pa_rozmir-914","12":"pa_rozmir-915","13":"pa_rozmir-916","14":"pa_rozmir-917","15":"pa_rozmir-918","16":"pa_rozmir-919","17":"pa_rozmir-920","18":"pa_rozmir-921","19":"pa_rozmir-922","21":"first","22":"onbackorder","23":"purchasable","24":"product-type-variable"},"_links":{"self":[{"href":"https:\/\/nextsnkr.com\/no\/wp-json\/wp\/v2\/product\/600243","targetHints":{"allow":["GET"]}}],"collection":[{"href":"https:\/\/nextsnkr.com\/no\/wp-json\/wp\/v2\/product"}],"about":[{"href":"https:\/\/nextsnkr.com\/no\/wp-json\/wp\/v2\/types\/product"}],"replies":[{"embeddable":true,"href":"https:\/\/nextsnkr.com\/no\/wp-json\/wp\/v2\/comments?post=600243"}],"version-history":[{"count":0,"href":"https:\/\/nextsnkr.com\/no\/wp-json\/wp\/v2\/product\/600243\/revisions"}],"wp:featuredmedia":[{"embeddable":true,"href":"https:\/\/nextsnkr.com\/no\/wp-json\/wp\/v2\/media\/600258"}],"wp:attachment":[{"href":"https:\/\/nextsnkr.com\/no\/wp-json\/wp\/v2\/media?parent=600243"}],"wp:term":[{"taxonomy":"product_brand","embeddable":true,"href":"https:\/\/nextsnkr.com\/no\/wp-json\/wp\/v2\/product_brand?post=600243"},{"taxonomy":"product_cat","embeddable":true,"href":"https:\/\/nextsnkr.com\/no\/wp-json\/wp\/v2\/product_cat?post=600243"},{"taxonomy":"product_tag","embeddable":true,"href":"https:\/\/nextsnkr.com\/no\/wp-json\/wp\/v2\/product_tag?post=600243"}],"curies":[{"name":"wp","href":"https:\/\/api.w.org\/{rel}","templated":true}]}}