{"id":599217,"date":"2025-06-14T20:41:05","date_gmt":"2025-06-14T17:41:05","guid":{"rendered":"https:\/\/nextsnkr.com\/product\/air-jordan-retro1-black-white-grey\/"},"modified":"2026-02-01T12:58:19","modified_gmt":"2026-02-01T09:58:19","slug":"air-jordan-retro1-black-white-grey","status":"publish","type":"product","link":"https:\/\/nextsnkr.com\/no\/produkt\/air-jordan-retro1-black-white-grey\/","title":{"rendered":"Air Jordan Retro 1 Svart Hvit Gr\u00e5 Sneakers-stil l\u00e6r sneakers"},"content":{"rendered":"<h2>Air Jordan Retro 1 Svart Hvit Gr\u00e5 Sneakers-stil l\u00e6r sneakers<\/h2>\n<p>&nbsp;<\/p>\n<p>Air Jordan Retro1 Svart Hvit Gr\u00e5 joggesko er laget av h\u00f8ykvalitets l\u00e6r, som gir holdbarhet, komfort og et f\u00f8rsteklasses utseende. Kombinasjonen av svarte, hvite og gr\u00e5 farger skaper en allsidig design som passer for urban stil og utend\u00f8rsaktiviteter. Den myke s\u00e5len demper trinnet og st\u00f8tter foten hele dagen. Disse Air Jordan joggeskoene er ideelle for de som setter pris p\u00e5 det legendariske merket, stilen og komforten i hverdagsbruk.<\/p>\n","protected":false},"excerpt":{"rendered":"<p>Air Jordan Retro1 Svart Hvit Gr\u00e5 joggesko er laget av h\u00f8ykvalitets l\u00e6r, som gir holdbarhet, komfort og et f\u00f8rsteklasses utseende. Kombinasjonen av svarte, hvite og gr\u00e5 farger skaper en allsidig design som passer for urban stil og utend\u00f8rsaktiviteter. Den myke s\u00e5len demper trinnet og st\u00f8tter foten hele dagen. Disse Air Jordan joggeskoene er ideelle for de som setter pris p\u00e5 det legendariske merket, stilen og komforten i hverdagsbruk.<\/p>\n","protected":false},"featured_media":599235,"comment_status":"open","ping_status":"open","template":"","meta":[],"product_brand":[],"product_cat":[3389,3277,3324],"product_tag":[],"class_list":{"0":"post-599217","1":"product","2":"type-product","3":"status-publish","4":"has-post-thumbnail","6":"product_cat-nike-jordan","7":"product_cat-all-product","8":"product_cat-kedy","9":"pa_rozmir-910","10":"pa_rozmir-912","11":"pa_rozmir-914","12":"pa_rozmir-915","13":"pa_rozmir-916","14":"pa_rozmir-917","15":"pa_rozmir-918","16":"pa_rozmir-919","17":"pa_rozmir-920","18":"pa_rozmir-921","19":"pa_rozmir-922","21":"first","22":"onbackorder","23":"purchasable","24":"product-type-variable"},"_links":{"self":[{"href":"https:\/\/nextsnkr.com\/no\/wp-json\/wp\/v2\/product\/599217","targetHints":{"allow":["GET"]}}],"collection":[{"href":"https:\/\/nextsnkr.com\/no\/wp-json\/wp\/v2\/product"}],"about":[{"href":"https:\/\/nextsnkr.com\/no\/wp-json\/wp\/v2\/types\/product"}],"replies":[{"embeddable":true,"href":"https:\/\/nextsnkr.com\/no\/wp-json\/wp\/v2\/comments?post=599217"}],"version-history":[{"count":0,"href":"https:\/\/nextsnkr.com\/no\/wp-json\/wp\/v2\/product\/599217\/revisions"}],"wp:featuredmedia":[{"embeddable":true,"href":"https:\/\/nextsnkr.com\/no\/wp-json\/wp\/v2\/media\/599235"}],"wp:attachment":[{"href":"https:\/\/nextsnkr.com\/no\/wp-json\/wp\/v2\/media?parent=599217"}],"wp:term":[{"taxonomy":"product_brand","embeddable":true,"href":"https:\/\/nextsnkr.com\/no\/wp-json\/wp\/v2\/product_brand?post=599217"},{"taxonomy":"product_cat","embeddable":true,"href":"https:\/\/nextsnkr.com\/no\/wp-json\/wp\/v2\/product_cat?post=599217"},{"taxonomy":"product_tag","embeddable":true,"href":"https:\/\/nextsnkr.com\/no\/wp-json\/wp\/v2\/product_tag?post=599217"}],"curies":[{"name":"wp","href":"https:\/\/api.w.org\/{rel}","templated":true}]}}