{"id":598368,"date":"2025-06-16T22:01:11","date_gmt":"2025-06-16T19:01:11","guid":{"rendered":"https:\/\/nextsnkr.com\/product\/nike-air-jordan-1-white-black-red-royal-mekh\/"},"modified":"2026-02-01T12:58:05","modified_gmt":"2026-02-01T09:58:05","slug":"nike-air-jordan-1-white-black-red-royal-mekh","status":"publish","type":"product","link":"https:\/\/nextsnkr.com\/no\/produkt\/nike-air-jordan-1-white-black-red-royal-mekh\/","title":{"rendered":"Nike Air Jordan 1 Hvit Svart R\u00f8d Royal Joggesko-med isolert pels"},"content":{"rendered":"<h2>Nike Air Jordan 1 Hvit Svart R\u00f8d Royal Joggesko-med isolert pels<\/h2>\n<p>&nbsp;<\/p>\n<p>Nike Air Jordan 1 Hvit Svart R\u00f8d ROYAL&raquo; FUR &raquo; joggesko kombinerer merkets legendariske design og komfort for kaldt v\u00e6r. Modellen er utstyrt med isolert pels, som gir varme og komfort under daglig bruk. Den lyse kombinasjonen av hvite, svarte og r\u00f8de farger gir en stilig aksent og gj\u00f8r joggeskoene allsidige for forskjellige utseende. Ideell for urban stil og utend\u00f8rsaktiviteter. Nike Air Jordan 1 ROYAL er f\u00f8rsteklasses kvalitet og et ikonisk merke p\u00e5 hvert trinn.<\/p>\n","protected":false},"excerpt":{"rendered":"<p>Nike Air Jordan 1 Hvit Svart R\u00f8d ROYAL&raquo; FUR &raquo; joggesko kombinerer merkets legendariske design og komfort for kaldt v\u00e6r. Modellen er utstyrt med isolert pels, som gir varme og komfort under daglig bruk. Den lyse kombinasjonen av hvite, svarte og r\u00f8de farger gir en stilig aksent og gj\u00f8r joggeskoene allsidige for forskjellige utseende. Ideell for urban stil og utend\u00f8rsaktiviteter. Nike Air Jordan 1 ROYAL er f\u00f8rsteklasses kvalitet og et ikonisk merke p\u00e5 hvert trinn.<\/p>\n","protected":false},"featured_media":598369,"comment_status":"open","ping_status":"open","template":"","meta":[],"product_brand":[],"product_cat":[3389,3277,3324],"product_tag":[],"class_list":{"0":"post-598368","1":"product","2":"type-product","3":"status-publish","4":"has-post-thumbnail","6":"product_cat-nike-jordan","7":"product_cat-all-product","8":"product_cat-kedy","9":"pa_rozmir-910","10":"pa_rozmir-912","11":"pa_rozmir-914","12":"pa_rozmir-915","13":"pa_rozmir-916","14":"pa_rozmir-917","15":"pa_rozmir-918","16":"pa_rozmir-919","17":"pa_rozmir-920","18":"pa_rozmir-921","19":"pa_rozmir-922","21":"first","22":"instock","23":"purchasable","24":"product-type-variable"},"_links":{"self":[{"href":"https:\/\/nextsnkr.com\/no\/wp-json\/wp\/v2\/product\/598368","targetHints":{"allow":["GET"]}}],"collection":[{"href":"https:\/\/nextsnkr.com\/no\/wp-json\/wp\/v2\/product"}],"about":[{"href":"https:\/\/nextsnkr.com\/no\/wp-json\/wp\/v2\/types\/product"}],"replies":[{"embeddable":true,"href":"https:\/\/nextsnkr.com\/no\/wp-json\/wp\/v2\/comments?post=598368"}],"version-history":[{"count":0,"href":"https:\/\/nextsnkr.com\/no\/wp-json\/wp\/v2\/product\/598368\/revisions"}],"wp:featuredmedia":[{"embeddable":true,"href":"https:\/\/nextsnkr.com\/no\/wp-json\/wp\/v2\/media\/598369"}],"wp:attachment":[{"href":"https:\/\/nextsnkr.com\/no\/wp-json\/wp\/v2\/media?parent=598368"}],"wp:term":[{"taxonomy":"product_brand","embeddable":true,"href":"https:\/\/nextsnkr.com\/no\/wp-json\/wp\/v2\/product_brand?post=598368"},{"taxonomy":"product_cat","embeddable":true,"href":"https:\/\/nextsnkr.com\/no\/wp-json\/wp\/v2\/product_cat?post=598368"},{"taxonomy":"product_tag","embeddable":true,"href":"https:\/\/nextsnkr.com\/no\/wp-json\/wp\/v2\/product_tag?post=598368"}],"curies":[{"name":"wp","href":"https:\/\/api.w.org\/{rel}","templated":true}]}}