{"id":597519,"date":"2025-06-17T21:03:37","date_gmt":"2025-06-17T18:03:37","guid":{"rendered":"https:\/\/nextsnkr.com\/product\/adidas-yeezy-slide-earth-bone\/"},"modified":"2026-02-01T12:57:31","modified_gmt":"2026-02-01T09:57:31","slug":"adidas-yeezy-slide-earth-bone","status":"publish","type":"product","link":"https:\/\/nextsnkr.com\/no\/produkt\/adidas-yeezy-slide-earth-bone\/","title":{"rendered":"Adidas Yeezy Slide Earth Bone T\u00f8fler-Komfortable Skum Skifer"},"content":{"rendered":"<h2>Adidas Yeezy Slide Earth Bone T\u00f8fler-Komfortable Skum Skifer<\/h2>\n<p>&nbsp;<\/p>\n<p>Adidas Yeezy Slide Earth Bone slippers er laget av lett og mykt skum, som gir komfort, demping og bekvemmelighet under daglig bruk. Den naturlige beige skyggen gj\u00f8r modellen allsidig og enkel \u00e5 kombinere med ethvert sommer-eller hjemmeutseende. Den lette designen og den anatomiske formen p\u00e5 s\u00e5len garanterer fotst\u00f8tte og komfort hele dagen. Velg Adidas Yeezy Slide Earth Bone for stilige, praktiske og komfortable sko.<\/p>\n","protected":false},"excerpt":{"rendered":"<p>Adidas Yeezy Slide Earth Bone slippers er laget av lett og mykt skum, som gir komfort, demping og bekvemmelighet under daglig bruk. Den naturlige beige skyggen gj\u00f8r modellen allsidig og enkel \u00e5 kombinere med ethvert sommer-eller hjemmeutseende. Den lette designen og den anatomiske formen p\u00e5 s\u00e5len garanterer fotst\u00f8tte og komfort hele dagen. Velg Adidas Yeezy Slide Earth Bone for stilige, praktiske og komfortable sko.<\/p>\n","protected":false},"featured_media":597520,"comment_status":"open","ping_status":"open","template":"","meta":[],"product_brand":[],"product_cat":[3402,3277,3426],"product_tag":[],"class_list":{"0":"post-597519","1":"product","2":"type-product","3":"status-publish","4":"has-post-thumbnail","6":"product_cat-adidas-yeezy","7":"product_cat-all-product","8":"product_cat-shlopantsi","9":"pa_rozmir-910","10":"pa_rozmir-912","11":"pa_rozmir-914","12":"pa_rozmir-915","13":"pa_rozmir-916","14":"pa_rozmir-917","15":"pa_rozmir-918","16":"pa_rozmir-919","17":"pa_rozmir-920","18":"pa_rozmir-921","19":"pa_rozmir-922","21":"first","22":"instock","23":"purchasable","24":"product-type-variable"},"_links":{"self":[{"href":"https:\/\/nextsnkr.com\/no\/wp-json\/wp\/v2\/product\/597519","targetHints":{"allow":["GET"]}}],"collection":[{"href":"https:\/\/nextsnkr.com\/no\/wp-json\/wp\/v2\/product"}],"about":[{"href":"https:\/\/nextsnkr.com\/no\/wp-json\/wp\/v2\/types\/product"}],"replies":[{"embeddable":true,"href":"https:\/\/nextsnkr.com\/no\/wp-json\/wp\/v2\/comments?post=597519"}],"version-history":[{"count":0,"href":"https:\/\/nextsnkr.com\/no\/wp-json\/wp\/v2\/product\/597519\/revisions"}],"wp:featuredmedia":[{"embeddable":true,"href":"https:\/\/nextsnkr.com\/no\/wp-json\/wp\/v2\/media\/597520"}],"wp:attachment":[{"href":"https:\/\/nextsnkr.com\/no\/wp-json\/wp\/v2\/media?parent=597519"}],"wp:term":[{"taxonomy":"product_brand","embeddable":true,"href":"https:\/\/nextsnkr.com\/no\/wp-json\/wp\/v2\/product_brand?post=597519"},{"taxonomy":"product_cat","embeddable":true,"href":"https:\/\/nextsnkr.com\/no\/wp-json\/wp\/v2\/product_cat?post=597519"},{"taxonomy":"product_tag","embeddable":true,"href":"https:\/\/nextsnkr.com\/no\/wp-json\/wp\/v2\/product_tag?post=597519"}],"curies":[{"name":"wp","href":"https:\/\/api.w.org\/{rel}","templated":true}]}}