{"id":597179,"date":"2025-06-17T21:05:18","date_gmt":"2025-06-17T18:05:18","guid":{"rendered":"https:\/\/nextsnkr.com\/product\/yeezy-slide-bono-white\/"},"modified":"2026-02-01T12:57:22","modified_gmt":"2026-02-01T09:57:22","slug":"yeezy-slide-bono-white","status":"publish","type":"product","link":"https:\/\/nextsnkr.com\/no\/produkt\/yeezy-slide-bono-white\/","title":{"rendered":"Yeezy Slide Bono Hvite t\u00f8fler MED EVA-komfort og stil for daglig bruk"},"content":{"rendered":"<h2>Yeezy Slide Bono Hvite t\u00f8fler MED EVA-komfort og stil for daglig bruk<\/h2>\n<p>&nbsp;<\/p>\n<p>Yeezy Slide Bono White er lette OG stilige EVA-t\u00f8fler som gir maksimal komfort og demping under daglig bruk. Den ergonomiske designen f\u00f8lger formen p\u00e5 foten, og den hvite fargen gir friskhet og allsidighet til utseendet. Disse Yeezy Slide-t\u00f8flene er laget I Vietnam og kombinerer h\u00f8y kvalitet, praktisk og et gjenkjennelig merke, noe som gj\u00f8r dem til det perfekte valget for hjem, ferie eller utflukt.<\/p>\n","protected":false},"excerpt":{"rendered":"<p>Yeezy Slide Bono White er lette OG stilige EVA-t\u00f8fler som gir maksimal komfort og demping under daglig bruk. Den ergonomiske designen f\u00f8lger formen p\u00e5 foten, og den hvite fargen gir friskhet og allsidighet til utseendet. Disse Yeezy Slide-t\u00f8flene er laget I Vietnam og kombinerer h\u00f8y kvalitet, praktisk og et gjenkjennelig merke, noe som gj\u00f8r dem til det perfekte valget for hjem, ferie eller utflukt.<\/p>\n","protected":false},"featured_media":597180,"comment_status":"open","ping_status":"open","template":"","meta":[],"product_brand":[],"product_cat":[3402,3277,3426],"product_tag":[],"class_list":{"0":"post-597179","1":"product","2":"type-product","3":"status-publish","4":"has-post-thumbnail","6":"product_cat-adidas-yeezy","7":"product_cat-all-product","8":"product_cat-shlopantsi","9":"pa_rozmir-910","10":"pa_rozmir-912","11":"pa_rozmir-914","12":"pa_rozmir-915","13":"pa_rozmir-916","14":"pa_rozmir-917","15":"pa_rozmir-918","16":"pa_rozmir-919","17":"pa_rozmir-920","18":"pa_rozmir-921","19":"pa_rozmir-922","21":"first","22":"instock","23":"purchasable","24":"product-type-variable"},"_links":{"self":[{"href":"https:\/\/nextsnkr.com\/no\/wp-json\/wp\/v2\/product\/597179","targetHints":{"allow":["GET"]}}],"collection":[{"href":"https:\/\/nextsnkr.com\/no\/wp-json\/wp\/v2\/product"}],"about":[{"href":"https:\/\/nextsnkr.com\/no\/wp-json\/wp\/v2\/types\/product"}],"replies":[{"embeddable":true,"href":"https:\/\/nextsnkr.com\/no\/wp-json\/wp\/v2\/comments?post=597179"}],"version-history":[{"count":0,"href":"https:\/\/nextsnkr.com\/no\/wp-json\/wp\/v2\/product\/597179\/revisions"}],"wp:featuredmedia":[{"embeddable":true,"href":"https:\/\/nextsnkr.com\/no\/wp-json\/wp\/v2\/media\/597180"}],"wp:attachment":[{"href":"https:\/\/nextsnkr.com\/no\/wp-json\/wp\/v2\/media?parent=597179"}],"wp:term":[{"taxonomy":"product_brand","embeddable":true,"href":"https:\/\/nextsnkr.com\/no\/wp-json\/wp\/v2\/product_brand?post=597179"},{"taxonomy":"product_cat","embeddable":true,"href":"https:\/\/nextsnkr.com\/no\/wp-json\/wp\/v2\/product_cat?post=597179"},{"taxonomy":"product_tag","embeddable":true,"href":"https:\/\/nextsnkr.com\/no\/wp-json\/wp\/v2\/product_tag?post=597179"}],"curies":[{"name":"wp","href":"https:\/\/api.w.org\/{rel}","templated":true}]}}