{"id":596098,"date":"2025-06-19T23:02:03","date_gmt":"2025-06-19T20:02:03","guid":{"rendered":"https:\/\/nextsnkr.com\/product\/1906a-black\/"},"modified":"2026-02-01T12:56:49","modified_gmt":"2026-02-01T09:56:49","slug":"1906a-black","status":"publish","type":"product","link":"https:\/\/nextsnkr.com\/no\/produkt\/1906a-black\/","title":{"rendered":"1906a svarte sneakers laget av l\u00e6r og tekstil"},"content":{"rendered":"<h2>1906a svarte sneakers laget av l\u00e6r og tekstil<\/h2>\n<p>&nbsp;<\/p>\n<p>1906a Svarte joggesko kombinerer stilig design og materialer av h\u00f8y kvalitet: l\u00e6r og tekstiler, noe som sikrer komfort og holdbarhet. Lette og komfortable, de er ideelle for daglig bruk og utend\u00f8rsaktiviteter. Den gjennomtenkte utformingen av s\u00e5len garanterer stabilitet og demping, og den svarte fargen gj\u00f8r dem allsidige for ethvert utseende. Den h\u00f8ye kvaliteten laget Av Vietnam gj\u00f8r disse joggeskoene til et p\u00e5litelig valg for garderoben din.<\/p>\n","protected":false},"excerpt":{"rendered":"<p>1906a Svarte joggesko kombinerer stilig design og materialer av h\u00f8y kvalitet: l\u00e6r og tekstiler, noe som sikrer komfort og holdbarhet. Lette og komfortable, de er ideelle for daglig bruk og utend\u00f8rsaktiviteter. Den gjennomtenkte utformingen av s\u00e5len garanterer stabilitet og demping, og den svarte fargen gj\u00f8r dem allsidige for ethvert utseende. Den h\u00f8ye kvaliteten laget Av Vietnam gj\u00f8r disse joggeskoene til et p\u00e5litelig valg for garderoben din.<\/p>\n","protected":false},"featured_media":596099,"comment_status":"open","ping_status":"open","template":"","meta":[],"product_brand":[],"product_cat":[3277,3278],"product_tag":[],"class_list":{"0":"post-596098","1":"product","2":"type-product","3":"status-publish","4":"has-post-thumbnail","6":"product_cat-all-product","7":"product_cat-krosivky","8":"pa_rozmir-910","9":"pa_rozmir-912","10":"pa_rozmir-914","11":"pa_rozmir-915","12":"pa_rozmir-916","13":"pa_rozmir-917","14":"pa_rozmir-918","15":"pa_rozmir-919","16":"pa_rozmir-920","17":"pa_rozmir-921","18":"pa_rozmir-922","20":"first","21":"instock","22":"purchasable","23":"product-type-variable"},"_links":{"self":[{"href":"https:\/\/nextsnkr.com\/no\/wp-json\/wp\/v2\/product\/596098","targetHints":{"allow":["GET"]}}],"collection":[{"href":"https:\/\/nextsnkr.com\/no\/wp-json\/wp\/v2\/product"}],"about":[{"href":"https:\/\/nextsnkr.com\/no\/wp-json\/wp\/v2\/types\/product"}],"replies":[{"embeddable":true,"href":"https:\/\/nextsnkr.com\/no\/wp-json\/wp\/v2\/comments?post=596098"}],"version-history":[{"count":0,"href":"https:\/\/nextsnkr.com\/no\/wp-json\/wp\/v2\/product\/596098\/revisions"}],"wp:featuredmedia":[{"embeddable":true,"href":"https:\/\/nextsnkr.com\/no\/wp-json\/wp\/v2\/media\/596099"}],"wp:attachment":[{"href":"https:\/\/nextsnkr.com\/no\/wp-json\/wp\/v2\/media?parent=596098"}],"wp:term":[{"taxonomy":"product_brand","embeddable":true,"href":"https:\/\/nextsnkr.com\/no\/wp-json\/wp\/v2\/product_brand?post=596098"},{"taxonomy":"product_cat","embeddable":true,"href":"https:\/\/nextsnkr.com\/no\/wp-json\/wp\/v2\/product_cat?post=596098"},{"taxonomy":"product_tag","embeddable":true,"href":"https:\/\/nextsnkr.com\/no\/wp-json\/wp\/v2\/product_tag?post=596098"}],"curies":[{"name":"wp","href":"https:\/\/api.w.org\/{rel}","templated":true}]}}