{"id":595928,"date":"2025-06-19T23:03:13","date_gmt":"2025-06-19T20:03:13","guid":{"rendered":"https:\/\/nextsnkr.com\/product\/speedcat-red\/"},"modified":"2026-02-01T12:56:45","modified_gmt":"2026-02-01T09:56:45","slug":"speedcat-red","status":"publish","type":"product","link":"https:\/\/nextsnkr.com\/no\/produkt\/speedcat-red\/","title":{"rendered":"Speedcat R\u00f8de semsket joggesko for et stilig uformelt utseende"},"content":{"rendered":"<h2>Speedcat R\u00f8de semsket joggesko for et stilig uformelt utseende<\/h2>\n<p>&nbsp;<\/p>\n<p>Speedcat R\u00f8de joggesko er laget av semsket skinn av h\u00f8y kvalitet, noe som garanterer komfort og holdbarhet. Lette og stilige, de er egnet for daglig bruk og utend\u00f8rsaktiviteter. Speedcat-merket kombinerer moderne design og klassisk estetikk, og gir lysstyrken til utseendet ditt. Et ideelt valg for de som setter pris p\u00e5 komfort, stil og f\u00f8rsteklasses kvalitet i uformelle sko.<\/p>\n","protected":false},"excerpt":{"rendered":"<p>Speedcat R\u00f8de joggesko er laget av semsket skinn av h\u00f8y kvalitet, noe som garanterer komfort og holdbarhet. Lette og stilige, de er egnet for daglig bruk og utend\u00f8rsaktiviteter. Speedcat-merket kombinerer moderne design og klassisk estetikk, og gir lysstyrken til utseendet ditt. Et ideelt valg for de som setter pris p\u00e5 komfort, stil og f\u00f8rsteklasses kvalitet i uformelle sko.<\/p>\n","protected":false},"featured_media":595929,"comment_status":"open","ping_status":"open","template":"","meta":[],"product_brand":[],"product_cat":[3277,3324],"product_tag":[],"class_list":{"0":"post-595928","1":"product","2":"type-product","3":"status-publish","4":"has-post-thumbnail","6":"product_cat-all-product","7":"product_cat-kedy","8":"pa_rozmir-910","9":"pa_rozmir-912","10":"pa_rozmir-914","11":"pa_rozmir-915","12":"pa_rozmir-916","13":"pa_rozmir-917","14":"pa_rozmir-918","15":"pa_rozmir-919","16":"pa_rozmir-920","17":"pa_rozmir-921","18":"pa_rozmir-922","20":"first","21":"instock","22":"purchasable","23":"product-type-variable"},"_links":{"self":[{"href":"https:\/\/nextsnkr.com\/no\/wp-json\/wp\/v2\/product\/595928","targetHints":{"allow":["GET"]}}],"collection":[{"href":"https:\/\/nextsnkr.com\/no\/wp-json\/wp\/v2\/product"}],"about":[{"href":"https:\/\/nextsnkr.com\/no\/wp-json\/wp\/v2\/types\/product"}],"replies":[{"embeddable":true,"href":"https:\/\/nextsnkr.com\/no\/wp-json\/wp\/v2\/comments?post=595928"}],"version-history":[{"count":0,"href":"https:\/\/nextsnkr.com\/no\/wp-json\/wp\/v2\/product\/595928\/revisions"}],"wp:featuredmedia":[{"embeddable":true,"href":"https:\/\/nextsnkr.com\/no\/wp-json\/wp\/v2\/media\/595929"}],"wp:attachment":[{"href":"https:\/\/nextsnkr.com\/no\/wp-json\/wp\/v2\/media?parent=595928"}],"wp:term":[{"taxonomy":"product_brand","embeddable":true,"href":"https:\/\/nextsnkr.com\/no\/wp-json\/wp\/v2\/product_brand?post=595928"},{"taxonomy":"product_cat","embeddable":true,"href":"https:\/\/nextsnkr.com\/no\/wp-json\/wp\/v2\/product_cat?post=595928"},{"taxonomy":"product_tag","embeddable":true,"href":"https:\/\/nextsnkr.com\/no\/wp-json\/wp\/v2\/product_tag?post=595928"}],"curies":[{"name":"wp","href":"https:\/\/api.w.org\/{rel}","templated":true}]}}