{"id":595419,"date":"2025-06-19T23:06:19","date_gmt":"2025-06-19T20:06:19","guid":{"rendered":"https:\/\/nextsnkr.com\/product\/9060-dark-beige\/"},"modified":"2026-02-01T12:56:30","modified_gmt":"2026-02-01T09:56:30","slug":"9060-dark-beige","status":"publish","type":"product","link":"https:\/\/nextsnkr.com\/no\/produkt\/9060-dark-beige\/","title":{"rendered":"9060 M\u00f8rk Beige semsket joggesko for stilig og behagelig bruk"},"content":{"rendered":"<h2>9060 M\u00f8rk Beige semsket joggesko for stilig og behagelig bruk<\/h2>\n<p>&nbsp;<\/p>\n<p>9060 M\u00f8rk Beige joggesko er laget av semsket skinn av h\u00f8y kvalitet, noe som sikrer komfort og holdbarhet. Produsenten fra Vietnam garanterer utmerket kvalitet p\u00e5 hvert par. Den stilige beige fargen og det moderne designet gj\u00f8r disse joggeskoene til et allsidig valg for daglig bruk og en aktiv livsstil. Lette og komfortable, de vil understreke individualitet og legge eleganse til ethvert utseende.<\/p>\n","protected":false},"excerpt":{"rendered":"<p>9060 M\u00f8rk Beige joggesko er laget av semsket skinn av h\u00f8y kvalitet, noe som sikrer komfort og holdbarhet. Produsenten fra Vietnam garanterer utmerket kvalitet p\u00e5 hvert par. Den stilige beige fargen og det moderne designet gj\u00f8r disse joggeskoene til et allsidig valg for daglig bruk og en aktiv livsstil. Lette og komfortable, de vil understreke individualitet og legge eleganse til ethvert utseende.<\/p>\n","protected":false},"featured_media":595420,"comment_status":"open","ping_status":"open","template":"","meta":[],"product_brand":[],"product_cat":[3277,3278],"product_tag":[],"class_list":{"0":"post-595419","1":"product","2":"type-product","3":"status-publish","4":"has-post-thumbnail","6":"product_cat-all-product","7":"product_cat-krosivky","8":"pa_rozmir-910","9":"pa_rozmir-912","10":"pa_rozmir-914","11":"pa_rozmir-915","12":"pa_rozmir-916","13":"pa_rozmir-917","14":"pa_rozmir-918","15":"pa_rozmir-919","16":"pa_rozmir-920","17":"pa_rozmir-921","18":"pa_rozmir-922","20":"first","21":"instock","22":"purchasable","23":"product-type-variable"},"_links":{"self":[{"href":"https:\/\/nextsnkr.com\/no\/wp-json\/wp\/v2\/product\/595419","targetHints":{"allow":["GET"]}}],"collection":[{"href":"https:\/\/nextsnkr.com\/no\/wp-json\/wp\/v2\/product"}],"about":[{"href":"https:\/\/nextsnkr.com\/no\/wp-json\/wp\/v2\/types\/product"}],"replies":[{"embeddable":true,"href":"https:\/\/nextsnkr.com\/no\/wp-json\/wp\/v2\/comments?post=595419"}],"version-history":[{"count":0,"href":"https:\/\/nextsnkr.com\/no\/wp-json\/wp\/v2\/product\/595419\/revisions"}],"wp:featuredmedia":[{"embeddable":true,"href":"https:\/\/nextsnkr.com\/no\/wp-json\/wp\/v2\/media\/595420"}],"wp:attachment":[{"href":"https:\/\/nextsnkr.com\/no\/wp-json\/wp\/v2\/media?parent=595419"}],"wp:term":[{"taxonomy":"product_brand","embeddable":true,"href":"https:\/\/nextsnkr.com\/no\/wp-json\/wp\/v2\/product_brand?post=595419"},{"taxonomy":"product_cat","embeddable":true,"href":"https:\/\/nextsnkr.com\/no\/wp-json\/wp\/v2\/product_cat?post=595419"},{"taxonomy":"product_tag","embeddable":true,"href":"https:\/\/nextsnkr.com\/no\/wp-json\/wp\/v2\/product_tag?post=595419"}],"curies":[{"name":"wp","href":"https:\/\/api.w.org\/{rel}","templated":true}]}}