{"id":594382,"date":"2025-06-23T08:56:26","date_gmt":"2025-06-23T05:56:26","guid":{"rendered":"https:\/\/nextsnkr.com\/product\/cargo-sneaker-white-grey\/"},"modified":"2026-02-01T12:56:04","modified_gmt":"2026-02-01T09:56:04","slug":"cargo-sneaker-white-grey","status":"publish","type":"product","link":"https:\/\/nextsnkr.com\/no\/produkt\/cargo-sneaker-white-grey\/","title":{"rendered":"Cargo Sneaker Hvit \/ Gr\u00e5 skinn og semsket skinn"},"content":{"rendered":"<h2>Cargo Sneaker Hvit \/ Gr\u00e5 skinn og semsket skinn<\/h2>\n<p>&nbsp;<\/p>\n<p>Cargo Sneaker Hvit \/ Gr\u00e5 joggesko er en stilig kombinasjon av l\u00e6r, semsket skinn og tekstiler for komfort og holdbarhet. Modellen er flott for daglig bruk og utend\u00f8rsaktiviteter, noe som gir fotst\u00f8tte og behagelig demping. Den hvite og gr\u00e5 designen kombineres enkelt med forskjellige utseende, noe som gj\u00f8r joggeskoene til et allsidig valg for urban stil og sport. Materialer av h\u00f8y kvalitet garanterer lang levetid og behagelige opplevelser i hvert trinn.<\/p>\n","protected":false},"excerpt":{"rendered":"<p>Cargo Sneaker Hvit \/ Gr\u00e5 joggesko er en stilig kombinasjon av l\u00e6r, semsket skinn og tekstiler for komfort og holdbarhet. Modellen er flott for daglig bruk og utend\u00f8rsaktiviteter, noe som gir fotst\u00f8tte og behagelig demping. Den hvite og gr\u00e5 designen kombineres enkelt med forskjellige utseende, noe som gj\u00f8r joggeskoene til et allsidig valg for urban stil og sport. Materialer av h\u00f8y kvalitet garanterer lang levetid og behagelige opplevelser i hvert trinn.<\/p>\n","protected":false},"featured_media":594383,"comment_status":"open","ping_status":"open","template":"","meta":[],"product_brand":[],"product_cat":[3277,3278],"product_tag":[],"class_list":{"0":"post-594382","1":"product","2":"type-product","3":"status-publish","4":"has-post-thumbnail","6":"product_cat-all-product","7":"product_cat-krosivky","8":"pa_rozmir-910","9":"pa_rozmir-912","10":"pa_rozmir-914","11":"pa_rozmir-915","12":"pa_rozmir-916","13":"pa_rozmir-917","14":"pa_rozmir-918","15":"pa_rozmir-919","16":"pa_rozmir-920","17":"pa_rozmir-921","18":"pa_rozmir-922","20":"first","21":"onbackorder","22":"purchasable","23":"product-type-variable"},"_links":{"self":[{"href":"https:\/\/nextsnkr.com\/no\/wp-json\/wp\/v2\/product\/594382","targetHints":{"allow":["GET"]}}],"collection":[{"href":"https:\/\/nextsnkr.com\/no\/wp-json\/wp\/v2\/product"}],"about":[{"href":"https:\/\/nextsnkr.com\/no\/wp-json\/wp\/v2\/types\/product"}],"replies":[{"embeddable":true,"href":"https:\/\/nextsnkr.com\/no\/wp-json\/wp\/v2\/comments?post=594382"}],"version-history":[{"count":0,"href":"https:\/\/nextsnkr.com\/no\/wp-json\/wp\/v2\/product\/594382\/revisions"}],"wp:featuredmedia":[{"embeddable":true,"href":"https:\/\/nextsnkr.com\/no\/wp-json\/wp\/v2\/media\/594383"}],"wp:attachment":[{"href":"https:\/\/nextsnkr.com\/no\/wp-json\/wp\/v2\/media?parent=594382"}],"wp:term":[{"taxonomy":"product_brand","embeddable":true,"href":"https:\/\/nextsnkr.com\/no\/wp-json\/wp\/v2\/product_brand?post=594382"},{"taxonomy":"product_cat","embeddable":true,"href":"https:\/\/nextsnkr.com\/no\/wp-json\/wp\/v2\/product_cat?post=594382"},{"taxonomy":"product_tag","embeddable":true,"href":"https:\/\/nextsnkr.com\/no\/wp-json\/wp\/v2\/product_tag?post=594382"}],"curies":[{"name":"wp","href":"https:\/\/api.w.org\/{rel}","templated":true}]}}