{"id":591478,"date":"2025-06-19T22:42:35","date_gmt":"2025-06-19T19:42:35","guid":{"rendered":"https:\/\/nextsnkr.com\/product\/bv-classic-black-premium\/"},"modified":"2026-02-01T12:54:31","modified_gmt":"2026-02-01T09:54:31","slug":"bv-classic-black-premium","status":"publish","type":"product","link":"https:\/\/nextsnkr.com\/no\/produkt\/bv-classic-black-premium\/","title":{"rendered":"BV Classic Svart Ekte L\u00e6r St\u00f8vler"},"content":{"rendered":"<h2>BV Classic Svart Ekte L\u00e6r St\u00f8vler<\/h2>\n<p>&nbsp;<\/p>\n<p>De elegante bv Classic Black Premium st\u00f8vlene er laget av ekte skinn av h\u00f8y kvalitet, noe som sikrer komfort og holdbarhet. De er ideelle for daglig bruk og skaper et stilig utseende, og kombinerer klassisk og moderne design. BV-merket garanterer p\u00e5litelighet, f\u00f8rsteklasses kvalitet og allsidighet, noe som gj\u00f8r disse st\u00f8vlene til et must i garderoben din.<\/p>\n","protected":false},"excerpt":{"rendered":"<p>De elegante bv Classic Black Premium st\u00f8vlene er laget av ekte skinn av h\u00f8y kvalitet, noe som sikrer komfort og holdbarhet. De er ideelle for daglig bruk og skaper et stilig utseende, og kombinerer klassisk og moderne design. BV-merket garanterer p\u00e5litelighet, f\u00f8rsteklasses kvalitet og allsidighet, noe som gj\u00f8r disse st\u00f8vlene til et must i garderoben din.<\/p>\n","protected":false},"featured_media":591479,"comment_status":"open","ping_status":"open","template":"","meta":[],"product_brand":[],"product_cat":[3277,3337],"product_tag":[],"class_list":{"0":"post-591478","1":"product","2":"type-product","3":"status-publish","4":"has-post-thumbnail","6":"product_cat-all-product","7":"product_cat-cherevyky","8":"pa_rozmir-910","9":"pa_rozmir-912","10":"pa_rozmir-914","11":"pa_rozmir-915","12":"pa_rozmir-916","13":"pa_rozmir-917","14":"pa_rozmir-918","15":"pa_rozmir-919","16":"pa_rozmir-920","17":"pa_rozmir-921","18":"pa_rozmir-922","20":"first","21":"onbackorder","22":"purchasable","23":"product-type-variable"},"_links":{"self":[{"href":"https:\/\/nextsnkr.com\/no\/wp-json\/wp\/v2\/product\/591478","targetHints":{"allow":["GET"]}}],"collection":[{"href":"https:\/\/nextsnkr.com\/no\/wp-json\/wp\/v2\/product"}],"about":[{"href":"https:\/\/nextsnkr.com\/no\/wp-json\/wp\/v2\/types\/product"}],"replies":[{"embeddable":true,"href":"https:\/\/nextsnkr.com\/no\/wp-json\/wp\/v2\/comments?post=591478"}],"version-history":[{"count":0,"href":"https:\/\/nextsnkr.com\/no\/wp-json\/wp\/v2\/product\/591478\/revisions"}],"wp:featuredmedia":[{"embeddable":true,"href":"https:\/\/nextsnkr.com\/no\/wp-json\/wp\/v2\/media\/591479"}],"wp:attachment":[{"href":"https:\/\/nextsnkr.com\/no\/wp-json\/wp\/v2\/media?parent=591478"}],"wp:term":[{"taxonomy":"product_brand","embeddable":true,"href":"https:\/\/nextsnkr.com\/no\/wp-json\/wp\/v2\/product_brand?post=591478"},{"taxonomy":"product_cat","embeddable":true,"href":"https:\/\/nextsnkr.com\/no\/wp-json\/wp\/v2\/product_cat?post=591478"},{"taxonomy":"product_tag","embeddable":true,"href":"https:\/\/nextsnkr.com\/no\/wp-json\/wp\/v2\/product_tag?post=591478"}],"curies":[{"name":"wp","href":"https:\/\/api.w.org\/{rel}","templated":true}]}}