{"id":591308,"date":"2025-06-19T22:43:28","date_gmt":"2025-06-19T19:43:28","guid":{"rendered":"https:\/\/nextsnkr.com\/product\/jordan-4\/"},"modified":"2026-02-01T12:54:27","modified_gmt":"2026-02-01T09:54:27","slug":"jordan-4","status":"publish","type":"product","link":"https:\/\/nextsnkr.com\/no\/produkt\/jordan-4\/","title":{"rendered":"Jordan 4 L\u00e6r sneakers-stil og komfort for daglig bruk"},"content":{"rendered":"<h2>Jordan 4 L\u00e6r sneakers-stil og komfort for daglig bruk<\/h2>\n<p>&nbsp;<\/p>\n<p>Jordan 4 joggesko er laget av l\u00e6r av h\u00f8y kvalitet, som garanterer holdbarhet og komfort mens du har p\u00e5 deg. Modellen kombinerer stilig design og p\u00e5litelig demping, egnet for daglig bruk og utend\u00f8rsaktiviteter. Jordan 4 gir en komfortabel fotpasning og et elegant utseende i enhver situasjon. Velg denne modellen for et moderne utseende og maksimal bekvemmelighet.<\/p>\n","protected":false},"excerpt":{"rendered":"<p>Jordan 4 joggesko er laget av l\u00e6r av h\u00f8y kvalitet, som garanterer holdbarhet og komfort mens du har p\u00e5 deg. Modellen kombinerer stilig design og p\u00e5litelig demping, egnet for daglig bruk og utend\u00f8rsaktiviteter. Jordan 4 gir en komfortabel fotpasning og et elegant utseende i enhver situasjon. Velg denne modellen for et moderne utseende og maksimal bekvemmelighet.<\/p>\n","protected":false},"featured_media":591309,"comment_status":"open","ping_status":"open","template":"","meta":[],"product_brand":[],"product_cat":[3389,3277,3278],"product_tag":[],"class_list":{"0":"post-591308","1":"product","2":"type-product","3":"status-publish","4":"has-post-thumbnail","6":"product_cat-nike-jordan","7":"product_cat-all-product","8":"product_cat-krosivky","9":"pa_rozmir-910","10":"pa_rozmir-912","11":"pa_rozmir-914","12":"pa_rozmir-915","13":"pa_rozmir-916","14":"pa_rozmir-917","15":"pa_rozmir-918","16":"pa_rozmir-919","17":"pa_rozmir-920","18":"pa_rozmir-921","19":"pa_rozmir-922","21":"first","22":"instock","23":"purchasable","24":"product-type-variable"},"_links":{"self":[{"href":"https:\/\/nextsnkr.com\/no\/wp-json\/wp\/v2\/product\/591308","targetHints":{"allow":["GET"]}}],"collection":[{"href":"https:\/\/nextsnkr.com\/no\/wp-json\/wp\/v2\/product"}],"about":[{"href":"https:\/\/nextsnkr.com\/no\/wp-json\/wp\/v2\/types\/product"}],"replies":[{"embeddable":true,"href":"https:\/\/nextsnkr.com\/no\/wp-json\/wp\/v2\/comments?post=591308"}],"version-history":[{"count":0,"href":"https:\/\/nextsnkr.com\/no\/wp-json\/wp\/v2\/product\/591308\/revisions"}],"wp:featuredmedia":[{"embeddable":true,"href":"https:\/\/nextsnkr.com\/no\/wp-json\/wp\/v2\/media\/591309"}],"wp:attachment":[{"href":"https:\/\/nextsnkr.com\/no\/wp-json\/wp\/v2\/media?parent=591308"}],"wp:term":[{"taxonomy":"product_brand","embeddable":true,"href":"https:\/\/nextsnkr.com\/no\/wp-json\/wp\/v2\/product_brand?post=591308"},{"taxonomy":"product_cat","embeddable":true,"href":"https:\/\/nextsnkr.com\/no\/wp-json\/wp\/v2\/product_cat?post=591308"},{"taxonomy":"product_tag","embeddable":true,"href":"https:\/\/nextsnkr.com\/no\/wp-json\/wp\/v2\/product_tag?post=591308"}],"curies":[{"name":"wp","href":"https:\/\/api.w.org\/{rel}","templated":true}]}}