{"id":589778,"date":"2025-06-19T22:53:29","date_gmt":"2025-06-19T19:53:29","guid":{"rendered":"https:\/\/nextsnkr.com\/product\/9060-sea-salt-brown\/"},"modified":"2026-02-01T12:53:29","modified_gmt":"2026-02-01T09:53:29","slug":"9060-sea-salt-brown","status":"publish","type":"product","link":"https:\/\/nextsnkr.com\/no\/produkt\/9060-sea-salt-brown\/","title":{"rendered":"Sneakers 9060 Sea Salt Brown-semsket skinn og tekstil for daglig komfort"},"content":{"rendered":"<h2>Sneakers 9060 Sea Salt Brown-semsket skinn og tekstil for daglig komfort<\/h2>\n<p>&nbsp;<\/p>\n<p>9060 Sea Salt Brown joggesko er laget av semsket skinn og tekstil av h\u00f8y kvalitet, noe som sikrer komfort og holdbarhet. Den lette s\u00e5len og pustende materialer gj\u00f8r dem ideelle for daglig bruk og en aktiv livsstil. Den stilige brune nyansen kan enkelt kombineres med hvilken som helst garderobe, og gir modernitet og eleganse til utseendet. Valget for de som setter pris p\u00e5 kvalitet, komfort og moderne design.<\/p>\n","protected":false},"excerpt":{"rendered":"<p>9060 Sea Salt Brown joggesko er laget av semsket skinn og tekstil av h\u00f8y kvalitet, noe som sikrer komfort og holdbarhet. Den lette s\u00e5len og pustende materialer gj\u00f8r dem ideelle for daglig bruk og en aktiv livsstil. Den stilige brune nyansen kan enkelt kombineres med hvilken som helst garderobe, og gir modernitet og eleganse til utseendet. Valget for de som setter pris p\u00e5 kvalitet, komfort og moderne design.<\/p>\n","protected":false},"featured_media":589779,"comment_status":"open","ping_status":"open","template":"","meta":[],"product_brand":[],"product_cat":[3277,3278],"product_tag":[],"class_list":{"0":"post-589778","1":"product","2":"type-product","3":"status-publish","4":"has-post-thumbnail","6":"product_cat-all-product","7":"product_cat-krosivky","8":"pa_rozmir-910","9":"pa_rozmir-912","10":"pa_rozmir-914","11":"pa_rozmir-915","12":"pa_rozmir-916","13":"pa_rozmir-917","14":"pa_rozmir-918","15":"pa_rozmir-919","16":"pa_rozmir-920","17":"pa_rozmir-921","18":"pa_rozmir-922","20":"first","21":"instock","22":"purchasable","23":"product-type-variable"},"_links":{"self":[{"href":"https:\/\/nextsnkr.com\/no\/wp-json\/wp\/v2\/product\/589778","targetHints":{"allow":["GET"]}}],"collection":[{"href":"https:\/\/nextsnkr.com\/no\/wp-json\/wp\/v2\/product"}],"about":[{"href":"https:\/\/nextsnkr.com\/no\/wp-json\/wp\/v2\/types\/product"}],"replies":[{"embeddable":true,"href":"https:\/\/nextsnkr.com\/no\/wp-json\/wp\/v2\/comments?post=589778"}],"version-history":[{"count":0,"href":"https:\/\/nextsnkr.com\/no\/wp-json\/wp\/v2\/product\/589778\/revisions"}],"wp:featuredmedia":[{"embeddable":true,"href":"https:\/\/nextsnkr.com\/no\/wp-json\/wp\/v2\/media\/589779"}],"wp:attachment":[{"href":"https:\/\/nextsnkr.com\/no\/wp-json\/wp\/v2\/media?parent=589778"}],"wp:term":[{"taxonomy":"product_brand","embeddable":true,"href":"https:\/\/nextsnkr.com\/no\/wp-json\/wp\/v2\/product_brand?post=589778"},{"taxonomy":"product_cat","embeddable":true,"href":"https:\/\/nextsnkr.com\/no\/wp-json\/wp\/v2\/product_cat?post=589778"},{"taxonomy":"product_tag","embeddable":true,"href":"https:\/\/nextsnkr.com\/no\/wp-json\/wp\/v2\/product_tag?post=589778"}],"curies":[{"name":"wp","href":"https:\/\/api.w.org\/{rel}","templated":true}]}}