{"id":588071,"date":"2025-06-18T21:40:48","date_gmt":"2025-06-18T18:40:48","guid":{"rendered":"https:\/\/nextsnkr.com\/product\/prada-boots-beige\/"},"modified":"2026-02-01T12:52:45","modified_gmt":"2026-02-01T09:52:45","slug":"prada-boots-beige","status":"publish","type":"product","link":"https:\/\/nextsnkr.com\/no\/produkt\/prada-boots-beige\/","title":{"rendered":"Prada St\u00f8vler Beige st\u00f8vler-elegante l\u00e6rst\u00f8vler for kvinner"},"content":{"rendered":"<h2>Prada St\u00f8vler Beige st\u00f8vler-elegante l\u00e6rst\u00f8vler for kvinner<\/h2>\n<p>&nbsp;<\/p>\n<p>Stilig Prada St\u00f8vler Beige st\u00f8vler kombinerer elegant design og komfort. Disse Prada-st\u00f8vlene er laget av h\u00f8ykvalitetsmaterialer og er perfekte for hverdagsbruk og spesielle anledninger. Den myke s\u00e5len og den gjennomtenkte puten gir komfort hele dagen, og den klassiske beige fargen kan enkelt kombineres med hvilken som helst garderobe. Kj\u00f8p premium Prada st\u00f8vler for et stilig og selvsikkert utseende.<\/p>\n","protected":false},"excerpt":{"rendered":"<p>Stilig Prada St\u00f8vler Beige st\u00f8vler kombinerer elegant design og komfort. Disse Prada-st\u00f8vlene er laget av h\u00f8ykvalitetsmaterialer og er perfekte for hverdagsbruk og spesielle anledninger. Den myke s\u00e5len og den gjennomtenkte puten gir komfort hele dagen, og den klassiske beige fargen kan enkelt kombineres med hvilken som helst garderobe. Kj\u00f8p premium Prada st\u00f8vler for et stilig og selvsikkert utseende.<\/p>\n","protected":false},"featured_media":588072,"comment_status":"open","ping_status":"open","template":"","meta":[],"product_brand":[],"product_cat":[3277,3337],"product_tag":[],"class_list":{"0":"post-588071","1":"product","2":"type-product","3":"status-publish","4":"has-post-thumbnail","6":"product_cat-all-product","7":"product_cat-cherevyky","8":"pa_rozmir-910","9":"pa_rozmir-912","10":"pa_rozmir-914","11":"pa_rozmir-915","12":"pa_rozmir-916","13":"pa_rozmir-917","14":"pa_rozmir-918","15":"pa_rozmir-919","16":"pa_rozmir-920","17":"pa_rozmir-921","18":"pa_rozmir-922","20":"first","21":"instock","22":"purchasable","23":"product-type-variable"},"_links":{"self":[{"href":"https:\/\/nextsnkr.com\/no\/wp-json\/wp\/v2\/product\/588071","targetHints":{"allow":["GET"]}}],"collection":[{"href":"https:\/\/nextsnkr.com\/no\/wp-json\/wp\/v2\/product"}],"about":[{"href":"https:\/\/nextsnkr.com\/no\/wp-json\/wp\/v2\/types\/product"}],"replies":[{"embeddable":true,"href":"https:\/\/nextsnkr.com\/no\/wp-json\/wp\/v2\/comments?post=588071"}],"version-history":[{"count":0,"href":"https:\/\/nextsnkr.com\/no\/wp-json\/wp\/v2\/product\/588071\/revisions"}],"wp:featuredmedia":[{"embeddable":true,"href":"https:\/\/nextsnkr.com\/no\/wp-json\/wp\/v2\/media\/588072"}],"wp:attachment":[{"href":"https:\/\/nextsnkr.com\/no\/wp-json\/wp\/v2\/media?parent=588071"}],"wp:term":[{"taxonomy":"product_brand","embeddable":true,"href":"https:\/\/nextsnkr.com\/no\/wp-json\/wp\/v2\/product_brand?post=588071"},{"taxonomy":"product_cat","embeddable":true,"href":"https:\/\/nextsnkr.com\/no\/wp-json\/wp\/v2\/product_cat?post=588071"},{"taxonomy":"product_tag","embeddable":true,"href":"https:\/\/nextsnkr.com\/no\/wp-json\/wp\/v2\/product_tag?post=588071"}],"curies":[{"name":"wp","href":"https:\/\/api.w.org\/{rel}","templated":true}]}}