{"id":587731,"date":"2025-06-18T21:43:21","date_gmt":"2025-06-18T18:43:21","guid":{"rendered":"https:\/\/nextsnkr.com\/product\/prada-re-nylon-black\/"},"modified":"2026-02-01T12:52:36","modified_gmt":"2026-02-01T09:52:36","slug":"prada-re-nylon-black","status":"publish","type":"product","link":"https:\/\/nextsnkr.com\/no\/produkt\/prada-re-nylon-black\/","title":{"rendered":"Prada Re-Nylon Svart skinn st\u00f8vler er stilig og holdbar"},"content":{"rendered":"<h2>Prada Re-Nylon Svart skinn st\u00f8vler er stilig og holdbar<\/h2>\n<p>&nbsp;<\/p>\n<p>Prada Re-Nylon Svarte st\u00f8vler kombinerer elegant design og materialer av h\u00f8y kvalitet. Overdelen i ekte skinn gir holdbarhet og komfort, mens den moderne svarte fargen gj\u00f8r modellen allsidig for enhver garderobe. Et godt valg for hverdagsbruk og spesielle anledninger. Prada garanterer den h\u00f8ye kvaliteten og p\u00e5liteligheten til hvert par, med vekt p\u00e5 din stil og status.<\/p>\n","protected":false},"excerpt":{"rendered":"<p>Prada Re-Nylon Svarte st\u00f8vler kombinerer elegant design og materialer av h\u00f8y kvalitet. Overdelen i ekte skinn gir holdbarhet og komfort, mens den moderne svarte fargen gj\u00f8r modellen allsidig for enhver garderobe. Et godt valg for hverdagsbruk og spesielle anledninger. Prada garanterer den h\u00f8ye kvaliteten og p\u00e5liteligheten til hvert par, med vekt p\u00e5 din stil og status.<\/p>\n","protected":false},"featured_media":587732,"comment_status":"open","ping_status":"open","template":"","meta":[],"product_brand":[],"product_cat":[3277,3337],"product_tag":[],"class_list":{"0":"post-587731","1":"product","2":"type-product","3":"status-publish","4":"has-post-thumbnail","6":"product_cat-all-product","7":"product_cat-cherevyky","8":"pa_rozmir-910","9":"pa_rozmir-912","10":"pa_rozmir-914","11":"pa_rozmir-915","12":"pa_rozmir-916","13":"pa_rozmir-917","14":"pa_rozmir-918","15":"pa_rozmir-919","16":"pa_rozmir-920","17":"pa_rozmir-921","18":"pa_rozmir-922","20":"first","21":"onbackorder","22":"purchasable","23":"product-type-variable"},"_links":{"self":[{"href":"https:\/\/nextsnkr.com\/no\/wp-json\/wp\/v2\/product\/587731","targetHints":{"allow":["GET"]}}],"collection":[{"href":"https:\/\/nextsnkr.com\/no\/wp-json\/wp\/v2\/product"}],"about":[{"href":"https:\/\/nextsnkr.com\/no\/wp-json\/wp\/v2\/types\/product"}],"replies":[{"embeddable":true,"href":"https:\/\/nextsnkr.com\/no\/wp-json\/wp\/v2\/comments?post=587731"}],"version-history":[{"count":0,"href":"https:\/\/nextsnkr.com\/no\/wp-json\/wp\/v2\/product\/587731\/revisions"}],"wp:featuredmedia":[{"embeddable":true,"href":"https:\/\/nextsnkr.com\/no\/wp-json\/wp\/v2\/media\/587732"}],"wp:attachment":[{"href":"https:\/\/nextsnkr.com\/no\/wp-json\/wp\/v2\/media?parent=587731"}],"wp:term":[{"taxonomy":"product_brand","embeddable":true,"href":"https:\/\/nextsnkr.com\/no\/wp-json\/wp\/v2\/product_brand?post=587731"},{"taxonomy":"product_cat","embeddable":true,"href":"https:\/\/nextsnkr.com\/no\/wp-json\/wp\/v2\/product_cat?post=587731"},{"taxonomy":"product_tag","embeddable":true,"href":"https:\/\/nextsnkr.com\/no\/wp-json\/wp\/v2\/product_tag?post=587731"}],"curies":[{"name":"wp","href":"https:\/\/api.w.org\/{rel}","templated":true}]}}