{"id":586543,"date":"2025-06-18T22:27:42","date_gmt":"2025-06-18T19:27:42","guid":{"rendered":"https:\/\/nextsnkr.com\/product\/air-jordan-retro-4-white-pink-oreo-premium\/"},"modified":"2026-02-01T12:51:51","modified_gmt":"2026-02-01T09:51:51","slug":"air-jordan-retro-4-white-pink-oreo-premium","status":"publish","type":"product","link":"https:\/\/nextsnkr.com\/no\/produkt\/air-jordan-retro-4-white-pink-oreo-premium\/","title":{"rendered":"Air Jordan Retro 4 Hvit \/ Rosa Oreo Premium Sko"},"content":{"rendered":"<h2>Air Jordan Retro 4 Hvit \/ Rosa Oreo Premium Sko<\/h2>\n<p>&nbsp;<\/p>\n<p>De stilige Air Jordan Retro 4 Hvite \/ Rosa Oreo-joggeskoene er laget av l\u00e6r av h\u00f8y kvalitet, noe som sikrer komfort og holdbarhet. Modellen kombinerer elegant design og sporty funksjonalitet, ideell for daglig bruk og utend\u00f8rsaktiviteter. Materialer av f\u00f8rsteklasses kvalitet og merkevareestetikk gj\u00f8r Disse Air Jordan-joggeskoene til et utmerket valg for de som setter pris p\u00e5 stil, komfort og p\u00e5litelighet.<\/p>\n","protected":false},"excerpt":{"rendered":"<p>De stilige Air Jordan Retro 4 Hvite \/ Rosa Oreo-joggeskoene er laget av l\u00e6r av h\u00f8y kvalitet, noe som sikrer komfort og holdbarhet. Modellen kombinerer elegant design og sporty funksjonalitet, ideell for daglig bruk og utend\u00f8rsaktiviteter. Materialer av f\u00f8rsteklasses kvalitet og merkevareestetikk gj\u00f8r Disse Air Jordan-joggeskoene til et utmerket valg for de som setter pris p\u00e5 stil, komfort og p\u00e5litelighet.<\/p>\n","protected":false},"featured_media":586544,"comment_status":"open","ping_status":"open","template":"","meta":[],"product_brand":[],"product_cat":[3389,3277,3278],"product_tag":[],"class_list":{"0":"post-586543","1":"product","2":"type-product","3":"status-publish","4":"has-post-thumbnail","6":"product_cat-nike-jordan","7":"product_cat-all-product","8":"product_cat-krosivky","9":"pa_rozmir-910","10":"pa_rozmir-912","11":"pa_rozmir-914","12":"pa_rozmir-915","13":"pa_rozmir-916","14":"pa_rozmir-917","15":"pa_rozmir-918","16":"pa_rozmir-919","17":"pa_rozmir-920","18":"pa_rozmir-921","19":"pa_rozmir-922","21":"first","22":"instock","23":"purchasable","24":"product-type-variable"},"_links":{"self":[{"href":"https:\/\/nextsnkr.com\/no\/wp-json\/wp\/v2\/product\/586543","targetHints":{"allow":["GET"]}}],"collection":[{"href":"https:\/\/nextsnkr.com\/no\/wp-json\/wp\/v2\/product"}],"about":[{"href":"https:\/\/nextsnkr.com\/no\/wp-json\/wp\/v2\/types\/product"}],"replies":[{"embeddable":true,"href":"https:\/\/nextsnkr.com\/no\/wp-json\/wp\/v2\/comments?post=586543"}],"version-history":[{"count":0,"href":"https:\/\/nextsnkr.com\/no\/wp-json\/wp\/v2\/product\/586543\/revisions"}],"wp:featuredmedia":[{"embeddable":true,"href":"https:\/\/nextsnkr.com\/no\/wp-json\/wp\/v2\/media\/586544"}],"wp:attachment":[{"href":"https:\/\/nextsnkr.com\/no\/wp-json\/wp\/v2\/media?parent=586543"}],"wp:term":[{"taxonomy":"product_brand","embeddable":true,"href":"https:\/\/nextsnkr.com\/no\/wp-json\/wp\/v2\/product_brand?post=586543"},{"taxonomy":"product_cat","embeddable":true,"href":"https:\/\/nextsnkr.com\/no\/wp-json\/wp\/v2\/product_cat?post=586543"},{"taxonomy":"product_tag","embeddable":true,"href":"https:\/\/nextsnkr.com\/no\/wp-json\/wp\/v2\/product_tag?post=586543"}],"curies":[{"name":"wp","href":"https:\/\/api.w.org\/{rel}","templated":true}]}}