{"id":586374,"date":"2025-06-18T22:28:46","date_gmt":"2025-06-18T19:28:46","guid":{"rendered":"https:\/\/nextsnkr.com\/product\/air-jordan-retro-4-craft-premium\/"},"modified":"2026-02-01T12:51:46","modified_gmt":"2026-02-01T09:51:46","slug":"air-jordan-retro-4-craft-premium","status":"publish","type":"product","link":"https:\/\/nextsnkr.com\/no\/produkt\/air-jordan-retro-4-craft-premium\/","title":{"rendered":"AIR JORDAN RETRO 4 &laquo;CRAFT&raquo; sko premium l\u00e6r og semsket"},"content":{"rendered":"<h2>AIR JORDAN RETRO 4 &laquo;CRAFT&raquo; sko premium l\u00e6r og semsket<\/h2>\n<p>&nbsp;<\/p>\n<p>De stilige AIR JORDAN RETRO 4&#8243; CRAFT &raquo; joggeskoene er laget av l\u00e6r og semsket skinn av h\u00f8y kvalitet, noe som gir komfort og holdbarhet. De er ideelle for daglig bruk og en aktiv livsstil, og kombinerer f\u00f8rsteklasses stil og p\u00e5litelig fotst\u00f8tte. AIR JORDAN-merket garanterer utmerket kvalitet og moderne design. Disse AIR JORDAN RETRO 4 joggeskoene er et godt valg for et fasjonabelt og sporty utseende.<\/p>\n","protected":false},"excerpt":{"rendered":"<p>De stilige AIR JORDAN RETRO 4&#8243; CRAFT &raquo; joggeskoene er laget av l\u00e6r og semsket skinn av h\u00f8y kvalitet, noe som gir komfort og holdbarhet. De er ideelle for daglig bruk og en aktiv livsstil, og kombinerer f\u00f8rsteklasses stil og p\u00e5litelig fotst\u00f8tte. AIR JORDAN-merket garanterer utmerket kvalitet og moderne design. Disse AIR JORDAN RETRO 4 joggeskoene er et godt valg for et fasjonabelt og sporty utseende.<\/p>\n","protected":false},"featured_media":586375,"comment_status":"open","ping_status":"open","template":"","meta":[],"product_brand":[],"product_cat":[3389,3277,3278],"product_tag":[],"class_list":{"0":"post-586374","1":"product","2":"type-product","3":"status-publish","4":"has-post-thumbnail","6":"product_cat-nike-jordan","7":"product_cat-all-product","8":"product_cat-krosivky","9":"pa_rozmir-910","10":"pa_rozmir-912","11":"pa_rozmir-914","12":"pa_rozmir-915","13":"pa_rozmir-916","14":"pa_rozmir-917","15":"pa_rozmir-918","16":"pa_rozmir-919","17":"pa_rozmir-920","18":"pa_rozmir-921","19":"pa_rozmir-922","21":"first","22":"onbackorder","23":"purchasable","24":"product-type-variable"},"_links":{"self":[{"href":"https:\/\/nextsnkr.com\/no\/wp-json\/wp\/v2\/product\/586374","targetHints":{"allow":["GET"]}}],"collection":[{"href":"https:\/\/nextsnkr.com\/no\/wp-json\/wp\/v2\/product"}],"about":[{"href":"https:\/\/nextsnkr.com\/no\/wp-json\/wp\/v2\/types\/product"}],"replies":[{"embeddable":true,"href":"https:\/\/nextsnkr.com\/no\/wp-json\/wp\/v2\/comments?post=586374"}],"version-history":[{"count":0,"href":"https:\/\/nextsnkr.com\/no\/wp-json\/wp\/v2\/product\/586374\/revisions"}],"wp:featuredmedia":[{"embeddable":true,"href":"https:\/\/nextsnkr.com\/no\/wp-json\/wp\/v2\/media\/586375"}],"wp:attachment":[{"href":"https:\/\/nextsnkr.com\/no\/wp-json\/wp\/v2\/media?parent=586374"}],"wp:term":[{"taxonomy":"product_brand","embeddable":true,"href":"https:\/\/nextsnkr.com\/no\/wp-json\/wp\/v2\/product_brand?post=586374"},{"taxonomy":"product_cat","embeddable":true,"href":"https:\/\/nextsnkr.com\/no\/wp-json\/wp\/v2\/product_cat?post=586374"},{"taxonomy":"product_tag","embeddable":true,"href":"https:\/\/nextsnkr.com\/no\/wp-json\/wp\/v2\/product_tag?post=586374"}],"curies":[{"name":"wp","href":"https:\/\/api.w.org\/{rel}","templated":true}]}}