{"id":585528,"date":"2025-06-19T21:25:39","date_gmt":"2025-06-19T18:25:39","guid":{"rendered":"https:\/\/nextsnkr.com\/product\/air-jordan-retro-4-white-beige-green\/"},"modified":"2026-02-01T12:51:23","modified_gmt":"2026-02-01T09:51:23","slug":"air-jordan-retro-4-white-beige-green","status":"publish","type":"product","link":"https:\/\/nextsnkr.com\/no\/produkt\/air-jordan-retro-4-white-beige-green\/","title":{"rendered":"Air Jordan Retro 4 hvit \/ Beige \/ Gr\u00f8nn sko-premium l\u00e6r"},"content":{"rendered":"<h2>Air Jordan Retro 4 hvit \/ Beige \/ Gr\u00f8nn sko-premium l\u00e6r<\/h2>\n<p>&nbsp;<\/p>\n<p>De stilige Air Jordan Retro 4 Hvite \/ Beige \/ Gr\u00f8nne joggeskoene er laget av l\u00e6r av h\u00f8y kvalitet, noe som sikrer komfort og holdbarhet. Ideell for hverdagsbruk og sporty stil, de kombinerer elegant design med praktisk. Den klassiske kombinasjonen av hvite, beige og gr\u00f8nne farger gj\u00f8r modellen allsidig for forskjellige utseende. Ved \u00e5 velge Air Jordan Retro 4, f\u00e5r du komfort, stil og p\u00e5litelighet p\u00e5 hvert trinn.<\/p>\n","protected":false},"excerpt":{"rendered":"<p>De stilige Air Jordan Retro 4 Hvite \/ Beige \/ Gr\u00f8nne joggeskoene er laget av l\u00e6r av h\u00f8y kvalitet, noe som sikrer komfort og holdbarhet. Ideell for hverdagsbruk og sporty stil, de kombinerer elegant design med praktisk. Den klassiske kombinasjonen av hvite, beige og gr\u00f8nne farger gj\u00f8r modellen allsidig for forskjellige utseende. Ved \u00e5 velge Air Jordan Retro 4, f\u00e5r du komfort, stil og p\u00e5litelighet p\u00e5 hvert trinn.<\/p>\n","protected":false},"featured_media":585529,"comment_status":"open","ping_status":"open","template":"","meta":[],"product_brand":[],"product_cat":[3389,3277,3278],"product_tag":[],"class_list":{"0":"post-585528","1":"product","2":"type-product","3":"status-publish","4":"has-post-thumbnail","6":"product_cat-nike-jordan","7":"product_cat-all-product","8":"product_cat-krosivky","9":"pa_rozmir-910","10":"pa_rozmir-912","11":"pa_rozmir-914","12":"pa_rozmir-915","13":"pa_rozmir-916","14":"pa_rozmir-917","15":"pa_rozmir-918","16":"pa_rozmir-919","17":"pa_rozmir-920","18":"pa_rozmir-921","19":"pa_rozmir-922","21":"first","22":"instock","23":"purchasable","24":"product-type-variable"},"_links":{"self":[{"href":"https:\/\/nextsnkr.com\/no\/wp-json\/wp\/v2\/product\/585528","targetHints":{"allow":["GET"]}}],"collection":[{"href":"https:\/\/nextsnkr.com\/no\/wp-json\/wp\/v2\/product"}],"about":[{"href":"https:\/\/nextsnkr.com\/no\/wp-json\/wp\/v2\/types\/product"}],"replies":[{"embeddable":true,"href":"https:\/\/nextsnkr.com\/no\/wp-json\/wp\/v2\/comments?post=585528"}],"version-history":[{"count":0,"href":"https:\/\/nextsnkr.com\/no\/wp-json\/wp\/v2\/product\/585528\/revisions"}],"wp:featuredmedia":[{"embeddable":true,"href":"https:\/\/nextsnkr.com\/no\/wp-json\/wp\/v2\/media\/585529"}],"wp:attachment":[{"href":"https:\/\/nextsnkr.com\/no\/wp-json\/wp\/v2\/media?parent=585528"}],"wp:term":[{"taxonomy":"product_brand","embeddable":true,"href":"https:\/\/nextsnkr.com\/no\/wp-json\/wp\/v2\/product_brand?post=585528"},{"taxonomy":"product_cat","embeddable":true,"href":"https:\/\/nextsnkr.com\/no\/wp-json\/wp\/v2\/product_cat?post=585528"},{"taxonomy":"product_tag","embeddable":true,"href":"https:\/\/nextsnkr.com\/no\/wp-json\/wp\/v2\/product_tag?post=585528"}],"curies":[{"name":"wp","href":"https:\/\/api.w.org\/{rel}","templated":true}]}}