{"id":584850,"date":"2025-06-19T21:35:53","date_gmt":"2025-06-19T18:35:53","guid":{"rendered":"https:\/\/nextsnkr.com\/product\/p6000-brown\/"},"modified":"2026-02-01T12:51:05","modified_gmt":"2026-02-01T09:51:05","slug":"p6000-brown","status":"publish","type":"product","link":"https:\/\/nextsnkr.com\/no\/produkt\/p6000-brown\/","title":{"rendered":"P6000 Brune joggesko laget av l\u00e6r og semsket skinn for komfortabel bruk"},"content":{"rendered":"<h2>P6000 Brune joggesko laget av l\u00e6r og semsket skinn for komfortabel bruk<\/h2>\n<p>&nbsp;<\/p>\n<p>De stilige p6000 Brune joggeskoene kombinerer l\u00e6r, semsket skinn og tekstiler, noe som gir maksimal komfort og holdbarhet. Modellen har en moderne design og utmerket fotst\u00f8tte, egnet for daglig bruk og utend\u00f8rsaktiviteter. Materialer av h\u00f8y kvalitet og p\u00e5litelighet av merkenavn gj\u00f8r Disse p6000 joggeskoene til det perfekte valget for de som setter pris p\u00e5 stil, komfort og praktisk.<\/p>\n","protected":false},"excerpt":{"rendered":"<p>De stilige p6000 Brune joggeskoene kombinerer l\u00e6r, semsket skinn og tekstiler, noe som gir maksimal komfort og holdbarhet. Modellen har en moderne design og utmerket fotst\u00f8tte, egnet for daglig bruk og utend\u00f8rsaktiviteter. Materialer av h\u00f8y kvalitet og p\u00e5litelighet av merkenavn gj\u00f8r Disse p6000 joggeskoene til det perfekte valget for de som setter pris p\u00e5 stil, komfort og praktisk.<\/p>\n","protected":false},"featured_media":584851,"comment_status":"open","ping_status":"open","template":"","meta":[],"product_brand":[],"product_cat":[3277,3278],"product_tag":[],"class_list":{"0":"post-584850","1":"product","2":"type-product","3":"status-publish","4":"has-post-thumbnail","6":"product_cat-all-product","7":"product_cat-krosivky","8":"pa_rozmir-910","9":"pa_rozmir-912","10":"pa_rozmir-914","11":"pa_rozmir-915","12":"pa_rozmir-916","13":"pa_rozmir-917","14":"pa_rozmir-918","15":"pa_rozmir-919","16":"pa_rozmir-920","17":"pa_rozmir-921","18":"pa_rozmir-922","20":"first","21":"onbackorder","22":"purchasable","23":"product-type-variable"},"_links":{"self":[{"href":"https:\/\/nextsnkr.com\/no\/wp-json\/wp\/v2\/product\/584850","targetHints":{"allow":["GET"]}}],"collection":[{"href":"https:\/\/nextsnkr.com\/no\/wp-json\/wp\/v2\/product"}],"about":[{"href":"https:\/\/nextsnkr.com\/no\/wp-json\/wp\/v2\/types\/product"}],"replies":[{"embeddable":true,"href":"https:\/\/nextsnkr.com\/no\/wp-json\/wp\/v2\/comments?post=584850"}],"version-history":[{"count":0,"href":"https:\/\/nextsnkr.com\/no\/wp-json\/wp\/v2\/product\/584850\/revisions"}],"wp:featuredmedia":[{"embeddable":true,"href":"https:\/\/nextsnkr.com\/no\/wp-json\/wp\/v2\/media\/584851"}],"wp:attachment":[{"href":"https:\/\/nextsnkr.com\/no\/wp-json\/wp\/v2\/media?parent=584850"}],"wp:term":[{"taxonomy":"product_brand","embeddable":true,"href":"https:\/\/nextsnkr.com\/no\/wp-json\/wp\/v2\/product_brand?post=584850"},{"taxonomy":"product_cat","embeddable":true,"href":"https:\/\/nextsnkr.com\/no\/wp-json\/wp\/v2\/product_cat?post=584850"},{"taxonomy":"product_tag","embeddable":true,"href":"https:\/\/nextsnkr.com\/no\/wp-json\/wp\/v2\/product_tag?post=584850"}],"curies":[{"name":"wp","href":"https:\/\/api.w.org\/{rel}","templated":true}]}}