{"id":584342,"date":"2025-06-19T21:39:14","date_gmt":"2025-06-19T18:39:14","guid":{"rendered":"https:\/\/nextsnkr.com\/product\/v2k-runtekk-green\/"},"modified":"2026-02-01T12:50:51","modified_gmt":"2026-02-01T09:50:51","slug":"v2k-runtekk-green","status":"publish","type":"product","link":"https:\/\/nextsnkr.com\/no\/produkt\/v2k-runtekk-green\/","title":{"rendered":"V2K Runtekk Gr\u00f8nn l\u00e6r og tekstil joggesko"},"content":{"rendered":"<h2>V2K Runtekk Gr\u00f8nn l\u00e6r og tekstil joggesko<\/h2>\n<p>&nbsp;<\/p>\n<p>V2K Runtekk Gr\u00f8nne joggesko kombinerer l\u00e6r og tekstiler, noe som gir komfort og holdbarhet. Disse stilige joggeskoene fra V2K er ideelle for hverdagsbruk og utend\u00f8rsaktiviteter, og garanterer p\u00e5litelighet og moderne design. Valget for de som verdsetter kvalitet og komfort i hvert trinn.<\/p>\n","protected":false},"excerpt":{"rendered":"<p>V2K Runtekk Gr\u00f8nne joggesko kombinerer l\u00e6r og tekstiler, noe som gir komfort og holdbarhet. Disse stilige joggeskoene fra V2K er ideelle for hverdagsbruk og utend\u00f8rsaktiviteter, og garanterer p\u00e5litelighet og moderne design. Valget for de som verdsetter kvalitet og komfort i hvert trinn.<\/p>\n","protected":false},"featured_media":584343,"comment_status":"open","ping_status":"open","template":"","meta":[],"product_brand":[],"product_cat":[3277,3278],"product_tag":[],"class_list":{"0":"post-584342","1":"product","2":"type-product","3":"status-publish","4":"has-post-thumbnail","6":"product_cat-all-product","7":"product_cat-krosivky","8":"pa_rozmir-910","9":"pa_rozmir-912","10":"pa_rozmir-914","11":"pa_rozmir-915","12":"pa_rozmir-916","13":"pa_rozmir-917","14":"pa_rozmir-918","15":"pa_rozmir-919","16":"pa_rozmir-920","17":"pa_rozmir-921","18":"pa_rozmir-922","20":"first","21":"instock","22":"purchasable","23":"product-type-variable"},"_links":{"self":[{"href":"https:\/\/nextsnkr.com\/no\/wp-json\/wp\/v2\/product\/584342","targetHints":{"allow":["GET"]}}],"collection":[{"href":"https:\/\/nextsnkr.com\/no\/wp-json\/wp\/v2\/product"}],"about":[{"href":"https:\/\/nextsnkr.com\/no\/wp-json\/wp\/v2\/types\/product"}],"replies":[{"embeddable":true,"href":"https:\/\/nextsnkr.com\/no\/wp-json\/wp\/v2\/comments?post=584342"}],"version-history":[{"count":0,"href":"https:\/\/nextsnkr.com\/no\/wp-json\/wp\/v2\/product\/584342\/revisions"}],"wp:featuredmedia":[{"embeddable":true,"href":"https:\/\/nextsnkr.com\/no\/wp-json\/wp\/v2\/media\/584343"}],"wp:attachment":[{"href":"https:\/\/nextsnkr.com\/no\/wp-json\/wp\/v2\/media?parent=584342"}],"wp:term":[{"taxonomy":"product_brand","embeddable":true,"href":"https:\/\/nextsnkr.com\/no\/wp-json\/wp\/v2\/product_brand?post=584342"},{"taxonomy":"product_cat","embeddable":true,"href":"https:\/\/nextsnkr.com\/no\/wp-json\/wp\/v2\/product_cat?post=584342"},{"taxonomy":"product_tag","embeddable":true,"href":"https:\/\/nextsnkr.com\/no\/wp-json\/wp\/v2\/product_tag?post=584342"}],"curies":[{"name":"wp","href":"https:\/\/api.w.org\/{rel}","templated":true}]}}