{"id":582988,"date":"2025-06-19T21:58:23","date_gmt":"2025-06-19T18:58:23","guid":{"rendered":"https:\/\/nextsnkr.com\/product\/pixel\/"},"modified":"2026-02-01T12:49:57","modified_gmt":"2026-02-01T09:49:57","slug":"pixel","status":"publish","type":"product","link":"https:\/\/nextsnkr.com\/no\/produkt\/pixel\/","title":{"rendered":"Pixel leather sneakers-stilig og behagelig for daglig bruk"},"content":{"rendered":"<h2>Pixel leather sneakers-stilig og behagelig for daglig bruk<\/h2>\n<p>&nbsp;<\/p>\n<p>Pixel-joggeskoene er laget av ekte skinn, noe som garanterer holdbarhet og komfort under daglig bruk. Modellen er egnet for utend\u00f8rsaktiviteter og hverdagsbruk, som kombinerer stilig design og funksjonalitet. Pixel gir en behagelig passform og fotst\u00f8tte, og den allsidige fargen er lett \u00e5 matche med ethvert antrekk. Velg Pixel for et fasjonabelt utseende og p\u00e5litelig komfort hver dag.<\/p>\n","protected":false},"excerpt":{"rendered":"<p>Pixel-joggeskoene er laget av ekte skinn, noe som garanterer holdbarhet og komfort under daglig bruk. Modellen er egnet for utend\u00f8rsaktiviteter og hverdagsbruk, som kombinerer stilig design og funksjonalitet. Pixel gir en behagelig passform og fotst\u00f8tte, og den allsidige fargen er lett \u00e5 matche med ethvert antrekk. Velg Pixel for et fasjonabelt utseende og p\u00e5litelig komfort hver dag.<\/p>\n","protected":false},"featured_media":582989,"comment_status":"open","ping_status":"open","template":"","meta":[],"product_brand":[],"product_cat":[3277,3278],"product_tag":[],"class_list":{"0":"post-582988","1":"product","2":"type-product","3":"status-publish","4":"has-post-thumbnail","6":"product_cat-all-product","7":"product_cat-krosivky","8":"pa_rozmir-910","9":"pa_rozmir-912","10":"pa_rozmir-914","11":"pa_rozmir-915","12":"pa_rozmir-916","13":"pa_rozmir-917","14":"pa_rozmir-918","15":"pa_rozmir-919","16":"pa_rozmir-920","17":"pa_rozmir-921","18":"pa_rozmir-922","20":"first","21":"onbackorder","22":"purchasable","23":"product-type-variable"},"_links":{"self":[{"href":"https:\/\/nextsnkr.com\/no\/wp-json\/wp\/v2\/product\/582988","targetHints":{"allow":["GET"]}}],"collection":[{"href":"https:\/\/nextsnkr.com\/no\/wp-json\/wp\/v2\/product"}],"about":[{"href":"https:\/\/nextsnkr.com\/no\/wp-json\/wp\/v2\/types\/product"}],"replies":[{"embeddable":true,"href":"https:\/\/nextsnkr.com\/no\/wp-json\/wp\/v2\/comments?post=582988"}],"version-history":[{"count":0,"href":"https:\/\/nextsnkr.com\/no\/wp-json\/wp\/v2\/product\/582988\/revisions"}],"wp:featuredmedia":[{"embeddable":true,"href":"https:\/\/nextsnkr.com\/no\/wp-json\/wp\/v2\/media\/582989"}],"wp:attachment":[{"href":"https:\/\/nextsnkr.com\/no\/wp-json\/wp\/v2\/media?parent=582988"}],"wp:term":[{"taxonomy":"product_brand","embeddable":true,"href":"https:\/\/nextsnkr.com\/no\/wp-json\/wp\/v2\/product_brand?post=582988"},{"taxonomy":"product_cat","embeddable":true,"href":"https:\/\/nextsnkr.com\/no\/wp-json\/wp\/v2\/product_cat?post=582988"},{"taxonomy":"product_tag","embeddable":true,"href":"https:\/\/nextsnkr.com\/no\/wp-json\/wp\/v2\/product_tag?post=582988"}],"curies":[{"name":"wp","href":"https:\/\/api.w.org\/{rel}","templated":true}]}}