{"id":582818,"date":"2025-06-19T22:00:25","date_gmt":"2025-06-19T19:00:25","guid":{"rendered":"https:\/\/nextsnkr.com\/product\/babe-pink\/"},"modified":"2026-02-01T12:49:53","modified_gmt":"2026-02-01T09:49:53","slug":"babe-pink","status":"publish","type":"product","link":"https:\/\/nextsnkr.com\/no\/produkt\/babe-pink\/","title":{"rendered":"Babe Rosa sneakers laget av kombinert l\u00e6r og tekstiler til daglig bruk"},"content":{"rendered":"<h2>Babe Rosa sneakers laget av kombinert l\u00e6r og tekstiler til daglig bruk<\/h2>\n<p>&nbsp;<\/p>\n<p>Babe Pink sneakers kombinerer stilig design og komfort. Laget av l\u00e6r og tekstiler av h\u00f8y kvalitet, gir de holdbarhet og letthet n\u00e5r du g\u00e5r. Babe-merket garanterer et moderne utseende og bekvemmelighet, og den delikate rosa fargen gir lysstyrke og femininitet til bildet. Ideell for daglig bruk, turg\u00e5ing og utend\u00f8rsaktiviteter, vil disse joggeskoene bli et uunnv\u00e6rlig element i din fasjonable garderobe.<\/p>\n","protected":false},"excerpt":{"rendered":"<p>Babe Pink sneakers kombinerer stilig design og komfort. Laget av l\u00e6r og tekstiler av h\u00f8y kvalitet, gir de holdbarhet og letthet n\u00e5r du g\u00e5r. Babe-merket garanterer et moderne utseende og bekvemmelighet, og den delikate rosa fargen gir lysstyrke og femininitet til bildet. Ideell for daglig bruk, turg\u00e5ing og utend\u00f8rsaktiviteter, vil disse joggeskoene bli et uunnv\u00e6rlig element i din fasjonable garderobe.<\/p>\n","protected":false},"featured_media":582819,"comment_status":"open","ping_status":"open","template":"","meta":[],"product_brand":[],"product_cat":[3277,3324],"product_tag":[],"class_list":{"0":"post-582818","1":"product","2":"type-product","3":"status-publish","4":"has-post-thumbnail","6":"product_cat-all-product","7":"product_cat-kedy","8":"pa_rozmir-910","9":"pa_rozmir-912","10":"pa_rozmir-914","11":"pa_rozmir-915","12":"pa_rozmir-916","13":"pa_rozmir-917","14":"pa_rozmir-918","15":"pa_rozmir-919","16":"pa_rozmir-920","17":"pa_rozmir-921","18":"pa_rozmir-922","20":"first","21":"onbackorder","22":"purchasable","23":"product-type-variable"},"_links":{"self":[{"href":"https:\/\/nextsnkr.com\/no\/wp-json\/wp\/v2\/product\/582818","targetHints":{"allow":["GET"]}}],"collection":[{"href":"https:\/\/nextsnkr.com\/no\/wp-json\/wp\/v2\/product"}],"about":[{"href":"https:\/\/nextsnkr.com\/no\/wp-json\/wp\/v2\/types\/product"}],"replies":[{"embeddable":true,"href":"https:\/\/nextsnkr.com\/no\/wp-json\/wp\/v2\/comments?post=582818"}],"version-history":[{"count":0,"href":"https:\/\/nextsnkr.com\/no\/wp-json\/wp\/v2\/product\/582818\/revisions"}],"wp:featuredmedia":[{"embeddable":true,"href":"https:\/\/nextsnkr.com\/no\/wp-json\/wp\/v2\/media\/582819"}],"wp:attachment":[{"href":"https:\/\/nextsnkr.com\/no\/wp-json\/wp\/v2\/media?parent=582818"}],"wp:term":[{"taxonomy":"product_brand","embeddable":true,"href":"https:\/\/nextsnkr.com\/no\/wp-json\/wp\/v2\/product_brand?post=582818"},{"taxonomy":"product_cat","embeddable":true,"href":"https:\/\/nextsnkr.com\/no\/wp-json\/wp\/v2\/product_cat?post=582818"},{"taxonomy":"product_tag","embeddable":true,"href":"https:\/\/nextsnkr.com\/no\/wp-json\/wp\/v2\/product_tag?post=582818"}],"curies":[{"name":"wp","href":"https:\/\/api.w.org\/{rel}","templated":true}]}}