{"id":582479,"date":"2025-06-19T22:04:24","date_gmt":"2025-06-19T19:04:24","guid":{"rendered":"https:\/\/nextsnkr.com\/product\/m2k-2\/"},"modified":"2026-02-01T12:49:43","modified_gmt":"2026-02-01T09:49:43","slug":"m2k-2","status":"publish","type":"product","link":"https:\/\/nextsnkr.com\/no\/produkt\/m2k-2\/","title":{"rendered":"M2K skinnsko er komfortable og stilige"},"content":{"rendered":"<h2>M2K skinnsko er komfortable og stilige<\/h2>\n<p>&nbsp;<\/p>\n<p>M2K sneakers er moderne sko laget av h\u00f8ykvalitets l\u00e6r, laget i Vietnam. Modellen gir komfort under daglig bruk og utend\u00f8rsaktiviteter, og kombinerer stilig design med p\u00e5litelige materialer. Ideell for de som verdsetter holdbarhet, bekvemmelighet og elegant utseende i ethvert milj\u00f8.<\/p>\n","protected":false},"excerpt":{"rendered":"<p>M2K sneakers er moderne sko laget av h\u00f8ykvalitets l\u00e6r, laget i Vietnam. Modellen gir komfort under daglig bruk og utend\u00f8rsaktiviteter, og kombinerer stilig design med p\u00e5litelige materialer. Ideell for de som verdsetter holdbarhet, bekvemmelighet og elegant utseende i ethvert milj\u00f8.<\/p>\n","protected":false},"featured_media":582480,"comment_status":"open","ping_status":"open","template":"","meta":[],"product_brand":[],"product_cat":[3277,3278],"product_tag":[],"class_list":{"0":"post-582479","1":"product","2":"type-product","3":"status-publish","4":"has-post-thumbnail","6":"product_cat-all-product","7":"product_cat-krosivky","8":"pa_rozmir-910","9":"pa_rozmir-912","10":"pa_rozmir-914","11":"pa_rozmir-915","12":"pa_rozmir-916","13":"pa_rozmir-917","14":"pa_rozmir-918","15":"pa_rozmir-919","16":"pa_rozmir-920","17":"pa_rozmir-921","18":"pa_rozmir-922","20":"first","21":"onbackorder","22":"purchasable","23":"product-type-variable"},"_links":{"self":[{"href":"https:\/\/nextsnkr.com\/no\/wp-json\/wp\/v2\/product\/582479","targetHints":{"allow":["GET"]}}],"collection":[{"href":"https:\/\/nextsnkr.com\/no\/wp-json\/wp\/v2\/product"}],"about":[{"href":"https:\/\/nextsnkr.com\/no\/wp-json\/wp\/v2\/types\/product"}],"replies":[{"embeddable":true,"href":"https:\/\/nextsnkr.com\/no\/wp-json\/wp\/v2\/comments?post=582479"}],"version-history":[{"count":0,"href":"https:\/\/nextsnkr.com\/no\/wp-json\/wp\/v2\/product\/582479\/revisions"}],"wp:featuredmedia":[{"embeddable":true,"href":"https:\/\/nextsnkr.com\/no\/wp-json\/wp\/v2\/media\/582480"}],"wp:attachment":[{"href":"https:\/\/nextsnkr.com\/no\/wp-json\/wp\/v2\/media?parent=582479"}],"wp:term":[{"taxonomy":"product_brand","embeddable":true,"href":"https:\/\/nextsnkr.com\/no\/wp-json\/wp\/v2\/product_brand?post=582479"},{"taxonomy":"product_cat","embeddable":true,"href":"https:\/\/nextsnkr.com\/no\/wp-json\/wp\/v2\/product_cat?post=582479"},{"taxonomy":"product_tag","embeddable":true,"href":"https:\/\/nextsnkr.com\/no\/wp-json\/wp\/v2\/product_tag?post=582479"}],"curies":[{"name":"wp","href":"https:\/\/api.w.org\/{rel}","templated":true}]}}