{"id":581460,"date":"2025-06-19T22:12:48","date_gmt":"2025-06-19T19:12:48","guid":{"rendered":"https:\/\/nextsnkr.com\/product\/adidas-xlg-runner-grey-black\/"},"modified":"2026-02-01T12:49:17","modified_gmt":"2026-02-01T09:49:17","slug":"adidas-xlg-runner-grey-black","status":"publish","type":"product","link":"https:\/\/nextsnkr.com\/no\/produkt\/adidas-xlg-runner-grey-black\/","title":{"rendered":"ADIDAS XLG Runner Gr\u00e5 \/ Svart sneakers-textil og l\u00e6r"},"content":{"rendered":"<h2>ADIDAS XLG Runner Gr\u00e5 \/ Svart sneakers-textil og l\u00e6r<\/h2>\n<p>&nbsp;<\/p>\n<p>ADIDAS XLG Runner Gr\u00e5 \/ Svart-prisgunstige og driftssikre l\u00f8pesko til dame og herre. Laget av tekstiler og l\u00e6r av h\u00f8y kvalitet, gir de komfort og holdbarhet under daglig bruk. Den lette s\u00e5len gir demping og st\u00f8tte for foten mens du l\u00f8per, g\u00e5r eller er utend\u00f8rs. Den moderne gr\u00e5 fargen med svarte aksenter gj\u00f8r modellen allsidig for ethvert utseende. Ideell for en aktiv livsstil og trening.<\/p>\n","protected":false},"excerpt":{"rendered":"<p>ADIDAS XLG Runner Gr\u00e5 \/ Svart-prisgunstige og driftssikre l\u00f8pesko til dame og herre. Laget av tekstiler og l\u00e6r av h\u00f8y kvalitet, gir de komfort og holdbarhet under daglig bruk. Den lette s\u00e5len gir demping og st\u00f8tte for foten mens du l\u00f8per, g\u00e5r eller er utend\u00f8rs. Den moderne gr\u00e5 fargen med svarte aksenter gj\u00f8r modellen allsidig for ethvert utseende. Ideell for en aktiv livsstil og trening.<\/p>\n","protected":false},"featured_media":581461,"comment_status":"open","ping_status":"open","template":"","meta":[],"product_brand":[],"product_cat":[3277,3278],"product_tag":[],"class_list":{"0":"post-581460","1":"product","2":"type-product","3":"status-publish","4":"has-post-thumbnail","6":"product_cat-all-product","7":"product_cat-krosivky","8":"pa_rozmir-910","9":"pa_rozmir-912","10":"pa_rozmir-914","11":"pa_rozmir-915","12":"pa_rozmir-916","13":"pa_rozmir-917","14":"pa_rozmir-918","15":"pa_rozmir-919","16":"pa_rozmir-920","17":"pa_rozmir-921","18":"pa_rozmir-922","20":"first","21":"instock","22":"purchasable","23":"product-type-variable"},"_links":{"self":[{"href":"https:\/\/nextsnkr.com\/no\/wp-json\/wp\/v2\/product\/581460","targetHints":{"allow":["GET"]}}],"collection":[{"href":"https:\/\/nextsnkr.com\/no\/wp-json\/wp\/v2\/product"}],"about":[{"href":"https:\/\/nextsnkr.com\/no\/wp-json\/wp\/v2\/types\/product"}],"replies":[{"embeddable":true,"href":"https:\/\/nextsnkr.com\/no\/wp-json\/wp\/v2\/comments?post=581460"}],"version-history":[{"count":0,"href":"https:\/\/nextsnkr.com\/no\/wp-json\/wp\/v2\/product\/581460\/revisions"}],"wp:featuredmedia":[{"embeddable":true,"href":"https:\/\/nextsnkr.com\/no\/wp-json\/wp\/v2\/media\/581461"}],"wp:attachment":[{"href":"https:\/\/nextsnkr.com\/no\/wp-json\/wp\/v2\/media?parent=581460"}],"wp:term":[{"taxonomy":"product_brand","embeddable":true,"href":"https:\/\/nextsnkr.com\/no\/wp-json\/wp\/v2\/product_brand?post=581460"},{"taxonomy":"product_cat","embeddable":true,"href":"https:\/\/nextsnkr.com\/no\/wp-json\/wp\/v2\/product_cat?post=581460"},{"taxonomy":"product_tag","embeddable":true,"href":"https:\/\/nextsnkr.com\/no\/wp-json\/wp\/v2\/product_tag?post=581460"}],"curies":[{"name":"wp","href":"https:\/\/api.w.org\/{rel}","templated":true}]}}