{"id":581120,"date":"2025-06-19T22:15:03","date_gmt":"2025-06-19T19:15:03","guid":{"rendered":"https:\/\/nextsnkr.com\/product\/adidas-xlg-runner-beige-white\/"},"modified":"2026-02-01T12:49:08","modified_gmt":"2026-02-01T09:49:08","slug":"adidas-xlg-runner-beige-white","status":"publish","type":"product","link":"https:\/\/nextsnkr.com\/no\/produkt\/adidas-xlg-runner-beige-white\/","title":{"rendered":"ADIDAS XLG Runner Beige \/ Hvit sneakers til sport og daglig bruk"},"content":{"rendered":"<h2>ADIDAS XLG Runner Beige \/ Hvit sneakers til sport og daglig bruk<\/h2>\n<p>&nbsp;<\/p>\n<p>ADIDAS Xlg Runner Beige \/ Hvite joggesko kombinerer l\u00e6r og tekstiler, noe som gir komfort og holdbarhet. Den lette polstrede s\u00e5len garanterer st\u00f8tte under l\u00f8ping og daglige turer. Den stilige beige og hvite designen gir moderniteten til utseendet ditt, mens materialer av h\u00f8y kvalitet sikrer holdbarhet og p\u00e5litelighet. Velg ADIDAS Xlg Runner for komfort, aktivt liv og et fasjonabelt utseende hver dag.<\/p>\n","protected":false},"excerpt":{"rendered":"<p>ADIDAS Xlg Runner Beige \/ Hvite joggesko kombinerer l\u00e6r og tekstiler, noe som gir komfort og holdbarhet. Den lette polstrede s\u00e5len garanterer st\u00f8tte under l\u00f8ping og daglige turer. Den stilige beige og hvite designen gir moderniteten til utseendet ditt, mens materialer av h\u00f8y kvalitet sikrer holdbarhet og p\u00e5litelighet. Velg ADIDAS Xlg Runner for komfort, aktivt liv og et fasjonabelt utseende hver dag.<\/p>\n","protected":false},"featured_media":581121,"comment_status":"open","ping_status":"open","template":"","meta":[],"product_brand":[],"product_cat":[3277,3278],"product_tag":[],"class_list":{"0":"post-581120","1":"product","2":"type-product","3":"status-publish","4":"has-post-thumbnail","6":"product_cat-all-product","7":"product_cat-krosivky","8":"pa_rozmir-910","9":"pa_rozmir-912","10":"pa_rozmir-914","11":"pa_rozmir-915","12":"pa_rozmir-916","13":"pa_rozmir-917","14":"pa_rozmir-918","15":"pa_rozmir-919","16":"pa_rozmir-920","17":"pa_rozmir-921","18":"pa_rozmir-922","20":"first","21":"instock","22":"purchasable","23":"product-type-variable"},"_links":{"self":[{"href":"https:\/\/nextsnkr.com\/no\/wp-json\/wp\/v2\/product\/581120","targetHints":{"allow":["GET"]}}],"collection":[{"href":"https:\/\/nextsnkr.com\/no\/wp-json\/wp\/v2\/product"}],"about":[{"href":"https:\/\/nextsnkr.com\/no\/wp-json\/wp\/v2\/types\/product"}],"replies":[{"embeddable":true,"href":"https:\/\/nextsnkr.com\/no\/wp-json\/wp\/v2\/comments?post=581120"}],"version-history":[{"count":0,"href":"https:\/\/nextsnkr.com\/no\/wp-json\/wp\/v2\/product\/581120\/revisions"}],"wp:featuredmedia":[{"embeddable":true,"href":"https:\/\/nextsnkr.com\/no\/wp-json\/wp\/v2\/media\/581121"}],"wp:attachment":[{"href":"https:\/\/nextsnkr.com\/no\/wp-json\/wp\/v2\/media?parent=581120"}],"wp:term":[{"taxonomy":"product_brand","embeddable":true,"href":"https:\/\/nextsnkr.com\/no\/wp-json\/wp\/v2\/product_brand?post=581120"},{"taxonomy":"product_cat","embeddable":true,"href":"https:\/\/nextsnkr.com\/no\/wp-json\/wp\/v2\/product_cat?post=581120"},{"taxonomy":"product_tag","embeddable":true,"href":"https:\/\/nextsnkr.com\/no\/wp-json\/wp\/v2\/product_tag?post=581120"}],"curies":[{"name":"wp","href":"https:\/\/api.w.org\/{rel}","templated":true}]}}