{"id":580950,"date":"2025-06-19T22:16:09","date_gmt":"2025-06-19T19:16:09","guid":{"rendered":"https:\/\/nextsnkr.com\/product\/adidas-xlg-runner-white-pink-mint\/"},"modified":"2026-02-01T12:49:04","modified_gmt":"2026-02-01T09:49:04","slug":"adidas-xlg-runner-white-pink-mint","status":"publish","type":"product","link":"https:\/\/nextsnkr.com\/no\/produkt\/adidas-xlg-runner-white-pink-mint\/","title":{"rendered":"ADIDAS XLG Runner hvit \/ Rosa \/ Mint sneakers i skinn og textil"},"content":{"rendered":"<h2>ADIDAS XLG Runner hvit \/ Rosa \/ Mint sneakers i skinn og textil<\/h2>\n<p>&nbsp;<\/p>\n<p>DE stilige ADIDAS XLG Runner-joggeskoene kombinerer l\u00e6r og tekstiler, noe som gir komfort og holdbarhet for daglig bruk. Lette og pustende, de er ideelle for turg\u00e5ing, sport og utend\u00f8rsaktiviteter. Den lyse kombinasjonen av hvitt, rosa og mynte gj\u00f8r utseendet fasjonabelt og moderne. Velg ADIDAS Xlg Runner for et komfortabelt og stilig utseende hver dag.<\/p>\n","protected":false},"excerpt":{"rendered":"<p>DE stilige ADIDAS XLG Runner-joggeskoene kombinerer l\u00e6r og tekstiler, noe som gir komfort og holdbarhet for daglig bruk. Lette og pustende, de er ideelle for turg\u00e5ing, sport og utend\u00f8rsaktiviteter. Den lyse kombinasjonen av hvitt, rosa og mynte gj\u00f8r utseendet fasjonabelt og moderne. Velg ADIDAS Xlg Runner for et komfortabelt og stilig utseende hver dag.<\/p>\n","protected":false},"featured_media":580951,"comment_status":"open","ping_status":"open","template":"","meta":[],"product_brand":[],"product_cat":[3277,3278],"product_tag":[],"class_list":{"0":"post-580950","1":"product","2":"type-product","3":"status-publish","4":"has-post-thumbnail","6":"product_cat-all-product","7":"product_cat-krosivky","8":"pa_rozmir-910","9":"pa_rozmir-912","10":"pa_rozmir-914","11":"pa_rozmir-915","12":"pa_rozmir-916","13":"pa_rozmir-917","14":"pa_rozmir-918","15":"pa_rozmir-919","16":"pa_rozmir-920","17":"pa_rozmir-921","18":"pa_rozmir-922","20":"first","21":"instock","22":"purchasable","23":"product-type-variable"},"_links":{"self":[{"href":"https:\/\/nextsnkr.com\/no\/wp-json\/wp\/v2\/product\/580950","targetHints":{"allow":["GET"]}}],"collection":[{"href":"https:\/\/nextsnkr.com\/no\/wp-json\/wp\/v2\/product"}],"about":[{"href":"https:\/\/nextsnkr.com\/no\/wp-json\/wp\/v2\/types\/product"}],"replies":[{"embeddable":true,"href":"https:\/\/nextsnkr.com\/no\/wp-json\/wp\/v2\/comments?post=580950"}],"version-history":[{"count":0,"href":"https:\/\/nextsnkr.com\/no\/wp-json\/wp\/v2\/product\/580950\/revisions"}],"wp:featuredmedia":[{"embeddable":true,"href":"https:\/\/nextsnkr.com\/no\/wp-json\/wp\/v2\/media\/580951"}],"wp:attachment":[{"href":"https:\/\/nextsnkr.com\/no\/wp-json\/wp\/v2\/media?parent=580950"}],"wp:term":[{"taxonomy":"product_brand","embeddable":true,"href":"https:\/\/nextsnkr.com\/no\/wp-json\/wp\/v2\/product_brand?post=580950"},{"taxonomy":"product_cat","embeddable":true,"href":"https:\/\/nextsnkr.com\/no\/wp-json\/wp\/v2\/product_cat?post=580950"},{"taxonomy":"product_tag","embeddable":true,"href":"https:\/\/nextsnkr.com\/no\/wp-json\/wp\/v2\/product_tag?post=580950"}],"curies":[{"name":"wp","href":"https:\/\/api.w.org\/{rel}","templated":true}]}}