{"id":580610,"date":"2025-06-19T22:18:26","date_gmt":"2025-06-19T19:18:26","guid":{"rendered":"https:\/\/nextsnkr.com\/product\/adidas-ozelia-golden-rose-2\/"},"modified":"2026-02-01T12:48:44","modified_gmt":"2026-02-01T09:48:44","slug":"adidas-ozelia-golden-rose-2","status":"publish","type":"product","link":"https:\/\/nextsnkr.com\/no\/produkt\/adidas-ozelia-golden-rose-2\/","title":{"rendered":"ADIDAS OZELIA Golden Rose tekstil og suede sneakers-stil og komfort"},"content":{"rendered":"<h2>ADIDAS OZELIA Golden Rose tekstil og suede sneakers-stil og komfort<\/h2>\n<p>&nbsp;<\/p>\n<p>ADIDAS OZELIA Golden Rose joggesko kombinerer moderne design og materialer av h\u00f8y kvalitet: tekstiler og semsket skinn gir komfort og holdbarhet under daglig bruk. Modellen fra ADIDAS-merket er ideell for utend\u00f8rsaktiviteter og daglig bruk, med vekt p\u00e5 stil og personlighet. Den lette s\u00e5len garanterer komfort i hvert trinn, og den subtile gylden-rosa skyggen gir en lys aksent til utseendet ditt.<\/p>\n","protected":false},"excerpt":{"rendered":"<p>ADIDAS OZELIA Golden Rose joggesko kombinerer moderne design og materialer av h\u00f8y kvalitet: tekstiler og semsket skinn gir komfort og holdbarhet under daglig bruk. Modellen fra ADIDAS-merket er ideell for utend\u00f8rsaktiviteter og daglig bruk, med vekt p\u00e5 stil og personlighet. Den lette s\u00e5len garanterer komfort i hvert trinn, og den subtile gylden-rosa skyggen gir en lys aksent til utseendet ditt.<\/p>\n","protected":false},"featured_media":580611,"comment_status":"open","ping_status":"open","template":"","meta":[],"product_brand":[],"product_cat":[3277,3278],"product_tag":[],"class_list":{"0":"post-580610","1":"product","2":"type-product","3":"status-publish","4":"has-post-thumbnail","6":"product_cat-all-product","7":"product_cat-krosivky","8":"pa_rozmir-3279","9":"pa_rozmir-3280","10":"pa_rozmir-3281","11":"pa_rozmir-3282","12":"pa_rozmir-3283","13":"pa_rozmir-3284","14":"pa_rozmir-3285","15":"pa_rozmir-3286","16":"pa_rozmir-3287","17":"pa_rozmir-3288","18":"pa_rozmir-3289","20":"first","21":"onbackorder","22":"purchasable","23":"product-type-variable"},"_links":{"self":[{"href":"https:\/\/nextsnkr.com\/no\/wp-json\/wp\/v2\/product\/580610","targetHints":{"allow":["GET"]}}],"collection":[{"href":"https:\/\/nextsnkr.com\/no\/wp-json\/wp\/v2\/product"}],"about":[{"href":"https:\/\/nextsnkr.com\/no\/wp-json\/wp\/v2\/types\/product"}],"replies":[{"embeddable":true,"href":"https:\/\/nextsnkr.com\/no\/wp-json\/wp\/v2\/comments?post=580610"}],"version-history":[{"count":0,"href":"https:\/\/nextsnkr.com\/no\/wp-json\/wp\/v2\/product\/580610\/revisions"}],"wp:featuredmedia":[{"embeddable":true,"href":"https:\/\/nextsnkr.com\/no\/wp-json\/wp\/v2\/media\/580611"}],"wp:attachment":[{"href":"https:\/\/nextsnkr.com\/no\/wp-json\/wp\/v2\/media?parent=580610"}],"wp:term":[{"taxonomy":"product_brand","embeddable":true,"href":"https:\/\/nextsnkr.com\/no\/wp-json\/wp\/v2\/product_brand?post=580610"},{"taxonomy":"product_cat","embeddable":true,"href":"https:\/\/nextsnkr.com\/no\/wp-json\/wp\/v2\/product_cat?post=580610"},{"taxonomy":"product_tag","embeddable":true,"href":"https:\/\/nextsnkr.com\/no\/wp-json\/wp\/v2\/product_tag?post=580610"}],"curies":[{"name":"wp","href":"https:\/\/api.w.org\/{rel}","templated":true}]}}