{"id":580100,"date":"2025-06-19T22:20:58","date_gmt":"2025-06-19T19:20:58","guid":{"rendered":"https:\/\/nextsnkr.com\/product\/adidas-mark-gonzales-x-aloha-one-black-eye-pink\/"},"modified":"2026-02-01T12:48:29","modified_gmt":"2026-02-01T09:48:29","slug":"adidas-mark-gonzales-x-aloha-one-black-eye-pink","status":"publish","type":"product","link":"https:\/\/nextsnkr.com\/no\/produkt\/adidas-mark-gonzales-x-aloha-one-black-eye-pink\/","title":{"rendered":"ADIDAS MARK GONZALES x ALOHA &laquo;ETT SVART \u00d8YE&raquo; Rosa Suede Joggesko"},"content":{"rendered":"<h2>ADIDAS MARK GONZALES x ALOHA &laquo;ETT SVART \u00d8YE&raquo; Rosa Suede Joggesko<\/h2>\n<p>&nbsp;<\/p>\n<p>ADIDAS MARK GONZALES x ALOHA&raquo; ONE BLACK EYE &raquo; Rosa joggesko kombinerer et unikt design og materialer av h\u00f8y kvalitet. Laget av ekte semsket skinn og l\u00e6r, gir de komfort, holdbarhet og et stilig utseende. Modellen er ideell for daglig bruk, turg\u00e5ing og aktivt byliv. En lys rosa aksent gir personlighet og fremhever den moderne stilen. Ved \u00e5 velge disse joggeskoene f\u00e5r du en kombinasjon av mote og funksjonalitet.<\/p>\n","protected":false},"excerpt":{"rendered":"<p>ADIDAS MARK GONZALES x ALOHA&raquo; ONE BLACK EYE &raquo; Rosa joggesko kombinerer et unikt design og materialer av h\u00f8y kvalitet. Laget av ekte semsket skinn og l\u00e6r, gir de komfort, holdbarhet og et stilig utseende. Modellen er ideell for daglig bruk, turg\u00e5ing og aktivt byliv. En lys rosa aksent gir personlighet og fremhever den moderne stilen. Ved \u00e5 velge disse joggeskoene f\u00e5r du en kombinasjon av mote og funksjonalitet.<\/p>\n","protected":false},"featured_media":580101,"comment_status":"open","ping_status":"open","template":"","meta":[],"product_brand":[],"product_cat":[3277,3324],"product_tag":[],"class_list":{"0":"post-580100","1":"product","2":"type-product","3":"status-publish","4":"has-post-thumbnail","6":"product_cat-all-product","7":"product_cat-kedy","8":"pa_rozmir-910","9":"pa_rozmir-912","10":"pa_rozmir-914","11":"pa_rozmir-915","12":"pa_rozmir-916","13":"pa_rozmir-917","14":"pa_rozmir-918","15":"pa_rozmir-919","16":"pa_rozmir-920","17":"pa_rozmir-921","18":"pa_rozmir-922","20":"first","21":"instock","22":"purchasable","23":"product-type-variable"},"_links":{"self":[{"href":"https:\/\/nextsnkr.com\/no\/wp-json\/wp\/v2\/product\/580100","targetHints":{"allow":["GET"]}}],"collection":[{"href":"https:\/\/nextsnkr.com\/no\/wp-json\/wp\/v2\/product"}],"about":[{"href":"https:\/\/nextsnkr.com\/no\/wp-json\/wp\/v2\/types\/product"}],"replies":[{"embeddable":true,"href":"https:\/\/nextsnkr.com\/no\/wp-json\/wp\/v2\/comments?post=580100"}],"version-history":[{"count":0,"href":"https:\/\/nextsnkr.com\/no\/wp-json\/wp\/v2\/product\/580100\/revisions"}],"wp:featuredmedia":[{"embeddable":true,"href":"https:\/\/nextsnkr.com\/no\/wp-json\/wp\/v2\/media\/580101"}],"wp:attachment":[{"href":"https:\/\/nextsnkr.com\/no\/wp-json\/wp\/v2\/media?parent=580100"}],"wp:term":[{"taxonomy":"product_brand","embeddable":true,"href":"https:\/\/nextsnkr.com\/no\/wp-json\/wp\/v2\/product_brand?post=580100"},{"taxonomy":"product_cat","embeddable":true,"href":"https:\/\/nextsnkr.com\/no\/wp-json\/wp\/v2\/product_cat?post=580100"},{"taxonomy":"product_tag","embeddable":true,"href":"https:\/\/nextsnkr.com\/no\/wp-json\/wp\/v2\/product_tag?post=580100"}],"curies":[{"name":"wp","href":"https:\/\/api.w.org\/{rel}","templated":true}]}}