{"id":579707,"date":"2025-06-19T23:07:08","date_gmt":"2025-06-19T20:07:08","guid":{"rendered":"https:\/\/nextsnkr.com\/product\/speedcat-brown\/"},"modified":"2026-02-01T12:48:11","modified_gmt":"2026-02-01T09:48:11","slug":"speedcat-brown","status":"publish","type":"product","link":"https:\/\/nextsnkr.com\/no\/produkt\/speedcat-brown\/","title":{"rendered":"Speedcat Brun semsket joggesko fra Vietnam"},"content":{"rendered":"<h2>Speedcat Brun semsket joggesko fra Vietnam<\/h2>\n<p>&nbsp;<\/p>\n<p>De stilige Speedcat Brown-joggeskoene er laget av semsket skinn av h\u00f8y kvalitet, noe som sikrer komfort og holdbarhet. Lette og slitesterke, de er ideelle for daglig bruk og utend\u00f8rsaktiviteter. Speedcat-merket garanterer et moderne design og en f\u00f8lelse av f\u00f8rsteklasses kvalitet. Disse semsket joggeskoene kombinerer stil, bekvemmelighet og praktisk, og gir en vri p\u00e5 ethvert utseende.<\/p>\n","protected":false},"excerpt":{"rendered":"<p>De stilige Speedcat Brown-joggeskoene er laget av semsket skinn av h\u00f8y kvalitet, noe som sikrer komfort og holdbarhet. Lette og slitesterke, de er ideelle for daglig bruk og utend\u00f8rsaktiviteter. Speedcat-merket garanterer et moderne design og en f\u00f8lelse av f\u00f8rsteklasses kvalitet. Disse semsket joggeskoene kombinerer stil, bekvemmelighet og praktisk, og gir en vri p\u00e5 ethvert utseende.<\/p>\n","protected":false},"featured_media":579708,"comment_status":"open","ping_status":"open","template":"","meta":[],"product_brand":[],"product_cat":[3277,3324],"product_tag":[],"class_list":{"0":"post-579707","1":"product","2":"type-product","3":"status-publish","4":"has-post-thumbnail","6":"product_cat-all-product","7":"product_cat-kedy","8":"pa_rozmir-910","9":"pa_rozmir-912","10":"pa_rozmir-914","11":"pa_rozmir-915","12":"pa_rozmir-916","13":"pa_rozmir-917","14":"pa_rozmir-918","15":"pa_rozmir-919","16":"pa_rozmir-920","17":"pa_rozmir-921","18":"pa_rozmir-922","20":"first","21":"onbackorder","22":"purchasable","23":"product-type-variable"},"_links":{"self":[{"href":"https:\/\/nextsnkr.com\/no\/wp-json\/wp\/v2\/product\/579707","targetHints":{"allow":["GET"]}}],"collection":[{"href":"https:\/\/nextsnkr.com\/no\/wp-json\/wp\/v2\/product"}],"about":[{"href":"https:\/\/nextsnkr.com\/no\/wp-json\/wp\/v2\/types\/product"}],"replies":[{"embeddable":true,"href":"https:\/\/nextsnkr.com\/no\/wp-json\/wp\/v2\/comments?post=579707"}],"version-history":[{"count":0,"href":"https:\/\/nextsnkr.com\/no\/wp-json\/wp\/v2\/product\/579707\/revisions"}],"wp:featuredmedia":[{"embeddable":true,"href":"https:\/\/nextsnkr.com\/no\/wp-json\/wp\/v2\/media\/579708"}],"wp:attachment":[{"href":"https:\/\/nextsnkr.com\/no\/wp-json\/wp\/v2\/media?parent=579707"}],"wp:term":[{"taxonomy":"product_brand","embeddable":true,"href":"https:\/\/nextsnkr.com\/no\/wp-json\/wp\/v2\/product_brand?post=579707"},{"taxonomy":"product_cat","embeddable":true,"href":"https:\/\/nextsnkr.com\/no\/wp-json\/wp\/v2\/product_cat?post=579707"},{"taxonomy":"product_tag","embeddable":true,"href":"https:\/\/nextsnkr.com\/no\/wp-json\/wp\/v2\/product_tag?post=579707"}],"curies":[{"name":"wp","href":"https:\/\/api.w.org\/{rel}","templated":true}]}}