{"id":579367,"date":"2025-06-19T23:09:06","date_gmt":"2025-06-19T20:09:06","guid":{"rendered":"https:\/\/nextsnkr.com\/product\/1906r-red-white\/"},"modified":"2026-02-01T12:48:02","modified_gmt":"2026-02-01T09:48:02","slug":"1906r-red-white","status":"publish","type":"product","link":"https:\/\/nextsnkr.com\/no\/produkt\/1906r-red-white\/","title":{"rendered":"1906r R\u00f8d \/ Hvit stilig l\u00e6r og tekstil joggesko"},"content":{"rendered":"<h2>1906r R\u00f8d \/ Hvit stilig l\u00e6r og tekstil joggesko<\/h2>\n<p>&nbsp;<\/p>\n<p>1906r R\u00f8d \/ Hvit joggesko er laget av l\u00e6r og tekstiler av h\u00f8y kvalitet, noe som sikrer komfort og holdbarhet. Modellen er egnet for daglig bruk og utend\u00f8rsaktiviteter, som kombinerer en lys design og sikker fotfiksering. Et ideelt valg for de som setter pris p\u00e5 stil, kvalitet og praktisk i uformelle sko.<\/p>\n","protected":false},"excerpt":{"rendered":"<p>1906r R\u00f8d \/ Hvit joggesko er laget av l\u00e6r og tekstiler av h\u00f8y kvalitet, noe som sikrer komfort og holdbarhet. Modellen er egnet for daglig bruk og utend\u00f8rsaktiviteter, som kombinerer en lys design og sikker fotfiksering. Et ideelt valg for de som setter pris p\u00e5 stil, kvalitet og praktisk i uformelle sko.<\/p>\n","protected":false},"featured_media":579368,"comment_status":"open","ping_status":"open","template":"","meta":[],"product_brand":[],"product_cat":[3277,3278],"product_tag":[],"class_list":{"0":"post-579367","1":"product","2":"type-product","3":"status-publish","4":"has-post-thumbnail","6":"product_cat-all-product","7":"product_cat-krosivky","8":"pa_rozmir-910","9":"pa_rozmir-912","10":"pa_rozmir-914","11":"pa_rozmir-915","12":"pa_rozmir-916","13":"pa_rozmir-917","14":"pa_rozmir-918","15":"pa_rozmir-919","16":"pa_rozmir-920","17":"pa_rozmir-921","18":"pa_rozmir-922","20":"first","21":"instock","22":"purchasable","23":"product-type-variable"},"_links":{"self":[{"href":"https:\/\/nextsnkr.com\/no\/wp-json\/wp\/v2\/product\/579367","targetHints":{"allow":["GET"]}}],"collection":[{"href":"https:\/\/nextsnkr.com\/no\/wp-json\/wp\/v2\/product"}],"about":[{"href":"https:\/\/nextsnkr.com\/no\/wp-json\/wp\/v2\/types\/product"}],"replies":[{"embeddable":true,"href":"https:\/\/nextsnkr.com\/no\/wp-json\/wp\/v2\/comments?post=579367"}],"version-history":[{"count":0,"href":"https:\/\/nextsnkr.com\/no\/wp-json\/wp\/v2\/product\/579367\/revisions"}],"wp:featuredmedia":[{"embeddable":true,"href":"https:\/\/nextsnkr.com\/no\/wp-json\/wp\/v2\/media\/579368"}],"wp:attachment":[{"href":"https:\/\/nextsnkr.com\/no\/wp-json\/wp\/v2\/media?parent=579367"}],"wp:term":[{"taxonomy":"product_brand","embeddable":true,"href":"https:\/\/nextsnkr.com\/no\/wp-json\/wp\/v2\/product_brand?post=579367"},{"taxonomy":"product_cat","embeddable":true,"href":"https:\/\/nextsnkr.com\/no\/wp-json\/wp\/v2\/product_cat?post=579367"},{"taxonomy":"product_tag","embeddable":true,"href":"https:\/\/nextsnkr.com\/no\/wp-json\/wp\/v2\/product_tag?post=579367"}],"curies":[{"name":"wp","href":"https:\/\/api.w.org\/{rel}","templated":true}]}}