{"id":578347,"date":"2025-06-23T08:59:53","date_gmt":"2025-06-23T05:59:53","guid":{"rendered":"https:\/\/nextsnkr.com\/product\/valentino-white\/"},"modified":"2026-02-01T12:47:35","modified_gmt":"2026-02-01T09:47:35","slug":"valentino-white","status":"publish","type":"product","link":"https:\/\/nextsnkr.com\/no\/produkt\/valentino-white\/","title":{"rendered":"Valentino hvite skinnsko for stilig og behagelig bruk"},"content":{"rendered":"<h2>Valentino hvite skinnsko for stilig og behagelig bruk<\/h2>\n<p>&nbsp;<\/p>\n<p>Valentino Hvite joggesko er laget av ekte l\u00e6r av h\u00f8y kvalitet, noe som sikrer holdbarhet og komfort hele dagen. Den stilige hvite designen gj\u00f8r modellen allsidig for et uformelt og urbant utseende. Den p\u00e5litelige s\u00e5len garanterer komfort mens du g\u00e5r, og f\u00f8rsteklasses materialer understreker elegansen og statusen Til Valentino-merket. Det perfekte valget for de som setter pris p\u00e5 stil, komfort og kvalitet i hvert trinn.<\/p>\n","protected":false},"excerpt":{"rendered":"<p>Valentino Hvite joggesko er laget av ekte l\u00e6r av h\u00f8y kvalitet, noe som sikrer holdbarhet og komfort hele dagen. Den stilige hvite designen gj\u00f8r modellen allsidig for et uformelt og urbant utseende. Den p\u00e5litelige s\u00e5len garanterer komfort mens du g\u00e5r, og f\u00f8rsteklasses materialer understreker elegansen og statusen Til Valentino-merket. Det perfekte valget for de som setter pris p\u00e5 stil, komfort og kvalitet i hvert trinn.<\/p>\n","protected":false},"featured_media":578348,"comment_status":"open","ping_status":"open","template":"","meta":[],"product_brand":[],"product_cat":[3277,3324],"product_tag":[],"class_list":{"0":"post-578347","1":"product","2":"type-product","3":"status-publish","4":"has-post-thumbnail","6":"product_cat-all-product","7":"product_cat-kedy","8":"pa_rozmir-910","9":"pa_rozmir-912","10":"pa_rozmir-914","11":"pa_rozmir-915","12":"pa_rozmir-916","13":"pa_rozmir-917","14":"pa_rozmir-918","15":"pa_rozmir-919","16":"pa_rozmir-920","17":"pa_rozmir-921","18":"pa_rozmir-922","20":"first","21":"instock","22":"purchasable","23":"product-type-variable"},"_links":{"self":[{"href":"https:\/\/nextsnkr.com\/no\/wp-json\/wp\/v2\/product\/578347","targetHints":{"allow":["GET"]}}],"collection":[{"href":"https:\/\/nextsnkr.com\/no\/wp-json\/wp\/v2\/product"}],"about":[{"href":"https:\/\/nextsnkr.com\/no\/wp-json\/wp\/v2\/types\/product"}],"replies":[{"embeddable":true,"href":"https:\/\/nextsnkr.com\/no\/wp-json\/wp\/v2\/comments?post=578347"}],"version-history":[{"count":0,"href":"https:\/\/nextsnkr.com\/no\/wp-json\/wp\/v2\/product\/578347\/revisions"}],"wp:featuredmedia":[{"embeddable":true,"href":"https:\/\/nextsnkr.com\/no\/wp-json\/wp\/v2\/media\/578348"}],"wp:attachment":[{"href":"https:\/\/nextsnkr.com\/no\/wp-json\/wp\/v2\/media?parent=578347"}],"wp:term":[{"taxonomy":"product_brand","embeddable":true,"href":"https:\/\/nextsnkr.com\/no\/wp-json\/wp\/v2\/product_brand?post=578347"},{"taxonomy":"product_cat","embeddable":true,"href":"https:\/\/nextsnkr.com\/no\/wp-json\/wp\/v2\/product_cat?post=578347"},{"taxonomy":"product_tag","embeddable":true,"href":"https:\/\/nextsnkr.com\/no\/wp-json\/wp\/v2\/product_tag?post=578347"}],"curies":[{"name":"wp","href":"https:\/\/api.w.org\/{rel}","templated":true}]}}