{"id":859010,"date":"2025-06-11T23:18:55","date_gmt":"2025-06-11T20:18:55","guid":{"rendered":"https:\/\/nextsnkr.com\/product\/dior-boots-black-fur\/"},"modified":"2026-02-02T16:18:05","modified_gmt":"2026-02-02T13:18:05","slug":"dior-boots-black-fur","status":"publish","type":"product","link":"https:\/\/nextsnkr.com\/lv\/product\/dior-boots-black-fur\/","title":{"rendered":"Dior Boots Black Fur z\u0101baki-eleganti \u0101das ziemas z\u0101baki"},"content":{"rendered":"<h2>Dior Boots Black Fur z\u0101baki-eleganti \u0101das ziemas z\u0101baki<\/h2>\n<p>&nbsp;<\/p>\n<p>Dior Boots Black Fur z\u0101baki ir izgatavoti no augstas kvalit\u0101tes \u0101das, un tiem ir m\u012bksta ka\u017eok\u0101da siltumam un komfortam. \u0160is modelis apvieno augst\u0101k\u0101s kvalit\u0101tes Dior z\u012bmolu, stil\u012bgu dizainu un uzticam\u012bbu, ide\u0101li piem\u0113rots aukstam laikam un ikdienas valk\u0101\u0161anai. Z\u0101baki nodro\u0161ina \u0113rt\u012bbas, iztur\u012bbu un izce\u013c izsmalcin\u0101tu izskatu.<\/p>\n","protected":false},"excerpt":{"rendered":"<p>Dior Boots Black Fur z\u0101baki ir izgatavoti no augstas kvalit\u0101tes \u0101das, un tiem ir m\u012bksta ka\u017eok\u0101da siltumam un komfortam. \u0160is modelis apvieno augst\u0101k\u0101s kvalit\u0101tes Dior z\u012bmolu, stil\u012bgu dizainu un uzticam\u012bbu, ide\u0101li piem\u0113rots aukstam laikam un ikdienas valk\u0101\u0161anai. Z\u0101baki nodro\u0161ina \u0113rt\u012bbas, iztur\u012bbu un izce\u013c izsmalcin\u0101tu izskatu.<\/p>\n","protected":false},"featured_media":859011,"comment_status":"open","ping_status":"open","template":"","meta":[],"product_brand":[],"product_cat":[3251,3335],"product_tag":[],"class_list":{"0":"post-859010","1":"product","2":"type-product","3":"status-publish","4":"has-post-thumbnail","6":"product_cat-all-product","7":"product_cat-cherevyky","8":"pa_rozmir-910","9":"pa_rozmir-912","10":"pa_rozmir-914","11":"pa_rozmir-915","12":"pa_rozmir-916","13":"pa_rozmir-917","14":"pa_rozmir-918","15":"pa_rozmir-919","16":"pa_rozmir-920","17":"pa_rozmir-921","18":"pa_rozmir-922","20":"first","21":"onbackorder","22":"purchasable","23":"product-type-variable"},"_links":{"self":[{"href":"https:\/\/nextsnkr.com\/lv\/wp-json\/wp\/v2\/product\/859010","targetHints":{"allow":["GET"]}}],"collection":[{"href":"https:\/\/nextsnkr.com\/lv\/wp-json\/wp\/v2\/product"}],"about":[{"href":"https:\/\/nextsnkr.com\/lv\/wp-json\/wp\/v2\/types\/product"}],"replies":[{"embeddable":true,"href":"https:\/\/nextsnkr.com\/lv\/wp-json\/wp\/v2\/comments?post=859010"}],"version-history":[{"count":0,"href":"https:\/\/nextsnkr.com\/lv\/wp-json\/wp\/v2\/product\/859010\/revisions"}],"wp:featuredmedia":[{"embeddable":true,"href":"https:\/\/nextsnkr.com\/lv\/wp-json\/wp\/v2\/media\/859011"}],"wp:attachment":[{"href":"https:\/\/nextsnkr.com\/lv\/wp-json\/wp\/v2\/media?parent=859010"}],"wp:term":[{"taxonomy":"product_brand","embeddable":true,"href":"https:\/\/nextsnkr.com\/lv\/wp-json\/wp\/v2\/product_brand?post=859010"},{"taxonomy":"product_cat","embeddable":true,"href":"https:\/\/nextsnkr.com\/lv\/wp-json\/wp\/v2\/product_cat?post=859010"},{"taxonomy":"product_tag","embeddable":true,"href":"https:\/\/nextsnkr.com\/lv\/wp-json\/wp\/v2\/product_tag?post=859010"}],"curies":[{"name":"wp","href":"https:\/\/api.w.org\/{rel}","templated":true}]}}