{"id":858160,"date":"2025-06-11T23:20:10","date_gmt":"2025-06-11T20:20:10","guid":{"rendered":"https:\/\/nextsnkr.com\/product\/dior-black\/"},"modified":"2026-02-02T16:17:34","modified_gmt":"2026-02-02T13:17:34","slug":"dior-black","status":"publish","type":"product","link":"https:\/\/nextsnkr.com\/lv\/product\/dior-black\/","title":{"rendered":"Dior Black \u010d\u012bbas-z\u012bmola Dior elegant\u0101s \u0101das kedas"},"content":{"rendered":"<h2>Dior Black \u010d\u012bbas-z\u012bmola Dior elegant\u0101s \u0101das kedas<\/h2>\n<p>&nbsp;<\/p>\n<p>Kedas Dior Black izgatavoti no augstas kvalit\u0101tes \u0101das, kas nodro\u0161ina komfortu un iztur\u012bbu. Stil\u012bgs melns dizains uzsver presti\u017eu z\u012bmolu Dior un padara tos univers\u0101la izv\u0113le ikdienas n\u0113s\u0101\u0161anai. Vieglas, \u0113rtas un modernas, \u0161\u012bs \u010d\u012bbas lieliski apvieno est\u0113tiku un praktiskumu, pievienojot p\u0101rliec\u012bbu par jebkuru izskatu.<\/p>\n","protected":false},"excerpt":{"rendered":"<p>Kedas Dior Black izgatavoti no augstas kvalit\u0101tes \u0101das, kas nodro\u0161ina komfortu un iztur\u012bbu. Stil\u012bgs melns dizains uzsver presti\u017eu z\u012bmolu Dior un padara tos univers\u0101la izv\u0113le ikdienas n\u0113s\u0101\u0161anai. Vieglas, \u0113rtas un modernas, \u0161\u012bs \u010d\u012bbas lieliski apvieno est\u0113tiku un praktiskumu, pievienojot p\u0101rliec\u012bbu par jebkuru izskatu.<\/p>\n","protected":false},"featured_media":858161,"comment_status":"open","ping_status":"open","template":"","meta":[],"product_brand":[],"product_cat":[3251,3322],"product_tag":[],"class_list":{"0":"post-858160","1":"product","2":"type-product","3":"status-publish","4":"has-post-thumbnail","6":"product_cat-all-product","7":"product_cat-kedy","8":"pa_rozmir-910","9":"pa_rozmir-912","10":"pa_rozmir-914","11":"pa_rozmir-915","12":"pa_rozmir-916","13":"pa_rozmir-917","14":"pa_rozmir-918","15":"pa_rozmir-919","16":"pa_rozmir-920","17":"pa_rozmir-921","18":"pa_rozmir-922","20":"first","21":"instock","22":"purchasable","23":"product-type-variable"},"_links":{"self":[{"href":"https:\/\/nextsnkr.com\/lv\/wp-json\/wp\/v2\/product\/858160","targetHints":{"allow":["GET"]}}],"collection":[{"href":"https:\/\/nextsnkr.com\/lv\/wp-json\/wp\/v2\/product"}],"about":[{"href":"https:\/\/nextsnkr.com\/lv\/wp-json\/wp\/v2\/types\/product"}],"replies":[{"embeddable":true,"href":"https:\/\/nextsnkr.com\/lv\/wp-json\/wp\/v2\/comments?post=858160"}],"version-history":[{"count":0,"href":"https:\/\/nextsnkr.com\/lv\/wp-json\/wp\/v2\/product\/858160\/revisions"}],"wp:featuredmedia":[{"embeddable":true,"href":"https:\/\/nextsnkr.com\/lv\/wp-json\/wp\/v2\/media\/858161"}],"wp:attachment":[{"href":"https:\/\/nextsnkr.com\/lv\/wp-json\/wp\/v2\/media?parent=858160"}],"wp:term":[{"taxonomy":"product_brand","embeddable":true,"href":"https:\/\/nextsnkr.com\/lv\/wp-json\/wp\/v2\/product_brand?post=858160"},{"taxonomy":"product_cat","embeddable":true,"href":"https:\/\/nextsnkr.com\/lv\/wp-json\/wp\/v2\/product_cat?post=858160"},{"taxonomy":"product_tag","embeddable":true,"href":"https:\/\/nextsnkr.com\/lv\/wp-json\/wp\/v2\/product_tag?post=858160"}],"curies":[{"name":"wp","href":"https:\/\/api.w.org\/{rel}","templated":true}]}}