{"id":857990,"date":"2025-06-11T23:20:49","date_gmt":"2025-06-11T20:20:49","guid":{"rendered":"https:\/\/nextsnkr.com\/product\/dior-d-wander-sneaker-black\/"},"modified":"2026-02-02T16:17:30","modified_gmt":"2026-02-02T13:17:30","slug":"dior-d-wander-sneaker-black","status":"publish","type":"product","link":"https:\/\/nextsnkr.com\/lv\/product\/dior-d-wander-sneaker-black\/","title":{"rendered":"Dior D-Wander Sneaker Black \u010d\u012bbas-stil\u012bgas \u0101das un tekstila"},"content":{"rendered":"<h2>Dior D-Wander Sneaker Black \u010d\u012bbas-stil\u012bgas \u0101das un tekstila<\/h2>\n<p>&nbsp;<\/p>\n<p>Dior D-Wander Sneaker &#8220;black&#8221; \u010d\u012bbas apvieno \u0101du un tekstilizstr\u0101d\u0101jumus, lai nodro\u0161in\u0101tu komfortu un iztur\u012bbu. Dior z\u012bmola modelis nodro\u0161ina m\u016bsdien\u012bgu stilu un p\u0113das atbalstu ikdienas valk\u0101\u0161anas laik\u0101. Ide\u0101li, lai rad\u012btu elegantu un sportisku izskatu, \u0161\u012bs kedas izcels J\u016bsu gaumi un presti\u017eu, nodro\u0161inot p\u0101rliec\u012bbu par katru soli.<\/p>\n","protected":false},"excerpt":{"rendered":"<p>Dior D-Wander Sneaker &#8220;black&#8221; \u010d\u012bbas apvieno \u0101du un tekstilizstr\u0101d\u0101jumus, lai nodro\u0161in\u0101tu komfortu un iztur\u012bbu. Dior z\u012bmola modelis nodro\u0161ina m\u016bsdien\u012bgu stilu un p\u0113das atbalstu ikdienas valk\u0101\u0161anas laik\u0101. Ide\u0101li, lai rad\u012btu elegantu un sportisku izskatu, \u0161\u012bs kedas izcels J\u016bsu gaumi un presti\u017eu, nodro\u0161inot p\u0101rliec\u012bbu par katru soli.<\/p>\n","protected":false},"featured_media":857991,"comment_status":"open","ping_status":"open","template":"","meta":[],"product_brand":[],"product_cat":[3251,3252],"product_tag":[],"class_list":{"0":"post-857990","1":"product","2":"type-product","3":"status-publish","4":"has-post-thumbnail","6":"product_cat-all-product","7":"product_cat-krosivky","8":"pa_rozmir-910","9":"pa_rozmir-912","10":"pa_rozmir-914","11":"pa_rozmir-915","12":"pa_rozmir-916","13":"pa_rozmir-917","14":"pa_rozmir-918","15":"pa_rozmir-919","16":"pa_rozmir-920","17":"pa_rozmir-921","18":"pa_rozmir-922","20":"first","21":"onbackorder","22":"purchasable","23":"product-type-variable"},"_links":{"self":[{"href":"https:\/\/nextsnkr.com\/lv\/wp-json\/wp\/v2\/product\/857990","targetHints":{"allow":["GET"]}}],"collection":[{"href":"https:\/\/nextsnkr.com\/lv\/wp-json\/wp\/v2\/product"}],"about":[{"href":"https:\/\/nextsnkr.com\/lv\/wp-json\/wp\/v2\/types\/product"}],"replies":[{"embeddable":true,"href":"https:\/\/nextsnkr.com\/lv\/wp-json\/wp\/v2\/comments?post=857990"}],"version-history":[{"count":0,"href":"https:\/\/nextsnkr.com\/lv\/wp-json\/wp\/v2\/product\/857990\/revisions"}],"wp:featuredmedia":[{"embeddable":true,"href":"https:\/\/nextsnkr.com\/lv\/wp-json\/wp\/v2\/media\/857991"}],"wp:attachment":[{"href":"https:\/\/nextsnkr.com\/lv\/wp-json\/wp\/v2\/media?parent=857990"}],"wp:term":[{"taxonomy":"product_brand","embeddable":true,"href":"https:\/\/nextsnkr.com\/lv\/wp-json\/wp\/v2\/product_brand?post=857990"},{"taxonomy":"product_cat","embeddable":true,"href":"https:\/\/nextsnkr.com\/lv\/wp-json\/wp\/v2\/product_cat?post=857990"},{"taxonomy":"product_tag","embeddable":true,"href":"https:\/\/nextsnkr.com\/lv\/wp-json\/wp\/v2\/product_tag?post=857990"}],"curies":[{"name":"wp","href":"https:\/\/api.w.org\/{rel}","templated":true}]}}