{"id":854007,"date":"2025-06-11T23:01:07","date_gmt":"2025-06-11T20:01:07","guid":{"rendered":"https:\/\/nextsnkr.com\/product\/nike-pro-beige\/"},"modified":"2026-02-02T16:14:54","modified_gmt":"2026-02-02T13:14:54","slug":"nike-pro-beige","status":"publish","type":"product","link":"https:\/\/nextsnkr.com\/lv\/product\/nike-pro-beige\/","title":{"rendered":"Nike Pro Beige \u010d\u012bbas-stil\u012bgas \u0101das un tekstila \u010d\u012bbas"},"content":{"rendered":"<h2>Nike Pro Beige \u010d\u012bbas-stil\u012bgas \u0101das un tekstila \u010d\u012bbas<\/h2>\n<p>&nbsp;<\/p>\n<p>Nike Pro Beige \u010d\u012bbas apvieno komfortu, kvalit\u0101ti un stil\u012bgu dizainu ikdienas valk\u0101\u0161anai. \u0100das un tekstilizstr\u0101d\u0101jumu aug\u0161da\u013ca nodro\u0161ina iztur\u012bbu, ventil\u0101ciju un \u0113rtu piegul\u0161anu, savuk\u0101rt triecienu absorb\u0113jo\u0161\u0101 zole nodro\u0161ina maigumu un atbalstu kust\u012bbas laik\u0101. Univers\u0101l\u0101 smil\u0161kr\u0101sas kr\u0101sa padara modeli viegli savienojamu ar jebkuru ap\u0123\u0113rba stilu. Nike Pro Beige ir uzticama izv\u0113le akt\u012bvai un stil\u012bgai ikdienas dz\u012bvei.<\/p>\n","protected":false},"excerpt":{"rendered":"<p>Nike Pro Beige \u010d\u012bbas apvieno komfortu, kvalit\u0101ti un stil\u012bgu dizainu ikdienas valk\u0101\u0161anai. \u0100das un tekstilizstr\u0101d\u0101jumu aug\u0161da\u013ca nodro\u0161ina iztur\u012bbu, ventil\u0101ciju un \u0113rtu piegul\u0161anu, savuk\u0101rt triecienu absorb\u0113jo\u0161\u0101 zole nodro\u0161ina maigumu un atbalstu kust\u012bbas laik\u0101. Univers\u0101l\u0101 smil\u0161kr\u0101sas kr\u0101sa padara modeli viegli savienojamu ar jebkuru ap\u0123\u0113rba stilu. Nike Pro Beige ir uzticama izv\u0113le akt\u012bvai un stil\u012bgai ikdienas dz\u012bvei.<\/p>\n","protected":false},"featured_media":854008,"comment_status":"open","ping_status":"open","template":"","meta":[],"product_brand":[],"product_cat":[3251,3252],"product_tag":[],"class_list":{"0":"post-854007","1":"product","2":"type-product","3":"status-publish","4":"has-post-thumbnail","6":"product_cat-all-product","7":"product_cat-krosivky","8":"pa_rozmir-915","9":"pa_rozmir-916","10":"pa_rozmir-917","11":"pa_rozmir-918","12":"pa_rozmir-919","13":"pa_rozmir-920","14":"pa_rozmir-921","15":"pa_rozmir-922","17":"first","18":"instock","19":"purchasable","20":"product-type-variable"},"_links":{"self":[{"href":"https:\/\/nextsnkr.com\/lv\/wp-json\/wp\/v2\/product\/854007","targetHints":{"allow":["GET"]}}],"collection":[{"href":"https:\/\/nextsnkr.com\/lv\/wp-json\/wp\/v2\/product"}],"about":[{"href":"https:\/\/nextsnkr.com\/lv\/wp-json\/wp\/v2\/types\/product"}],"replies":[{"embeddable":true,"href":"https:\/\/nextsnkr.com\/lv\/wp-json\/wp\/v2\/comments?post=854007"}],"version-history":[{"count":0,"href":"https:\/\/nextsnkr.com\/lv\/wp-json\/wp\/v2\/product\/854007\/revisions"}],"wp:featuredmedia":[{"embeddable":true,"href":"https:\/\/nextsnkr.com\/lv\/wp-json\/wp\/v2\/media\/854008"}],"wp:attachment":[{"href":"https:\/\/nextsnkr.com\/lv\/wp-json\/wp\/v2\/media?parent=854007"}],"wp:term":[{"taxonomy":"product_brand","embeddable":true,"href":"https:\/\/nextsnkr.com\/lv\/wp-json\/wp\/v2\/product_brand?post=854007"},{"taxonomy":"product_cat","embeddable":true,"href":"https:\/\/nextsnkr.com\/lv\/wp-json\/wp\/v2\/product_cat?post=854007"},{"taxonomy":"product_tag","embeddable":true,"href":"https:\/\/nextsnkr.com\/lv\/wp-json\/wp\/v2\/product_tag?post=854007"}],"curies":[{"name":"wp","href":"https:\/\/api.w.org\/{rel}","templated":true}]}}